{"id":255,"date":"2024-09-02T21:00:18","date_gmt":"2024-09-02T19:00:18","guid":{"rendered":"https:\/\/lemonswing.fr\/?page_id=255"},"modified":"2025-09-11T20:15:40","modified_gmt":"2025-09-11T18:15:40","slug":"la-team-transmission","status":"publish","type":"page","link":"https:\/\/lemonswing.fr\/?page_id=255","title":{"rendered":"La Team Transmission"},"content":{"rendered":"\n<p>L&rsquo;association Lemon Swing ne salarie pas de professeur.es dipl\u00f4m\u00e9.es pour l&rsquo;organisation des cours \u00e0 l&rsquo;ann\u00e9e. La p\u00e9dagogie est assur\u00e9e par des b\u00e9n\u00e9voles de l&rsquo;association, toutes et tous passionn\u00e9.es et ayant plusieurs ann\u00e9es de pratique lindy hop, solo jazz voire m\u00eame d&rsquo;autres danses. <\/p>\n\n\n\t\t\t\t\t<div\n\t\t\t\t\t\tclass=\"wp-block-uagb-image-gallery uagb-block-1d5886b2     \"\n\t\t\t\t\t\tstyle=\"\"\n\t\t\t\t\t>\n\t\t\t\t\t\t\t\t\t\t\t<div class=\"spectra-image-gallery spectra-image-gallery__layout--grid spectra-image-gallery__layout--grid-col-4 spectra-image-gallery__layout--grid-col-tab-3 spectra-image-gallery__layout--grid-col-mob-3\">\n\t\t\t\t\t\t\t\t\t\t\t<div class='spectra-image-gallery__media-wrapper' data-spectra-gallery-image-id='376' tabindex=\"0\">\n\t\t\t\t\t\t\t<div class=\"spectra-image-gallery__media spectra-image-gallery__media--grid\">\n\t\t\t\t<picture>\n\t\t\t\t\t<source media=\"(min-width: 1024px)\" srcset=\"https:\/\/lemonswing.fr\/wp-content\/uploads\/2024\/09\/lflo-lemon-swing-transmetteurs-49-977x1024.jpg\">\n\t\t\t\t\t<source media=\"(min-width: 768px)\" srcset=\"https:\/\/lemonswing.fr\/wp-content\/uploads\/2024\/09\/lflo-lemon-swing-transmetteurs-49-977x1024.jpg\">\n\t\t\t\t\t<img decoding=\"async\" class=\"spectra-image-gallery__media-thumbnail spectra-image-gallery__media-thumbnail--grid\" src=\"https:\/\/lemonswing.fr\/wp-content\/uploads\/2024\/09\/lflo-lemon-swing-transmetteurs-49-286x300.jpg\" alt=\"\" loading=\"lazy\" \/>\n\t\t\t\t<\/picture>\n\t\t\t\t<div class=\"spectra-image-gallery__media-thumbnail-blurrer\"><\/div>\n\t\t\t\t\t\t\t\t\t\t\t<div class=\"spectra-image-gallery__media-thumbnail-caption-wrapper spectra-image-gallery__media-thumbnail-caption-wrapper--overlay\">\n\t\t\t\t\t\t\t\t\t\t\t<div class=\"spectra-image-gallery__media-thumbnail-caption spectra-image-gallery__media-thumbnail-caption--overlay\">\n\t\t\t\t\tAline\t\t\t\t<\/div>\n\t\t\t\t\t\t\t\t\t\t<\/div>\n\t\t\t\t\t\t\t\t\t<\/div>\n\t\t\t\t\t\t<\/div>\n\t\t\t\t\t\t<div class='spectra-image-gallery__media-wrapper' data-spectra-gallery-image-id='967' tabindex=\"0\">\n\t\t\t\t\t\t\t<div class=\"spectra-image-gallery__media spectra-image-gallery__media--grid\">\n\t\t\t\t<picture>\n\t\t\t\t\t<source media=\"(min-width: 1024px)\" srcset=\"https:\/\/lemonswing.fr\/wp-content\/uploads\/2025\/09\/3-1024x1024.png\">\n\t\t\t\t\t<source media=\"(min-width: 768px)\" srcset=\"https:\/\/lemonswing.fr\/wp-content\/uploads\/2025\/09\/3-1024x1024.png\">\n\t\t\t\t\t<img decoding=\"async\" class=\"spectra-image-gallery__media-thumbnail spectra-image-gallery__media-thumbnail--grid\" src=\"https:\/\/lemonswing.fr\/wp-content\/uploads\/2025\/09\/3-300x300.png\" alt=\"Micka\" loading=\"lazy\" \/>\n\t\t\t\t<\/picture>\n\t\t\t\t<div class=\"spectra-image-gallery__media-thumbnail-blurrer\"><\/div>\n\t\t\t\t\t\t\t\t\t\t\t<div class=\"spectra-image-gallery__media-thumbnail-caption-wrapper spectra-image-gallery__media-thumbnail-caption-wrapper--overlay\">\n\t\t\t\t\t\t\t\t\t\t\t<div class=\"spectra-image-gallery__media-thumbnail-caption spectra-image-gallery__media-thumbnail-caption--overlay\">\n\t\t\t\t\tMicka\t\t\t\t<\/div>\n\t\t\t\t\t\t\t\t\t\t<\/div>\n\t\t\t\t\t\t\t\t\t<\/div>\n\t\t\t\t\t\t<\/div>\n\t\t\t\t\t\t<div class='spectra-image-gallery__media-wrapper' data-spectra-gallery-image-id='375' tabindex=\"0\">\n\t\t\t\t\t\t\t<div class=\"spectra-image-gallery__media spectra-image-gallery__media--grid\">\n\t\t\t\t<picture>\n\t\t\t\t\t<source media=\"(min-width: 1024px)\" srcset=\"https:\/\/lemonswing.fr\/wp-content\/uploads\/2024\/09\/lflo-lemon-swing-transmetteurs-32-1-1024x827.jpg\">\n\t\t\t\t\t<source media=\"(min-width: 768px)\" srcset=\"https:\/\/lemonswing.fr\/wp-content\/uploads\/2024\/09\/lflo-lemon-swing-transmetteurs-32-1-1024x827.jpg\">\n\t\t\t\t\t<img decoding=\"async\" class=\"spectra-image-gallery__media-thumbnail spectra-image-gallery__media-thumbnail--grid\" src=\"https:\/\/lemonswing.fr\/wp-content\/uploads\/2024\/09\/lflo-lemon-swing-transmetteurs-32-1-300x242.jpg\" alt=\"\" loading=\"lazy\" \/>\n\t\t\t\t<\/picture>\n\t\t\t\t<div class=\"spectra-image-gallery__media-thumbnail-blurrer\"><\/div>\n\t\t\t\t\t\t\t\t\t\t\t<div class=\"spectra-image-gallery__media-thumbnail-caption-wrapper spectra-image-gallery__media-thumbnail-caption-wrapper--overlay\">\n\t\t\t\t\t\t\t\t\t\t\t<div class=\"spectra-image-gallery__media-thumbnail-caption spectra-image-gallery__media-thumbnail-caption--overlay\">\n\t\t\t\t\tSandrine\t\t\t\t<\/div>\n\t\t\t\t\t\t\t\t\t\t<\/div>\n\t\t\t\t\t\t\t\t\t<\/div>\n\t\t\t\t\t\t<\/div>\n\t\t\t\t\t\t<div class='spectra-image-gallery__media-wrapper' data-spectra-gallery-image-id='495' tabindex=\"0\">\n\t\t\t\t\t\t\t<div class=\"spectra-image-gallery__media spectra-image-gallery__media--grid\">\n\t\t\t\t<picture>\n\t\t\t\t\t<source media=\"(min-width: 1024px)\" srcset=\"https:\/\/lemonswing.fr\/wp-content\/uploads\/2024\/09\/Design-sans-titre-9-1024x1024.png\">\n\t\t\t\t\t<source media=\"(min-width: 768px)\" srcset=\"https:\/\/lemonswing.fr\/wp-content\/uploads\/2024\/09\/Design-sans-titre-9-1024x1024.png\">\n\t\t\t\t\t<img decoding=\"async\" class=\"spectra-image-gallery__media-thumbnail spectra-image-gallery__media-thumbnail--grid\" src=\"https:\/\/lemonswing.fr\/wp-content\/uploads\/2024\/09\/Design-sans-titre-9-300x300.png\" alt=\"Quentin\" loading=\"lazy\" \/>\n\t\t\t\t<\/picture>\n\t\t\t\t<div class=\"spectra-image-gallery__media-thumbnail-blurrer\"><\/div>\n\t\t\t\t\t\t\t\t\t\t\t<div class=\"spectra-image-gallery__media-thumbnail-caption-wrapper spectra-image-gallery__media-thumbnail-caption-wrapper--overlay\">\n\t\t\t\t\t\t\t\t\t\t\t<div class=\"spectra-image-gallery__media-thumbnail-caption spectra-image-gallery__media-thumbnail-caption--overlay\">\n\t\t\t\t\tQuentin\t\t\t\t<\/div>\n\t\t\t\t\t\t\t\t\t\t<\/div>\n\t\t\t\t\t\t\t\t\t<\/div>\n\t\t\t\t\t\t<\/div>\n\t\t\t\t\t\t<div class='spectra-image-gallery__media-wrapper' data-spectra-gallery-image-id='964' tabindex=\"0\">\n\t\t\t\t\t\t\t<div class=\"spectra-image-gallery__media spectra-image-gallery__media--grid\">\n\t\t\t\t<picture>\n\t\t\t\t\t<source media=\"(min-width: 1024px)\" srcset=\"https:\/\/lemonswing.fr\/wp-content\/uploads\/2025\/09\/5-1024x1024.png\">\n\t\t\t\t\t<source media=\"(min-width: 768px)\" srcset=\"https:\/\/lemonswing.fr\/wp-content\/uploads\/2025\/09\/5-1024x1024.png\">\n\t\t\t\t\t<img decoding=\"async\" class=\"spectra-image-gallery__media-thumbnail spectra-image-gallery__media-thumbnail--grid\" src=\"https:\/\/lemonswing.fr\/wp-content\/uploads\/2025\/09\/5-300x300.png\" alt=\"Lise\" loading=\"lazy\" \/>\n\t\t\t\t<\/picture>\n\t\t\t\t<div class=\"spectra-image-gallery__media-thumbnail-blurrer\"><\/div>\n\t\t\t\t\t\t\t\t\t\t\t<div class=\"spectra-image-gallery__media-thumbnail-caption-wrapper spectra-image-gallery__media-thumbnail-caption-wrapper--overlay\">\n\t\t\t\t\t\t\t\t\t\t\t<div class=\"spectra-image-gallery__media-thumbnail-caption spectra-image-gallery__media-thumbnail-caption--overlay\">\n\t\t\t\t\tLise\t\t\t\t<\/div>\n\t\t\t\t\t\t\t\t\t\t<\/div>\n\t\t\t\t\t\t\t\t\t<\/div>\n\t\t\t\t\t\t<\/div>\n\t\t\t\t\t\t<div class='spectra-image-gallery__media-wrapper' data-spectra-gallery-image-id='965' tabindex=\"0\">\n\t\t\t\t\t\t\t<div class=\"spectra-image-gallery__media spectra-image-gallery__media--grid\">\n\t\t\t\t<picture>\n\t\t\t\t\t<source media=\"(min-width: 1024px)\" srcset=\"https:\/\/lemonswing.fr\/wp-content\/uploads\/2025\/09\/1-1024x1024.png\">\n\t\t\t\t\t<source media=\"(min-width: 768px)\" srcset=\"https:\/\/lemonswing.fr\/wp-content\/uploads\/2025\/09\/1-1024x1024.png\">\n\t\t\t\t\t<img decoding=\"async\" class=\"spectra-image-gallery__media-thumbnail spectra-image-gallery__media-thumbnail--grid\" src=\"https:\/\/lemonswing.fr\/wp-content\/uploads\/2025\/09\/1-300x300.png\" alt=\"L\u00e9na\" loading=\"lazy\" \/>\n\t\t\t\t<\/picture>\n\t\t\t\t<div class=\"spectra-image-gallery__media-thumbnail-blurrer\"><\/div>\n\t\t\t\t\t\t\t\t\t\t\t<div class=\"spectra-image-gallery__media-thumbnail-caption-wrapper spectra-image-gallery__media-thumbnail-caption-wrapper--overlay\">\n\t\t\t\t\t\t\t\t\t\t\t<div class=\"spectra-image-gallery__media-thumbnail-caption spectra-image-gallery__media-thumbnail-caption--overlay\">\n\t\t\t\t\tL\u00e9na\t\t\t\t<\/div>\n\t\t\t\t\t\t\t\t\t\t<\/div>\n\t\t\t\t\t\t\t\t\t<\/div>\n\t\t\t\t\t\t<\/div>\n\t\t\t\t\t\t<div class='spectra-image-gallery__media-wrapper' data-spectra-gallery-image-id='966' tabindex=\"0\">\n\t\t\t\t\t\t\t<div class=\"spectra-image-gallery__media spectra-image-gallery__media--grid\">\n\t\t\t\t<picture>\n\t\t\t\t\t<source media=\"(min-width: 1024px)\" srcset=\"https:\/\/lemonswing.fr\/wp-content\/uploads\/2025\/09\/2-1024x1024.png\">\n\t\t\t\t\t<source media=\"(min-width: 768px)\" srcset=\"https:\/\/lemonswing.fr\/wp-content\/uploads\/2025\/09\/2-1024x1024.png\">\n\t\t\t\t\t<img decoding=\"async\" class=\"spectra-image-gallery__media-thumbnail spectra-image-gallery__media-thumbnail--grid\" src=\"https:\/\/lemonswing.fr\/wp-content\/uploads\/2025\/09\/2-300x300.png\" alt=\"Nina\" loading=\"lazy\" \/>\n\t\t\t\t<\/picture>\n\t\t\t\t<div class=\"spectra-image-gallery__media-thumbnail-blurrer\"><\/div>\n\t\t\t\t\t\t\t\t\t\t\t<div class=\"spectra-image-gallery__media-thumbnail-caption-wrapper spectra-image-gallery__media-thumbnail-caption-wrapper--overlay\">\n\t\t\t\t\t\t\t\t\t\t\t<div class=\"spectra-image-gallery__media-thumbnail-caption spectra-image-gallery__media-thumbnail-caption--overlay\">\n\t\t\t\t\tNina\t\t\t\t<\/div>\n\t\t\t\t\t\t\t\t\t\t<\/div>\n\t\t\t\t\t\t\t\t\t<\/div>\n\t\t\t\t\t\t<\/div>\n\t\t\t\t\t\t<div class='spectra-image-gallery__media-wrapper' data-spectra-gallery-image-id='968' tabindex=\"0\">\n\t\t\t\t\t\t\t<div class=\"spectra-image-gallery__media spectra-image-gallery__media--grid\">\n\t\t\t\t<picture>\n\t\t\t\t\t<source media=\"(min-width: 1024px)\" srcset=\"https:\/\/lemonswing.fr\/wp-content\/uploads\/2025\/09\/4-1024x1024.png\">\n\t\t\t\t\t<source media=\"(min-width: 768px)\" srcset=\"https:\/\/lemonswing.fr\/wp-content\/uploads\/2025\/09\/4-1024x1024.png\">\n\t\t\t\t\t<img decoding=\"async\" class=\"spectra-image-gallery__media-thumbnail spectra-image-gallery__media-thumbnail--grid\" src=\"https:\/\/lemonswing.fr\/wp-content\/uploads\/2025\/09\/4-300x300.png\" alt=\"Chantal\" loading=\"lazy\" \/>\n\t\t\t\t<\/picture>\n\t\t\t\t<div class=\"spectra-image-gallery__media-thumbnail-blurrer\"><\/div>\n\t\t\t\t\t\t\t\t\t\t\t<div class=\"spectra-image-gallery__media-thumbnail-caption-wrapper spectra-image-gallery__media-thumbnail-caption-wrapper--overlay\">\n\t\t\t\t\t\t\t\t\t\t\t<div class=\"spectra-image-gallery__media-thumbnail-caption spectra-image-gallery__media-thumbnail-caption--overlay\">\n\t\t\t\t\tChantal\t\t\t\t<\/div>\n\t\t\t\t\t\t\t\t\t\t<\/div>\n\t\t\t\t\t\t\t\t\t<\/div>\n\t\t\t\t\t\t<\/div>\n\t\t\t\t\t\t\t\t\t\t<\/div>\n\t\t\t\t\t\t\t\t\t\t\t\t\t\t\t\t\t\t<\/div>\n\t\t\t\t\t\t\t\t\t\n\n\n<p><\/p>\n\n\n\n<h2 class=\"wp-block-heading\"><strong>Transmettrices et transmetteurs par niveau<\/strong><\/h2>\n\n\n\n<h3 class=\"wp-block-heading\">Lindy Hop 1 : fondamentaux<\/h3>\n\n\n\n<p>Les cours de Lindy Hop 1 sont assur\u00e9s par L\u00e9na, Nina et Lise \u00e0 la salle de la Rotative, \u00e0 Buxerolles, le mardi de 19h \u00e0 20h15<\/p>\n\n\n\n<h3 class=\"wp-block-heading\">Lindy Hop 2 : approfondissement<\/h3>\n\n\n\n<p>Les cours de Lindy Hop 2 sont assur\u00e9s par L\u00e9na, Chantal et Nina \u00e0 la salle de la Rotative, \u00e0 Buxerolles, le mardi de 20h30 \u00e0 21h45<\/p>\n\n\n\n<h3 class=\"wp-block-heading\">Lindy Hop 2+ : approfondissement intense<\/h3>\n\n\n\n<p>Les cours de Lindy Hop 2+ sont assur\u00e9s par Micka et Aline au centre socioculturel de la Blaiserie, le lundi de 19h \u00e0 20h15.<\/p>\n\n\n\n<h3 class=\"wp-block-heading\">Lindy Hop 3 : exploration<\/h3>\n\n\n\n<p>Les cours de Lindy Hop 3 sont assur\u00e9s par Sandrine et Quentin au Clos des Rocs le mercredi de 20h15 \u00e0 21h30.<\/p>\n\n\n\n<h3 class=\"wp-block-heading\">Solo Jazz (tous niveaux)<\/h3>\n\n\n\n<p>Les cours de Solo Jazz sont assur\u00e9s par Micka et Quentin le mercredi de 19h \u00e0 20h au Clos des Rocs.<\/p>\n\n\n\n<p><\/p>\n","protected":false},"excerpt":{"rendered":"<p>L&rsquo;association Lemon Swing ne salarie pas de professeur.es dipl\u00f4m\u00e9.es pour l&rsquo;organisation des cours \u00e0 l&rsquo;ann\u00e9e. La p\u00e9dagogie est assur\u00e9e par des b\u00e9n\u00e9voles de l&rsquo;association, toutes et tous passionn\u00e9.es et ayant&#8230;<\/p>\n","protected":false},"author":2,"featured_media":490,"parent":0,"menu_order":0,"comment_status":"closed","ping_status":"closed","template":"","meta":{"_uag_custom_page_level_css":"","_EventAllDay":false,"_EventTimezone":"","_EventStartDate":"","_EventEndDate":"","_EventStartDateUTC":"","_EventEndDateUTC":"","_EventShowMap":false,"_EventShowMapLink":false,"_EventURL":"","_EventCost":"","_EventCostDescription":"","_EventCurrencySymbol":"","_EventCurrencyCode":"","_EventCurrencyPosition":"","_EventDateTimeSeparator":"","_EventTimeRangeSeparator":"","_EventOrganizerID":[],"_EventVenueID":[],"_OrganizerEmail":"","_OrganizerPhone":"","_OrganizerWebsite":"","_VenueAddress":"","_VenueCity":"","_VenueCountry":"","_VenueProvince":"","_VenueState":"","_VenueZip":"","_VenuePhone":"","_VenueURL":"","_VenueStateProvince":"","_VenueLat":"","_VenueLng":"","_VenueShowMap":false,"_VenueShowMapLink":false,"_kad_post_transparent":"","_kad_post_title":"","_kad_post_layout":"","_kad_post_sidebar_id":"","_kad_post_content_style":"","_kad_post_vertical_padding":"","_kad_post_feature":"","_kad_post_feature_position":"","_kad_post_header":false,"_kad_post_footer":false,"_starter_page_template":"","_wpcom_template_layout_category":[],"footnotes":""},"class_list":["post-255","page","type-page","status-publish","has-post-thumbnail","hentry"],"yoast_head":"<!-- This site is optimized with the Yoast SEO plugin v25.4 - https:\/\/yoast.com\/wordpress\/plugins\/seo\/ -->\n<title>La Team Transmission - Lemon Swing<\/title>\n<meta name=\"robots\" content=\"index, follow, max-snippet:-1, max-image-preview:large, max-video-preview:-1\" \/>\n<link rel=\"canonical\" href=\"https:\/\/lemonswing.fr\/?page_id=255\" \/>\n<meta property=\"og:locale\" content=\"fr_FR\" \/>\n<meta property=\"og:type\" content=\"article\" \/>\n<meta property=\"og:title\" content=\"La Team Transmission - Lemon Swing\" \/>\n<meta property=\"og:description\" content=\"L&rsquo;association Lemon Swing ne salarie pas de professeur.es dipl\u00f4m\u00e9.es pour l&rsquo;organisation des cours \u00e0 l&rsquo;ann\u00e9e. La p\u00e9dagogie est assur\u00e9e par des b\u00e9n\u00e9voles de l&rsquo;association, toutes et tous passionn\u00e9.es et ayant...\" \/>\n<meta property=\"og:url\" content=\"https:\/\/lemonswing.fr\/?page_id=255\" \/>\n<meta property=\"og:site_name\" content=\"Lemon Swing\" \/>\n<meta property=\"article:publisher\" content=\"https:\/\/www.facebook.com\/profile.php?id=61559849714052\" \/>\n<meta property=\"article:modified_time\" content=\"2025-09-11T18:15:40+00:00\" \/>\n<meta property=\"og:image\" content=\"https:\/\/lemonswing.fr\/wp-content\/uploads\/2024\/09\/Design-sans-titre-6-1024x512.png\" \/>\n\t<meta property=\"og:image:width\" content=\"1024\" \/>\n\t<meta property=\"og:image:height\" content=\"512\" \/>\n\t<meta property=\"og:image:type\" content=\"image\/png\" \/>\n<meta name=\"twitter:card\" content=\"summary_large_image\" \/>\n<meta name=\"twitter:label1\" content=\"Dur\u00e9e de lecture estim\u00e9e\" \/>\n\t<meta name=\"twitter:data1\" content=\"2 minutes\" \/>\n<script type=\"application\/ld+json\" class=\"yoast-schema-graph\">{\"@context\":\"https:\/\/schema.org\",\"@graph\":[{\"@type\":\"WebPage\",\"@id\":\"https:\/\/lemonswing.fr\/?page_id=255\",\"url\":\"https:\/\/lemonswing.fr\/?page_id=255\",\"name\":\"La Team Transmission - Lemon Swing\",\"isPartOf\":{\"@id\":\"https:\/\/lemonswing.fr\/#website\"},\"primaryImageOfPage\":{\"@id\":\"https:\/\/lemonswing.fr\/?page_id=255#primaryimage\"},\"image\":{\"@id\":\"https:\/\/lemonswing.fr\/?page_id=255#primaryimage\"},\"thumbnailUrl\":\"https:\/\/lemonswing.fr\/wp-content\/uploads\/2024\/09\/Design-sans-titre-6.png\",\"datePublished\":\"2024-09-02T19:00:18+00:00\",\"dateModified\":\"2025-09-11T18:15:40+00:00\",\"breadcrumb\":{\"@id\":\"https:\/\/lemonswing.fr\/?page_id=255#breadcrumb\"},\"inLanguage\":\"fr-FR\",\"potentialAction\":[{\"@type\":\"ReadAction\",\"target\":[\"https:\/\/lemonswing.fr\/?page_id=255\"]}]},{\"@type\":\"ImageObject\",\"inLanguage\":\"fr-FR\",\"@id\":\"https:\/\/lemonswing.fr\/?page_id=255#primaryimage\",\"url\":\"https:\/\/lemonswing.fr\/wp-content\/uploads\/2024\/09\/Design-sans-titre-6.png\",\"contentUrl\":\"https:\/\/lemonswing.fr\/wp-content\/uploads\/2024\/09\/Design-sans-titre-6.png\",\"width\":6912,\"height\":3456,\"caption\":\"Photo de l'\u00e9quipe p\u00e9dagogique.\"},{\"@type\":\"BreadcrumbList\",\"@id\":\"https:\/\/lemonswing.fr\/?page_id=255#breadcrumb\",\"itemListElement\":[{\"@type\":\"ListItem\",\"position\":1,\"name\":\"Accueil\",\"item\":\"https:\/\/lemonswing.fr\/\"},{\"@type\":\"ListItem\",\"position\":2,\"name\":\"La Team Transmission\"}]},{\"@type\":\"WebSite\",\"@id\":\"https:\/\/lemonswing.fr\/#website\",\"url\":\"https:\/\/lemonswing.fr\/\",\"name\":\"Lemon Swing\",\"description\":\"\",\"publisher\":{\"@id\":\"https:\/\/lemonswing.fr\/#organization\"},\"potentialAction\":[{\"@type\":\"SearchAction\",\"target\":{\"@type\":\"EntryPoint\",\"urlTemplate\":\"https:\/\/lemonswing.fr\/?s={search_term_string}\"},\"query-input\":{\"@type\":\"PropertyValueSpecification\",\"valueRequired\":true,\"valueName\":\"search_term_string\"}}],\"inLanguage\":\"fr-FR\"},{\"@type\":\"Organization\",\"@id\":\"https:\/\/lemonswing.fr\/#organization\",\"name\":\"Lemon Swing\",\"url\":\"https:\/\/lemonswing.fr\/\",\"logo\":{\"@type\":\"ImageObject\",\"inLanguage\":\"fr-FR\",\"@id\":\"https:\/\/lemonswing.fr\/#\/schema\/logo\/image\/\",\"url\":\"https:\/\/lemonswing.fr\/wp-content\/uploads\/2024\/06\/cropped-cropped-Logo-Lemon-Swing-EXE-1-1-1.png\",\"contentUrl\":\"https:\/\/lemonswing.fr\/wp-content\/uploads\/2024\/06\/cropped-cropped-Logo-Lemon-Swing-EXE-1-1-1.png\",\"width\":2500,\"height\":1001,\"caption\":\"Lemon Swing\"},\"image\":{\"@id\":\"https:\/\/lemonswing.fr\/#\/schema\/logo\/image\/\"},\"sameAs\":[\"https:\/\/www.facebook.com\/profile.php?id=61559849714052\",\"https:\/\/www.instagram.com\/lemonswingpoitiers\/\"]}]}<\/script>\n<!-- \/ Yoast SEO plugin. -->","yoast_head_json":{"title":"La Team Transmission - Lemon Swing","robots":{"index":"index","follow":"follow","max-snippet":"max-snippet:-1","max-image-preview":"max-image-preview:large","max-video-preview":"max-video-preview:-1"},"canonical":"https:\/\/lemonswing.fr\/?page_id=255","og_locale":"fr_FR","og_type":"article","og_title":"La Team Transmission - Lemon Swing","og_description":"L&rsquo;association Lemon Swing ne salarie pas de professeur.es dipl\u00f4m\u00e9.es pour l&rsquo;organisation des cours \u00e0 l&rsquo;ann\u00e9e. La p\u00e9dagogie est assur\u00e9e par des b\u00e9n\u00e9voles de l&rsquo;association, toutes et tous passionn\u00e9.es et ayant...","og_url":"https:\/\/lemonswing.fr\/?page_id=255","og_site_name":"Lemon Swing","article_publisher":"https:\/\/www.facebook.com\/profile.php?id=61559849714052","article_modified_time":"2025-09-11T18:15:40+00:00","og_image":[{"width":1024,"height":512,"url":"https:\/\/lemonswing.fr\/wp-content\/uploads\/2024\/09\/Design-sans-titre-6-1024x512.png","type":"image\/png"}],"twitter_card":"summary_large_image","twitter_misc":{"Dur\u00e9e de lecture estim\u00e9e":"2 minutes"},"schema":{"@context":"https:\/\/schema.org","@graph":[{"@type":"WebPage","@id":"https:\/\/lemonswing.fr\/?page_id=255","url":"https:\/\/lemonswing.fr\/?page_id=255","name":"La Team Transmission - Lemon Swing","isPartOf":{"@id":"https:\/\/lemonswing.fr\/#website"},"primaryImageOfPage":{"@id":"https:\/\/lemonswing.fr\/?page_id=255#primaryimage"},"image":{"@id":"https:\/\/lemonswing.fr\/?page_id=255#primaryimage"},"thumbnailUrl":"https:\/\/lemonswing.fr\/wp-content\/uploads\/2024\/09\/Design-sans-titre-6.png","datePublished":"2024-09-02T19:00:18+00:00","dateModified":"2025-09-11T18:15:40+00:00","breadcrumb":{"@id":"https:\/\/lemonswing.fr\/?page_id=255#breadcrumb"},"inLanguage":"fr-FR","potentialAction":[{"@type":"ReadAction","target":["https:\/\/lemonswing.fr\/?page_id=255"]}]},{"@type":"ImageObject","inLanguage":"fr-FR","@id":"https:\/\/lemonswing.fr\/?page_id=255#primaryimage","url":"https:\/\/lemonswing.fr\/wp-content\/uploads\/2024\/09\/Design-sans-titre-6.png","contentUrl":"https:\/\/lemonswing.fr\/wp-content\/uploads\/2024\/09\/Design-sans-titre-6.png","width":6912,"height":3456,"caption":"Photo de l'\u00e9quipe p\u00e9dagogique."},{"@type":"BreadcrumbList","@id":"https:\/\/lemonswing.fr\/?page_id=255#breadcrumb","itemListElement":[{"@type":"ListItem","position":1,"name":"Accueil","item":"https:\/\/lemonswing.fr\/"},{"@type":"ListItem","position":2,"name":"La Team Transmission"}]},{"@type":"WebSite","@id":"https:\/\/lemonswing.fr\/#website","url":"https:\/\/lemonswing.fr\/","name":"Lemon Swing","description":"","publisher":{"@id":"https:\/\/lemonswing.fr\/#organization"},"potentialAction":[{"@type":"SearchAction","target":{"@type":"EntryPoint","urlTemplate":"https:\/\/lemonswing.fr\/?s={search_term_string}"},"query-input":{"@type":"PropertyValueSpecification","valueRequired":true,"valueName":"search_term_string"}}],"inLanguage":"fr-FR"},{"@type":"Organization","@id":"https:\/\/lemonswing.fr\/#organization","name":"Lemon Swing","url":"https:\/\/lemonswing.fr\/","logo":{"@type":"ImageObject","inLanguage":"fr-FR","@id":"https:\/\/lemonswing.fr\/#\/schema\/logo\/image\/","url":"https:\/\/lemonswing.fr\/wp-content\/uploads\/2024\/06\/cropped-cropped-Logo-Lemon-Swing-EXE-1-1-1.png","contentUrl":"https:\/\/lemonswing.fr\/wp-content\/uploads\/2024\/06\/cropped-cropped-Logo-Lemon-Swing-EXE-1-1-1.png","width":2500,"height":1001,"caption":"Lemon Swing"},"image":{"@id":"https:\/\/lemonswing.fr\/#\/schema\/logo\/image\/"},"sameAs":["https:\/\/www.facebook.com\/profile.php?id=61559849714052","https:\/\/www.instagram.com\/lemonswingpoitiers\/"]}]}},"uagb_featured_image_src":{"full":["https:\/\/lemonswing.fr\/wp-content\/uploads\/2024\/09\/Design-sans-titre-6.png",6912,3456,false],"thumbnail":["https:\/\/lemonswing.fr\/wp-content\/uploads\/2024\/09\/Design-sans-titre-6-150x150.png",150,150,true],"medium":["https:\/\/lemonswing.fr\/wp-content\/uploads\/2024\/09\/Design-sans-titre-6-300x150.png",300,150,true],"medium_large":["https:\/\/lemonswing.fr\/wp-content\/uploads\/2024\/09\/Design-sans-titre-6-768x384.png",768,384,true],"large":["https:\/\/lemonswing.fr\/wp-content\/uploads\/2024\/09\/Design-sans-titre-6-1024x512.png",1024,512,true],"1536x1536":["https:\/\/lemonswing.fr\/wp-content\/uploads\/2024\/09\/Design-sans-titre-6-1536x768.png",1536,768,true],"2048x2048":["https:\/\/lemonswing.fr\/wp-content\/uploads\/2024\/09\/Design-sans-titre-6-2048x1024.png",2048,1024,true],"newspack-article-block-landscape-large":["https:\/\/lemonswing.fr\/wp-content\/uploads\/2024\/09\/Design-sans-titre-6-1200x900.png",1200,900,true],"newspack-article-block-portrait-large":["https:\/\/lemonswing.fr\/wp-content\/uploads\/2024\/09\/Design-sans-titre-6-900x1200.png",900,1200,true],"newspack-article-block-square-large":["https:\/\/lemonswing.fr\/wp-content\/uploads\/2024\/09\/Design-sans-titre-6-1200x1200.png",1200,1200,true],"newspack-article-block-landscape-medium":["https:\/\/lemonswing.fr\/wp-content\/uploads\/2024\/09\/Design-sans-titre-6-800x600.png",800,600,true],"newspack-article-block-portrait-medium":["https:\/\/lemonswing.fr\/wp-content\/uploads\/2024\/09\/Design-sans-titre-6-600x800.png",600,800,true],"newspack-article-block-square-medium":["https:\/\/lemonswing.fr\/wp-content\/uploads\/2024\/09\/Design-sans-titre-6-800x800.png",800,800,true],"newspack-article-block-landscape-intermediate":["https:\/\/lemonswing.fr\/wp-content\/uploads\/2024\/09\/Design-sans-titre-6-600x450.png",600,450,true],"newspack-article-block-portrait-intermediate":["https:\/\/lemonswing.fr\/wp-content\/uploads\/2024\/09\/Design-sans-titre-6-450x600.png",450,600,true],"newspack-article-block-square-intermediate":["https:\/\/lemonswing.fr\/wp-content\/uploads\/2024\/09\/Design-sans-titre-6-600x600.png",600,600,true],"newspack-article-block-landscape-small":["https:\/\/lemonswing.fr\/wp-content\/uploads\/2024\/09\/Design-sans-titre-6-400x300.png",400,300,true],"newspack-article-block-portrait-small":["https:\/\/lemonswing.fr\/wp-content\/uploads\/2024\/09\/Design-sans-titre-6-300x400.png",300,400,true],"newspack-article-block-square-small":["https:\/\/lemonswing.fr\/wp-content\/uploads\/2024\/09\/Design-sans-titre-6-400x400.png",400,400,true],"newspack-article-block-landscape-tiny":["https:\/\/lemonswing.fr\/wp-content\/uploads\/2024\/09\/Design-sans-titre-6-200x150.png",200,150,true],"newspack-article-block-portrait-tiny":["https:\/\/lemonswing.fr\/wp-content\/uploads\/2024\/09\/Design-sans-titre-6-150x200.png",150,200,true],"newspack-article-block-square-tiny":["https:\/\/lemonswing.fr\/wp-content\/uploads\/2024\/09\/Design-sans-titre-6-200x200.png",200,200,true],"newspack-article-block-uncropped":["https:\/\/lemonswing.fr\/wp-content\/uploads\/2024\/09\/Design-sans-titre-6-1200x600.png",1200,600,true]},"uagb_author_info":{"display_name":"lelaumic","author_link":"https:\/\/lemonswing.fr\/?author=2"},"uagb_comment_info":0,"uagb_excerpt":"L&rsquo;association Lemon Swing ne salarie pas de professeur.es dipl\u00f4m\u00e9.es pour l&rsquo;organisation des cours \u00e0 l&rsquo;ann\u00e9e. La p\u00e9dagogie est assur\u00e9e par des b\u00e9n\u00e9voles de l&rsquo;association, toutes et tous passionn\u00e9.es et ayant...","_links":{"self":[{"href":"https:\/\/lemonswing.fr\/index.php?rest_route=\/wp\/v2\/pages\/255","targetHints":{"allow":["GET"]}}],"collection":[{"href":"https:\/\/lemonswing.fr\/index.php?rest_route=\/wp\/v2\/pages"}],"about":[{"href":"https:\/\/lemonswing.fr\/index.php?rest_route=\/wp\/v2\/types\/page"}],"author":[{"embeddable":true,"href":"https:\/\/lemonswing.fr\/index.php?rest_route=\/wp\/v2\/users\/2"}],"replies":[{"embeddable":true,"href":"https:\/\/lemonswing.fr\/index.php?rest_route=%2Fwp%2Fv2%2Fcomments&post=255"}],"version-history":[{"count":18,"href":"https:\/\/lemonswing.fr\/index.php?rest_route=\/wp\/v2\/pages\/255\/revisions"}],"predecessor-version":[{"id":969,"href":"https:\/\/lemonswing.fr\/index.php?rest_route=\/wp\/v2\/pages\/255\/revisions\/969"}],"wp:featuredmedia":[{"embeddable":true,"href":"https:\/\/lemonswing.fr\/index.php?rest_route=\/wp\/v2\/media\/490"}],"wp:attachment":[{"href":"https:\/\/lemonswing.fr\/index.php?rest_route=%2Fwp%2Fv2%2Fmedia&parent=255"}],"curies":[{"name":"wp","href":"https:\/\/api.w.org\/{rel}","templated":true}]}}