{"id":279,"date":"2024-09-02T21:08:09","date_gmt":"2024-09-02T19:08:09","guid":{"rendered":"https:\/\/lemonswing.fr\/?page_id=279"},"modified":"2025-07-01T17:42:17","modified_gmt":"2025-07-01T15:42:17","slug":"lindy-hop","status":"publish","type":"page","link":"https:\/\/lemonswing.fr\/?page_id=279","title":{"rendered":"Lindy Hop"},"content":{"rendered":"\n<h2 class=\"wp-block-heading\" style=\"font-style:normal;font-weight:1000\"><strong>Histoire<\/strong><\/h2>\n\n\n\n<p>Le Lindy Hop est une danse de soci\u00e9t\u00e9 afro-am\u00e9ricaine n\u00e9e au milieu des ann\u00e9es 1920 \u00e0 Harlem (New York). Le Lindy Hop est une des danses, avec le Jazz Roots notamment, qui ont \u00e9merg\u00e9 de la musique swing, courant du jazz en vogue \u00e0 cette \u00e9poque. Il s\u2019est en particulier d\u00e9ploy\u00e9 \u00e0 partir de l\u2019ouverture du Savoy Ballroom en 1926. Ce club se voulait un lieu raffin\u00e9 et non discriminatoire, contrairement aux autres clubs qui pratiquaient la s\u00e9gr\u00e9gation. <\/p>\n\n\n\n<p>Le Lindy Hop a connu un regain de popularit\u00e9 et de m\u00e9diatisation \u00e0 partir des ann\u00e9es 1980, \u00e0 la suite de la forte implication de plusieurs danseurs et danseuses ayant particip\u00e9 \u00e0 son d\u00e9veloppement pendant l\u2019\u00e8re swing, comme Frankie Manning, Norma Miller et Al Minns. Il existe aujourd\u2019hui de nombreuses sc\u00e8nes o\u00f9 le Lindy Hop existe et se transforme dans le cadre d\u2019\u00e9v\u00e9nements festifs locaux et internationaux.<\/p>\n\n\n\n<h2 class=\"wp-block-heading\">En vid\u00e9o<\/h2>\n\n\n\n<figure class=\"wp-block-embed is-type-video is-provider-youtube wp-block-embed-youtube wp-embed-aspect-4-3 wp-has-aspect-ratio\"><div class=\"wp-block-embed__wrapper\">\n<iframe loading=\"lazy\" title=\"Whiteys Lindy Hoppers .. Hellzapoppin.\" width=\"720\" height=\"540\" src=\"https:\/\/www.youtube.com\/embed\/ahoJReiCaPk?feature=oembed\" frameborder=\"0\" allow=\"accelerometer; autoplay; clipboard-write; encrypted-media; gyroscope; picture-in-picture; web-share\" referrerpolicy=\"strict-origin-when-cross-origin\" allowfullscreen><\/iframe>\n<\/div><\/figure>\n\n\n\n<div style=\"height:28px\" aria-hidden=\"true\" class=\"wp-block-spacer\"><\/div>\n\n\n\n<figure class=\"wp-block-embed is-type-video is-provider-youtube wp-block-embed-youtube wp-embed-aspect-16-9 wp-has-aspect-ratio\"><div class=\"wp-block-embed__wrapper\">\n<iframe loading=\"lazy\" title=\"Pavli &amp; Peter - Like It Is | Heart Of Dixie\" width=\"720\" height=\"405\" src=\"https:\/\/www.youtube.com\/embed\/Luw1BMhmpvQ?feature=oembed\" frameborder=\"0\" allow=\"accelerometer; autoplay; clipboard-write; encrypted-media; gyroscope; picture-in-picture; web-share\" referrerpolicy=\"strict-origin-when-cross-origin\" allowfullscreen><\/iframe>\n<\/div><\/figure>\n\n\n\n<div style=\"height:28px\" aria-hidden=\"true\" class=\"wp-block-spacer\"><\/div>\n\n\n\n<h2 class=\"wp-block-heading\">Inscriptions et tarifs<\/h2>\n\n\n\n<div class=\"wp-block-buttons is-content-justification-center is-layout-flex wp-container-core-buttons-is-layout-16018d1d wp-block-buttons-is-layout-flex\">\n<div class=\"wp-block-button has-custom-width wp-block-button__width-75\"><a class=\"wp-block-button__link has-theme-palette-9-color has-text-color has-background has-link-color has-text-align-center wp-element-button\" href=\"https:\/\/framaforms.org\/pre-inscriptions-lemon-swing-2025-2026-1750791864\" style=\"background-color:#9967fe\"><strong>Pr\u00e9-inscriptions 2025 &#8211; 2026 : cliquez ici<\/strong><\/a><\/div>\n<\/div>\n\n\n\n<p>L&rsquo;adh\u00e9sion (15 euros) est obligatoire pour pouvoir assister aux cours.<\/p>\n\n\n\n<p><strong>Premier cours de Lindy Hop<\/strong> : 150 \u20ac<br><strong>Cours de Solo Jazz <\/strong>: 120 \u20ac<br><strong>Cours suppl\u00e9mentaire Lindy Hop<\/strong> : 75 \u20ac<br><strong>Cours suppl\u00e9mentaire Solo Jazz<\/strong> : 60 \u20ac<\/p>\n\n\n\n<p>Il est possible de payer en trois fois sans frais.<\/p>\n\n\n\n<h2 class=\"wp-block-heading\">Planning 2025 &#8211; 2026<\/h2>\n\n\n\n<div class=\"wp-block-columns is-layout-flex wp-container-core-columns-is-layout-9d6595d7 wp-block-columns-is-layout-flex\">\n<div class=\"wp-block-column is-layout-flow wp-block-column-is-layout-flow\">\n<div class=\"wp-block-uagb-inline-notice uagb-inline_notice__align-center uagb-block-17e6dac3\"><button class=\"uagb-notice-close-button\" type=\"button\" aria-label=\"Close\"><\/button><h4 class=\"uagb-notice-title\">Lundi<\/h4><div class=\"uagb-notice-text\">\n<p class=\"has-small-font-size\"><em>Centre socioculturel de la Blaiserie<\/em>, Poitiers<\/p>\n\n\n\n<p class=\"has-text-align-center has-small-font-size\" style=\"border-style:none;border-width:0px;border-radius:0px\"><strong>19h &#8211; 20h15<\/strong><br><strong><em>APPROFONDISSEMENT<\/em> <em>INTENSE<\/em><br><\/strong>Aline et Micka<\/p>\n\n\n\n<p class=\"has-small-font-size\">20h15<br><em><strong>PRATIQUE LIBRE<\/strong><\/em><\/p>\n<\/div><\/div>\n<\/div>\n\n\n\n<div class=\"wp-block-column is-layout-flow wp-block-column-is-layout-flow\">\n<div class=\"wp-block-uagb-inline-notice uagb-inline_notice__align-center uagb-block-57f54aff\"><button class=\"uagb-notice-close-button\" type=\"button\" aria-label=\"Close\"><\/button><h4 class=\"uagb-notice-title\">Mardi<\/h4><div class=\"uagb-notice-text\">\n<p class=\"has-small-font-size\"><em>La Rotative<\/em>, Maison des Projets de Buxerolles<\/p>\n\n\n\n<p class=\"has-small-font-size\"><strong>19h &#8211; 20h15<\/strong><br><strong><em>FONDAMENTAUX<\/em><\/strong><br>L\u00e9na et Nina\/Lise<\/p>\n\n\n\n<p class=\"has-small-font-size\">20h30 &#8211; 21h45<br><em><strong>APPROFONDISSEMENT<\/strong><\/em><br>Chantal et Nina\/L\u00e9na<\/p>\n<\/div><\/div>\n<\/div>\n\n\n\n<div class=\"wp-block-column is-layout-flow wp-block-column-is-layout-flow\">\n<div class=\"wp-block-uagb-inline-notice uagb-inline_notice__align-center uagb-block-23723238\"><button class=\"uagb-notice-close-button\" type=\"button\" aria-label=\"Close\"><\/button><h4 class=\"uagb-notice-title\">Mercredi<\/h4><div class=\"uagb-notice-text\">\n<p class=\"has-small-font-size\"><em>Le Clos des Rocs<\/em>, Poitiers<\/p>\n\n\n\n<p class=\"has-small-font-size\"><strong>19h &#8211; 20<\/strong>h<br><strong><em>SOLO JAZZ<br><\/em><\/strong>Micka et Quentin<\/p>\n\n\n\n<p class=\"has-small-font-size\">20h15 &#8211; 21h30<br><em><strong>EXPLORATION<\/strong><\/em><br>Sandrine et Quentin<\/p>\n<\/div><\/div>\n<\/div>\n<\/div>\n\n\n\n<h2 class=\"wp-block-heading\">Niveaux 2025 &#8211; 2026<\/h2>\n\n\n\n<h3 class=\"wp-block-heading\">Niveau 1 \u2013 Fondamentaux<\/h3>\n\n\n\n<p>Tu d\u00e9butes totalement, tu vas apprendre les bases, le socle solide du lindy hop, les premiers pas, les premiers rythmes, l&rsquo;\u00e9coute de la musique, les origines de cette danse et tu vas apprendre \u00e0 danser avec l&rsquo;autre en changeant r\u00e9guli\u00e8rement de partenaire.<\/p>\n\n\n\n<p><strong>Lieu des cours de niveau 1 : <a data-type=\"link\" data-id=\"https:\/\/www.openstreetmap.org\/way\/87962298\" href=\"https:\/\/www.openstreetmap.org\/node\/1512517346\" target=\"_blank\" rel=\"noreferrer noopener\">Salle de la Rotative \u00e0 Buxerolles<\/a><\/strong><\/p>\n\n\n\n<h3 class=\"wp-block-heading\">Niveau 2 \u2013 Approfondissement<\/h3>\n\n\n\n<p>Tu poursuis ton apprentissage du Lindy Hop en douceur, tu revois les fondamentaux, les affines, tu commences \u00e0 enrichir ton vocabulaire dans un groupe qui a besoin de poser les bases tranquillou. Tu connais ton rythme d&rsquo;apprentissage et tu sais que tu as besoin d&rsquo;une approche plus tranquille, des passes tranquilles. Tu sais aussi que pour diverses raisons, tu ne pourras pas \u00eatre pr\u00e9sent.e \u00e0 chaque cours donc tu auras le temps de bien consolider tes fondamentaux. Tu y continueras ton \u00e9veil au solo jazz, \u00e0 la rythmique, \u00e0 la musicalit\u00e9 et \u00e0 l&rsquo;histoire de cette danse. Cette ann\u00e9e peut \u00eatre faite plusieurs fois.<\/p>\n\n\n\n<p><strong>Lieu des cours de niveau 2 : <a data-type=\"link\" data-id=\"https:\/\/www.openstreetmap.org\/way\/87962298\" href=\"https:\/\/www.openstreetmap.org\/way\/87962298\" target=\"_blank\" rel=\"noreferrer noopener\"><strong><a data-type=\"link\" data-id=\"https:\/\/www.openstreetmap.org\/way\/87962298\" href=\"https:\/\/www.openstreetmap.org\/node\/1512517346\" target=\"_blank\" rel=\"noreferrer noopener\">Salle de la Rotative \u00e0 Buxerolles<\/a><\/strong><\/a><\/strong><\/p>\n\n\n\n<h3 class=\"wp-block-heading\">Niveau 3 \u2013 Approfondissement \u00ab\u00a0intense\u00a0\u00bb<\/h3>\n\n\n\n<p>Tes fondamentaux commencent \u00e0 \u00eatre solides, tu es l\u00e0 \u00e0 chaque cours, tu veux progresser plus vite, tu vas aux soir\u00e9es, aux stages, tu vas r\u00e9guli\u00e8rement aux pratiques en plus de ton cours. Tu connais ton rythme d&rsquo;apprentissage, et tu sais qu&rsquo;il est plut\u00f4t rapide. Ici, on consolide et on perfectionne les fondamentaux et on y ajoute de nombreuses variations, jeux, styles&#8230;dans ce cours, tu y trouveras de la musicalit\u00e9, de la rythmique, du solo jazz et de l&rsquo;histoire de cette danse. Cette ann\u00e9e peut \u00eatre faite plusieurs fois.<\/p>\n\n\n\n<p><strong>Lieu des cours de niveau 3 : <a href=\"https:\/\/www.openstreetmap.org\/way\/87962298\" data-type=\"link\" data-id=\"https:\/\/www.openstreetmap.org\/way\/87962298\" target=\"_blank\" rel=\"noreferrer noopener\">Centre socioculturel de la Blaiserie (lien vers carte)<\/a><\/strong><\/p>\n\n\n\n<h3 class=\"wp-block-heading\">Niveau 4 \u2013 Exploration<\/h3>\n\n\n\n<p>Tes fondamentaux sont solides, la musicalit\u00e9, la rythmique sont des notions tr\u00e8s claires pour toi, tu commences \u00e0 switcher, \u00e0 improviser et \u00e0 vraiment \u00e9couter et jouer avec la musique sur diff\u00e9rents tempos, tu es plus \u00e0 l&rsquo;aise dans ta danser et avec celle de l&rsquo;autre. Ici tu vas pouvoir explorer, jouer, pousser encore plus&nbsp;ton Lindy et ta connexion avec&nbsp;l&rsquo;autre. Au programme : des passes avanc\u00e9es, du&nbsp;solo jazz,&nbsp;de la musicalit\u00e9 \u00e0 gogo, de la cr\u00e9ation et du partage avec&nbsp;des&nbsp;jams r\u00e9guli\u00e8res,&nbsp;c&rsquo;est un cours rigoureux qui te demande plus d&rsquo;investissement&nbsp;(des pratiques r\u00e9guli\u00e8res en plus des cours)&nbsp;pour passer un cap de plus dans la libert\u00e9 de ta danse.<\/p>\n\n\n\n<p><strong>Lieu des cours de niveau 4 : <a data-type=\"link\" data-id=\"https:\/\/www.openstreetmap.org\/way\/87962298\" href=\"https:\/\/www.openstreetmap.org\/way\/87962298\" target=\"_blank\" rel=\"noreferrer noopener\">Le Clos des Rocs (lien vers carte)<\/a><\/strong><\/p>\n\n\n\n<h2 class=\"wp-block-heading\">Le Lindy Hop par Lemon Swing<\/h2>\n\n\n\n<p><strong>Ce qui est importe pour nous dans la danse :&nbsp;Sensation &#8211; Relation &#8211; Cr\u00e9ation&nbsp;&#8211; Partage<\/strong>.<\/p>\n\n\n\n<p>La technique doit \u00eatre au service de tout \u00e7a, c&rsquo;est un langage commun (base) mais pas une finalit\u00e9. Nous essayons autant que possible d&rsquo;amener autant de musicalit\u00e9, de ressenti, d&rsquo;improvisation et de fun que de technique dans les cours. <\/p>\n\n\n\n<p>Bien s\u00fbr, chaque r\u00f4le, guide ou interpr\u00e8te est ind\u00e9pendant du genre, chacun doit choisir ce qui l&rsquo;attire le plus, ce qui lui convient le mieux.<\/p>\n\n\n\n<h3 class=\"wp-block-heading\">Important<\/h3>\n\n\n\n<p>A Lemon Swing, nous accordons une importance toute particuli\u00e8re au fait de dissocier le niveau de l&rsquo;ann\u00e9e de pratique. Par exemple, une personne en Lindy Hop 2 peut tout \u00e0 fait avoir pratiqu\u00e9 du swing pendant deux voire trois ans. Il est possible de rester plus qu&rsquo;une ann\u00e9e en Lindy Hop 2, par exemple, pour consolider l&rsquo;apprentissage de votre pratique.<\/p>\n\n\n\n<p><\/p>\n","protected":false},"excerpt":{"rendered":"<p>Histoire Le Lindy Hop est une danse de soci\u00e9t\u00e9 afro-am\u00e9ricaine n\u00e9e au milieu des ann\u00e9es 1920 \u00e0 Harlem (New York). Le Lindy Hop est une des danses, avec le Jazz&#8230;<\/p>\n","protected":false},"author":2,"featured_media":491,"parent":0,"menu_order":0,"comment_status":"closed","ping_status":"closed","template":"","meta":{"_uag_custom_page_level_css":"","_EventAllDay":false,"_EventTimezone":"","_EventStartDate":"","_EventEndDate":"","_EventStartDateUTC":"","_EventEndDateUTC":"","_EventShowMap":false,"_EventShowMapLink":false,"_EventURL":"","_EventCost":"","_EventCostDescription":"","_EventCurrencySymbol":"","_EventCurrencyCode":"","_EventCurrencyPosition":"","_EventDateTimeSeparator":"","_EventTimeRangeSeparator":"","_EventOrganizerID":[],"_EventVenueID":[],"_OrganizerEmail":"","_OrganizerPhone":"","_OrganizerWebsite":"","_VenueAddress":"","_VenueCity":"","_VenueCountry":"","_VenueProvince":"","_VenueState":"","_VenueZip":"","_VenuePhone":"","_VenueURL":"","_VenueStateProvince":"","_VenueLat":"","_VenueLng":"","_VenueShowMap":false,"_VenueShowMapLink":false,"_kad_post_transparent":"","_kad_post_title":"","_kad_post_layout":"","_kad_post_sidebar_id":"","_kad_post_content_style":"","_kad_post_vertical_padding":"","_kad_post_feature":"","_kad_post_feature_position":"","_kad_post_header":false,"_kad_post_footer":false,"_starter_page_template":"","_wpcom_template_layout_category":[],"footnotes":""},"class_list":["post-279","page","type-page","status-publish","has-post-thumbnail","hentry"],"yoast_head":"<!-- This site is optimized with the Yoast SEO plugin v25.4 - https:\/\/yoast.com\/wordpress\/plugins\/seo\/ -->\n<title>Lindy Hop - Lemon Swing<\/title>\n<meta name=\"robots\" content=\"index, follow, max-snippet:-1, max-image-preview:large, max-video-preview:-1\" \/>\n<link rel=\"canonical\" href=\"https:\/\/lemonswing.fr\/?page_id=279\" \/>\n<meta property=\"og:locale\" content=\"fr_FR\" \/>\n<meta property=\"og:type\" content=\"article\" \/>\n<meta property=\"og:title\" content=\"Lindy Hop - Lemon Swing\" \/>\n<meta property=\"og:description\" content=\"Histoire Le Lindy Hop est une danse de soci\u00e9t\u00e9 afro-am\u00e9ricaine n\u00e9e au milieu des ann\u00e9es 1920 \u00e0 Harlem (New York). Le Lindy Hop est une des danses, avec le Jazz...\" \/>\n<meta property=\"og:url\" content=\"https:\/\/lemonswing.fr\/?page_id=279\" \/>\n<meta property=\"og:site_name\" content=\"Lemon Swing\" \/>\n<meta property=\"article:publisher\" content=\"https:\/\/www.facebook.com\/profile.php?id=61559849714052\" \/>\n<meta property=\"article:modified_time\" content=\"2025-07-01T15:42:17+00:00\" \/>\n<meta property=\"og:image\" content=\"https:\/\/lemonswing.fr\/wp-content\/uploads\/2024\/09\/Design-sans-titre-7-1024x512.png\" \/>\n\t<meta property=\"og:image:width\" content=\"1024\" \/>\n\t<meta property=\"og:image:height\" content=\"512\" \/>\n\t<meta property=\"og:image:type\" content=\"image\/png\" \/>\n<meta name=\"twitter:card\" content=\"summary_large_image\" \/>\n<meta name=\"twitter:label1\" content=\"Dur\u00e9e de lecture estim\u00e9e\" \/>\n\t<meta name=\"twitter:data1\" content=\"5 minutes\" \/>\n<script type=\"application\/ld+json\" class=\"yoast-schema-graph\">{\"@context\":\"https:\/\/schema.org\",\"@graph\":[{\"@type\":\"WebPage\",\"@id\":\"https:\/\/lemonswing.fr\/?page_id=279\",\"url\":\"https:\/\/lemonswing.fr\/?page_id=279\",\"name\":\"Lindy Hop - Lemon Swing\",\"isPartOf\":{\"@id\":\"https:\/\/lemonswing.fr\/#website\"},\"primaryImageOfPage\":{\"@id\":\"https:\/\/lemonswing.fr\/?page_id=279#primaryimage\"},\"image\":{\"@id\":\"https:\/\/lemonswing.fr\/?page_id=279#primaryimage\"},\"thumbnailUrl\":\"https:\/\/lemonswing.fr\/wp-content\/uploads\/2024\/09\/Design-sans-titre-7.png\",\"datePublished\":\"2024-09-02T19:08:09+00:00\",\"dateModified\":\"2025-07-01T15:42:17+00:00\",\"breadcrumb\":{\"@id\":\"https:\/\/lemonswing.fr\/?page_id=279#breadcrumb\"},\"inLanguage\":\"fr-FR\",\"potentialAction\":[{\"@type\":\"ReadAction\",\"target\":[\"https:\/\/lemonswing.fr\/?page_id=279\"]}]},{\"@type\":\"ImageObject\",\"inLanguage\":\"fr-FR\",\"@id\":\"https:\/\/lemonswing.fr\/?page_id=279#primaryimage\",\"url\":\"https:\/\/lemonswing.fr\/wp-content\/uploads\/2024\/09\/Design-sans-titre-7.png\",\"contentUrl\":\"https:\/\/lemonswing.fr\/wp-content\/uploads\/2024\/09\/Design-sans-titre-7.png\",\"width\":6912,\"height\":3456,\"caption\":\"Photo de deux danseurs.\"},{\"@type\":\"BreadcrumbList\",\"@id\":\"https:\/\/lemonswing.fr\/?page_id=279#breadcrumb\",\"itemListElement\":[{\"@type\":\"ListItem\",\"position\":1,\"name\":\"Accueil\",\"item\":\"https:\/\/lemonswing.fr\/\"},{\"@type\":\"ListItem\",\"position\":2,\"name\":\"Lindy Hop\"}]},{\"@type\":\"WebSite\",\"@id\":\"https:\/\/lemonswing.fr\/#website\",\"url\":\"https:\/\/lemonswing.fr\/\",\"name\":\"Lemon Swing\",\"description\":\"\",\"publisher\":{\"@id\":\"https:\/\/lemonswing.fr\/#organization\"},\"potentialAction\":[{\"@type\":\"SearchAction\",\"target\":{\"@type\":\"EntryPoint\",\"urlTemplate\":\"https:\/\/lemonswing.fr\/?s={search_term_string}\"},\"query-input\":{\"@type\":\"PropertyValueSpecification\",\"valueRequired\":true,\"valueName\":\"search_term_string\"}}],\"inLanguage\":\"fr-FR\"},{\"@type\":\"Organization\",\"@id\":\"https:\/\/lemonswing.fr\/#organization\",\"name\":\"Lemon Swing\",\"url\":\"https:\/\/lemonswing.fr\/\",\"logo\":{\"@type\":\"ImageObject\",\"inLanguage\":\"fr-FR\",\"@id\":\"https:\/\/lemonswing.fr\/#\/schema\/logo\/image\/\",\"url\":\"https:\/\/lemonswing.fr\/wp-content\/uploads\/2024\/06\/cropped-cropped-Logo-Lemon-Swing-EXE-1-1-1.png\",\"contentUrl\":\"https:\/\/lemonswing.fr\/wp-content\/uploads\/2024\/06\/cropped-cropped-Logo-Lemon-Swing-EXE-1-1-1.png\",\"width\":2500,\"height\":1001,\"caption\":\"Lemon Swing\"},\"image\":{\"@id\":\"https:\/\/lemonswing.fr\/#\/schema\/logo\/image\/\"},\"sameAs\":[\"https:\/\/www.facebook.com\/profile.php?id=61559849714052\",\"https:\/\/www.instagram.com\/lemonswingpoitiers\/\"]}]}<\/script>\n<!-- \/ Yoast SEO plugin. -->","yoast_head_json":{"title":"Lindy Hop - Lemon Swing","robots":{"index":"index","follow":"follow","max-snippet":"max-snippet:-1","max-image-preview":"max-image-preview:large","max-video-preview":"max-video-preview:-1"},"canonical":"https:\/\/lemonswing.fr\/?page_id=279","og_locale":"fr_FR","og_type":"article","og_title":"Lindy Hop - Lemon Swing","og_description":"Histoire Le Lindy Hop est une danse de soci\u00e9t\u00e9 afro-am\u00e9ricaine n\u00e9e au milieu des ann\u00e9es 1920 \u00e0 Harlem (New York). Le Lindy Hop est une des danses, avec le Jazz...","og_url":"https:\/\/lemonswing.fr\/?page_id=279","og_site_name":"Lemon Swing","article_publisher":"https:\/\/www.facebook.com\/profile.php?id=61559849714052","article_modified_time":"2025-07-01T15:42:17+00:00","og_image":[{"width":1024,"height":512,"url":"https:\/\/lemonswing.fr\/wp-content\/uploads\/2024\/09\/Design-sans-titre-7-1024x512.png","type":"image\/png"}],"twitter_card":"summary_large_image","twitter_misc":{"Dur\u00e9e de lecture estim\u00e9e":"5 minutes"},"schema":{"@context":"https:\/\/schema.org","@graph":[{"@type":"WebPage","@id":"https:\/\/lemonswing.fr\/?page_id=279","url":"https:\/\/lemonswing.fr\/?page_id=279","name":"Lindy Hop - Lemon Swing","isPartOf":{"@id":"https:\/\/lemonswing.fr\/#website"},"primaryImageOfPage":{"@id":"https:\/\/lemonswing.fr\/?page_id=279#primaryimage"},"image":{"@id":"https:\/\/lemonswing.fr\/?page_id=279#primaryimage"},"thumbnailUrl":"https:\/\/lemonswing.fr\/wp-content\/uploads\/2024\/09\/Design-sans-titre-7.png","datePublished":"2024-09-02T19:08:09+00:00","dateModified":"2025-07-01T15:42:17+00:00","breadcrumb":{"@id":"https:\/\/lemonswing.fr\/?page_id=279#breadcrumb"},"inLanguage":"fr-FR","potentialAction":[{"@type":"ReadAction","target":["https:\/\/lemonswing.fr\/?page_id=279"]}]},{"@type":"ImageObject","inLanguage":"fr-FR","@id":"https:\/\/lemonswing.fr\/?page_id=279#primaryimage","url":"https:\/\/lemonswing.fr\/wp-content\/uploads\/2024\/09\/Design-sans-titre-7.png","contentUrl":"https:\/\/lemonswing.fr\/wp-content\/uploads\/2024\/09\/Design-sans-titre-7.png","width":6912,"height":3456,"caption":"Photo de deux danseurs."},{"@type":"BreadcrumbList","@id":"https:\/\/lemonswing.fr\/?page_id=279#breadcrumb","itemListElement":[{"@type":"ListItem","position":1,"name":"Accueil","item":"https:\/\/lemonswing.fr\/"},{"@type":"ListItem","position":2,"name":"Lindy Hop"}]},{"@type":"WebSite","@id":"https:\/\/lemonswing.fr\/#website","url":"https:\/\/lemonswing.fr\/","name":"Lemon Swing","description":"","publisher":{"@id":"https:\/\/lemonswing.fr\/#organization"},"potentialAction":[{"@type":"SearchAction","target":{"@type":"EntryPoint","urlTemplate":"https:\/\/lemonswing.fr\/?s={search_term_string}"},"query-input":{"@type":"PropertyValueSpecification","valueRequired":true,"valueName":"search_term_string"}}],"inLanguage":"fr-FR"},{"@type":"Organization","@id":"https:\/\/lemonswing.fr\/#organization","name":"Lemon Swing","url":"https:\/\/lemonswing.fr\/","logo":{"@type":"ImageObject","inLanguage":"fr-FR","@id":"https:\/\/lemonswing.fr\/#\/schema\/logo\/image\/","url":"https:\/\/lemonswing.fr\/wp-content\/uploads\/2024\/06\/cropped-cropped-Logo-Lemon-Swing-EXE-1-1-1.png","contentUrl":"https:\/\/lemonswing.fr\/wp-content\/uploads\/2024\/06\/cropped-cropped-Logo-Lemon-Swing-EXE-1-1-1.png","width":2500,"height":1001,"caption":"Lemon Swing"},"image":{"@id":"https:\/\/lemonswing.fr\/#\/schema\/logo\/image\/"},"sameAs":["https:\/\/www.facebook.com\/profile.php?id=61559849714052","https:\/\/www.instagram.com\/lemonswingpoitiers\/"]}]}},"uagb_featured_image_src":{"full":["https:\/\/lemonswing.fr\/wp-content\/uploads\/2024\/09\/Design-sans-titre-7.png",6912,3456,false],"thumbnail":["https:\/\/lemonswing.fr\/wp-content\/uploads\/2024\/09\/Design-sans-titre-7-150x150.png",150,150,true],"medium":["https:\/\/lemonswing.fr\/wp-content\/uploads\/2024\/09\/Design-sans-titre-7-300x150.png",300,150,true],"medium_large":["https:\/\/lemonswing.fr\/wp-content\/uploads\/2024\/09\/Design-sans-titre-7-768x384.png",768,384,true],"large":["https:\/\/lemonswing.fr\/wp-content\/uploads\/2024\/09\/Design-sans-titre-7-1024x512.png",1024,512,true],"1536x1536":["https:\/\/lemonswing.fr\/wp-content\/uploads\/2024\/09\/Design-sans-titre-7-1536x768.png",1536,768,true],"2048x2048":["https:\/\/lemonswing.fr\/wp-content\/uploads\/2024\/09\/Design-sans-titre-7-2048x1024.png",2048,1024,true],"newspack-article-block-landscape-large":["https:\/\/lemonswing.fr\/wp-content\/uploads\/2024\/09\/Design-sans-titre-7-1200x900.png",1200,900,true],"newspack-article-block-portrait-large":["https:\/\/lemonswing.fr\/wp-content\/uploads\/2024\/09\/Design-sans-titre-7-900x1200.png",900,1200,true],"newspack-article-block-square-large":["https:\/\/lemonswing.fr\/wp-content\/uploads\/2024\/09\/Design-sans-titre-7-1200x1200.png",1200,1200,true],"newspack-article-block-landscape-medium":["https:\/\/lemonswing.fr\/wp-content\/uploads\/2024\/09\/Design-sans-titre-7-800x600.png",800,600,true],"newspack-article-block-portrait-medium":["https:\/\/lemonswing.fr\/wp-content\/uploads\/2024\/09\/Design-sans-titre-7-600x800.png",600,800,true],"newspack-article-block-square-medium":["https:\/\/lemonswing.fr\/wp-content\/uploads\/2024\/09\/Design-sans-titre-7-800x800.png",800,800,true],"newspack-article-block-landscape-intermediate":["https:\/\/lemonswing.fr\/wp-content\/uploads\/2024\/09\/Design-sans-titre-7-600x450.png",600,450,true],"newspack-article-block-portrait-intermediate":["https:\/\/lemonswing.fr\/wp-content\/uploads\/2024\/09\/Design-sans-titre-7-450x600.png",450,600,true],"newspack-article-block-square-intermediate":["https:\/\/lemonswing.fr\/wp-content\/uploads\/2024\/09\/Design-sans-titre-7-600x600.png",600,600,true],"newspack-article-block-landscape-small":["https:\/\/lemonswing.fr\/wp-content\/uploads\/2024\/09\/Design-sans-titre-7-400x300.png",400,300,true],"newspack-article-block-portrait-small":["https:\/\/lemonswing.fr\/wp-content\/uploads\/2024\/09\/Design-sans-titre-7-300x400.png",300,400,true],"newspack-article-block-square-small":["https:\/\/lemonswing.fr\/wp-content\/uploads\/2024\/09\/Design-sans-titre-7-400x400.png",400,400,true],"newspack-article-block-landscape-tiny":["https:\/\/lemonswing.fr\/wp-content\/uploads\/2024\/09\/Design-sans-titre-7-200x150.png",200,150,true],"newspack-article-block-portrait-tiny":["https:\/\/lemonswing.fr\/wp-content\/uploads\/2024\/09\/Design-sans-titre-7-150x200.png",150,200,true],"newspack-article-block-square-tiny":["https:\/\/lemonswing.fr\/wp-content\/uploads\/2024\/09\/Design-sans-titre-7-200x200.png",200,200,true],"newspack-article-block-uncropped":["https:\/\/lemonswing.fr\/wp-content\/uploads\/2024\/09\/Design-sans-titre-7-1200x600.png",1200,600,true]},"uagb_author_info":{"display_name":"lelaumic","author_link":"https:\/\/lemonswing.fr\/?author=2"},"uagb_comment_info":0,"uagb_excerpt":"Histoire Le Lindy Hop est une danse de soci\u00e9t\u00e9 afro-am\u00e9ricaine n\u00e9e au milieu des ann\u00e9es 1920 \u00e0 Harlem (New York). Le Lindy Hop est une des danses, avec le Jazz...","_links":{"self":[{"href":"https:\/\/lemonswing.fr\/index.php?rest_route=\/wp\/v2\/pages\/279","targetHints":{"allow":["GET"]}}],"collection":[{"href":"https:\/\/lemonswing.fr\/index.php?rest_route=\/wp\/v2\/pages"}],"about":[{"href":"https:\/\/lemonswing.fr\/index.php?rest_route=\/wp\/v2\/types\/page"}],"author":[{"embeddable":true,"href":"https:\/\/lemonswing.fr\/index.php?rest_route=\/wp\/v2\/users\/2"}],"replies":[{"embeddable":true,"href":"https:\/\/lemonswing.fr\/index.php?rest_route=%2Fwp%2Fv2%2Fcomments&post=279"}],"version-history":[{"count":17,"href":"https:\/\/lemonswing.fr\/index.php?rest_route=\/wp\/v2\/pages\/279\/revisions"}],"predecessor-version":[{"id":923,"href":"https:\/\/lemonswing.fr\/index.php?rest_route=\/wp\/v2\/pages\/279\/revisions\/923"}],"wp:featuredmedia":[{"embeddable":true,"href":"https:\/\/lemonswing.fr\/index.php?rest_route=\/wp\/v2\/media\/491"}],"wp:attachment":[{"href":"https:\/\/lemonswing.fr\/index.php?rest_route=%2Fwp%2Fv2%2Fmedia&parent=279"}],"curies":[{"name":"wp","href":"https:\/\/api.w.org\/{rel}","templated":true}]}}