{"id":281,"date":"2024-09-02T21:08:09","date_gmt":"2024-09-02T19:08:09","guid":{"rendered":"https:\/\/lemonswing.fr\/?page_id=281"},"modified":"2025-07-01T17:46:50","modified_gmt":"2025-07-01T15:46:50","slug":"solo-jazz","status":"publish","type":"page","link":"https:\/\/lemonswing.fr\/?page_id=281","title":{"rendered":"Solo Jazz"},"content":{"rendered":"\n<h2 class=\"wp-block-heading\">Histoire<\/h2>\n\n\n\n<p>Le&nbsp;<strong>jazz roots<\/strong>&nbsp;(aussi appel\u00e9 jazz authentique, jazz traditionnel ou jazz vernaculaire) est la danse&nbsp;afro-am\u00e9ricaine&nbsp;solo des ann\u00e9es&nbsp;swing&nbsp;(1920-1940), descendant de certaines&nbsp;danses africaines&nbsp;et du&nbsp;charleston, contemporain du&nbsp;Lindy Hop&nbsp;et des&nbsp;claquettes, et pr\u00e9curseur des danses de rues modernes telles que le&nbsp;funk&nbsp;et le&nbsp;hip-hop.<\/p>\n\n\n\n<p>Le terme \u00ab\u00a0Jazz Roots\u00a0\u00bb est l&rsquo;adaptation du terme&nbsp;Danse Vernaculaire&nbsp;appliqu\u00e9 au milieu du jazz pour diff\u00e9rencier la danse jazz des ann\u00e9es Swing de la&nbsp;danse jazz&nbsp;moderne (modern jazz) d\u00e9velopp\u00e9es \u00e0 partir des ann\u00e9es 1940 par des chor\u00e9graphes comme&nbsp;Jack Cole,&nbsp;Bob Fosse&nbsp;ou&nbsp;Matt Mattox, qui ont exp\u00e9riment\u00e9 des m\u00e9langes entre diff\u00e9rentes danses (danse classique, danses asiatiques, Claquettes) et fait perdre \u00e0 la danse son ancrage dans le sol, sa rythmique et sa relation intime avec la musique pour trouver une r\u00e9sonance plus sc\u00e9nique.<\/p>\n\n\n\n<h2 class=\"wp-block-heading\">Inscriptions et tarifs<\/h2>\n\n\n\n<div class=\"wp-block-buttons is-content-justification-center is-layout-flex wp-container-core-buttons-is-layout-16018d1d wp-block-buttons-is-layout-flex\">\n<div class=\"wp-block-button has-custom-width wp-block-button__width-75\"><a class=\"wp-block-button__link has-theme-palette-9-color has-text-color has-background has-link-color has-text-align-center wp-element-button\" href=\"https:\/\/framaforms.org\/pre-inscriptions-lemon-swing-2025-2026-1750791864\" style=\"background-color:#9967fe\" target=\"_blank\" rel=\"noreferrer noopener\"><strong>Pr\u00e9-inscriptions 2025 &#8211; 2026 : cliquez ici<\/strong><\/a><\/div>\n<\/div>\n\n\n\n<p>L&rsquo;adh\u00e9sion (15 euros) est obligatoire pour pouvoir assister aux cours.<\/p>\n\n\n\n<p><strong>Premier cours de Lindy Hop<\/strong> : 150 \u20ac<br><strong>Cours de Solo Jazz <\/strong>: 120 \u20ac<br><strong>Cours suppl\u00e9mentaire Lindy Hop<\/strong> : 75 \u20ac<br><strong>Cours suppl\u00e9mentaire Solo Jazz<\/strong> : 60 \u20ac<\/p>\n\n\n\n<p>Il est possible de payer en trois fois sans frais.<\/p>\n\n\n\n<h2 class=\"wp-block-heading\">Planning 2025 &#8211; 2026<\/h2>\n\n\n\n<div class=\"wp-block-columns is-layout-flex wp-container-core-columns-is-layout-9d6595d7 wp-block-columns-is-layout-flex\">\n<div class=\"wp-block-column is-layout-flow wp-block-column-is-layout-flow\">\n<div class=\"wp-block-uagb-inline-notice uagb-inline_notice__align-center uagb-block-17e6dac3\"><button class=\"uagb-notice-close-button\" type=\"button\" aria-label=\"Close\"><\/button><h4 class=\"uagb-notice-title\">Lundi<\/h4><div class=\"uagb-notice-text\">\n<p class=\"has-small-font-size\"><em>Centre socioculturel de la Blaiserie<\/em>, Poitiers<\/p>\n\n\n\n<p class=\"has-text-align-center has-small-font-size\" style=\"border-style:none;border-width:0px;border-radius:0px\"><strong>19h &#8211; 20h15<\/strong><br><strong><em>APPROFONDISSEMENT<\/em> <em>INTENSE<\/em><br><\/strong>Aline et Micka<\/p>\n\n\n\n<p class=\"has-small-font-size\">20h15<br><em><strong>PRATIQUE LIBRE<\/strong><\/em><\/p>\n<\/div><\/div>\n<\/div>\n\n\n\n<div class=\"wp-block-column is-layout-flow wp-block-column-is-layout-flow\">\n<div class=\"wp-block-uagb-inline-notice uagb-inline_notice__align-center uagb-block-57f54aff\"><button class=\"uagb-notice-close-button\" type=\"button\" aria-label=\"Close\"><\/button><h4 class=\"uagb-notice-title\">Mardi<\/h4><div class=\"uagb-notice-text\">\n<p class=\"has-small-font-size\"><em>La Rotative<\/em>, Maison des Projets de Buxerolles<\/p>\n\n\n\n<p class=\"has-small-font-size\"><strong>19h &#8211; 20h15<\/strong><br><strong><em>FONDAMENTAUX<\/em><\/strong><br>L\u00e9na et Nina\/Lise<\/p>\n\n\n\n<p class=\"has-small-font-size\">20h30 &#8211; 21h45<br><em><strong>APPROFONDISSEMENT<\/strong><\/em><br>Chantal et Nina\/L\u00e9na<\/p>\n<\/div><\/div>\n<\/div>\n\n\n\n<div class=\"wp-block-column is-layout-flow wp-block-column-is-layout-flow\">\n<div class=\"wp-block-uagb-inline-notice uagb-inline_notice__align-center uagb-block-23723238\"><button class=\"uagb-notice-close-button\" type=\"button\" aria-label=\"Close\"><\/button><h4 class=\"uagb-notice-title\">Mercredi<\/h4><div class=\"uagb-notice-text\">\n<p class=\"has-small-font-size\"><em>Le Clos des Rocs<\/em>, Poitiers<\/p>\n\n\n\n<p class=\"has-small-font-size\"><strong>19h &#8211; 20<\/strong>h<br><strong><em>SOLO JAZZ<br><\/em><\/strong>Micka et Quentin<\/p>\n\n\n\n<p class=\"has-small-font-size\">20h15 &#8211; 21h30<br><em><strong>EXPLORATION<\/strong><\/em><br>Sandrine et Quentin<\/p>\n<\/div><\/div>\n<\/div>\n<\/div>\n\n\n\n<h2 class=\"wp-block-heading\">En vid\u00e9o<\/h2>\n\n\n\n<figure class=\"wp-block-embed is-type-video is-provider-youtube wp-block-embed-youtube wp-embed-aspect-16-9 wp-has-aspect-ratio\"><div class=\"wp-block-embed__wrapper\">\n<iframe loading=\"lazy\" title=\"Jazz Roots Dance Festival Paris 2012 - Friday Teacher Intro with the Hot Sugar Band\" width=\"720\" height=\"405\" src=\"https:\/\/www.youtube.com\/embed\/PLI-Whtrdpc?feature=oembed\" frameborder=\"0\" allow=\"accelerometer; autoplay; clipboard-write; encrypted-media; gyroscope; picture-in-picture; web-share\" referrerpolicy=\"strict-origin-when-cross-origin\" allowfullscreen><\/iframe>\n<\/div><\/figure>\n\n\n\n<figure class=\"wp-block-embed is-type-video is-provider-youtube wp-block-embed-youtube wp-embed-aspect-16-9 wp-has-aspect-ratio\"><div class=\"wp-block-embed__wrapper\">\n<iframe loading=\"lazy\" title=\"Athens Rhythm Hop 2019 - Solo Jazz Competition\" width=\"720\" height=\"405\" src=\"https:\/\/www.youtube.com\/embed\/6uTnUWGjTrc?start=203&#038;feature=oembed\" frameborder=\"0\" allow=\"accelerometer; autoplay; clipboard-write; encrypted-media; gyroscope; picture-in-picture; web-share\" referrerpolicy=\"strict-origin-when-cross-origin\" allowfullscreen><\/iframe>\n<\/div><\/figure>\n\n\n\n<p>Des routines tr\u00e8s connues et pratiqu\u00e9es en \u00ab\u00a0social\u00a0\u00bb (terme qui d\u00e9signe les soir\u00e9es, bals et moments de pratique swing) comme le Shim Sham, Tranky Doo ou le Big Apple sont des danses historiques qui permettent aux danseuses et aux danseurs de se retrouver autour d&rsquo;une chor\u00e9graphies communes. Elles sont appel\u00e9es \u00ab\u00a0routines\u00a0\u00bb pour cette raison, et sont souvent enseign\u00e9es dans des cours. A Lemon Swing, l&rsquo;apprentissage du Shim Sham se fait au sein des cours de Solo Jazz, avant d&rsquo;aller plus loin.<\/p>\n\n\n\n<h3 class=\"wp-block-heading\">Le Shim Sham<\/h3>\n\n\n\n<figure class=\"wp-block-embed is-type-video is-provider-youtube wp-block-embed-youtube wp-embed-aspect-16-9 wp-has-aspect-ratio\"><div class=\"wp-block-embed__wrapper\">\n<iframe loading=\"lazy\" title=\"Lindyfest 2016 - Shim Sham\" width=\"720\" height=\"405\" src=\"https:\/\/www.youtube.com\/embed\/2cUPYkJQ29s?feature=oembed\" frameborder=\"0\" allow=\"accelerometer; autoplay; clipboard-write; encrypted-media; gyroscope; picture-in-picture; web-share\" referrerpolicy=\"strict-origin-when-cross-origin\" allowfullscreen><\/iframe>\n<\/div><\/figure>\n\n\n\n<h3 class=\"wp-block-heading\">Le Tranky Doo<\/h3>\n\n\n\n<figure class=\"wp-block-embed is-type-video is-provider-youtube wp-block-embed-youtube wp-embed-aspect-16-9 wp-has-aspect-ratio\"><div class=\"wp-block-embed__wrapper\">\n<iframe loading=\"lazy\" title=\"Tranky Doo - Jazz Steps - Black Bottom\" width=\"720\" height=\"405\" src=\"https:\/\/www.youtube.com\/embed\/Rxl8x7KW2dc?feature=oembed\" frameborder=\"0\" allow=\"accelerometer; autoplay; clipboard-write; encrypted-media; gyroscope; picture-in-picture; web-share\" referrerpolicy=\"strict-origin-when-cross-origin\" allowfullscreen><\/iframe>\n<\/div><\/figure>\n\n\n\n<h3 class=\"wp-block-heading\">Le Big Apple<\/h3>\n\n\n\n<figure class=\"wp-block-embed is-type-video is-provider-youtube wp-block-embed-youtube wp-embed-aspect-16-9 wp-has-aspect-ratio\"><div class=\"wp-block-embed__wrapper\">\n<iframe loading=\"lazy\" title=\"Milano Swing Team - Big Apple Routine\" width=\"720\" height=\"405\" src=\"https:\/\/www.youtube.com\/embed\/0WOwd75L8Bw?feature=oembed\" frameborder=\"0\" allow=\"accelerometer; autoplay; clipboard-write; encrypted-media; gyroscope; picture-in-picture; web-share\" referrerpolicy=\"strict-origin-when-cross-origin\" allowfullscreen><\/iframe>\n<\/div><\/figure>\n","protected":false},"excerpt":{"rendered":"<p>Histoire Le&nbsp;jazz roots&nbsp;(aussi appel\u00e9 jazz authentique, jazz traditionnel ou jazz vernaculaire) est la danse&nbsp;afro-am\u00e9ricaine&nbsp;solo des ann\u00e9es&nbsp;swing&nbsp;(1920-1940), descendant de certaines&nbsp;danses africaines&nbsp;et du&nbsp;charleston, contemporain du&nbsp;Lindy Hop&nbsp;et des&nbsp;claquettes, et pr\u00e9curseur des danses de&#8230;<\/p>\n","protected":false},"author":2,"featured_media":521,"parent":0,"menu_order":0,"comment_status":"closed","ping_status":"closed","template":"","meta":{"_uag_custom_page_level_css":"","_EventAllDay":false,"_EventTimezone":"","_EventStartDate":"","_EventEndDate":"","_EventStartDateUTC":"","_EventEndDateUTC":"","_EventShowMap":false,"_EventShowMapLink":false,"_EventURL":"","_EventCost":"","_EventCostDescription":"","_EventCurrencySymbol":"","_EventCurrencyCode":"","_EventCurrencyPosition":"","_EventDateTimeSeparator":"","_EventTimeRangeSeparator":"","_EventOrganizerID":[],"_EventVenueID":[],"_OrganizerEmail":"","_OrganizerPhone":"","_OrganizerWebsite":"","_VenueAddress":"","_VenueCity":"","_VenueCountry":"","_VenueProvince":"","_VenueState":"","_VenueZip":"","_VenuePhone":"","_VenueURL":"","_VenueStateProvince":"","_VenueLat":"","_VenueLng":"","_VenueShowMap":false,"_VenueShowMapLink":false,"_kad_post_transparent":"","_kad_post_title":"","_kad_post_layout":"","_kad_post_sidebar_id":"","_kad_post_content_style":"","_kad_post_vertical_padding":"","_kad_post_feature":"","_kad_post_feature_position":"","_kad_post_header":false,"_kad_post_footer":false,"_starter_page_template":"","_wpcom_template_layout_category":[],"footnotes":""},"class_list":["post-281","page","type-page","status-publish","has-post-thumbnail","hentry"],"yoast_head":"<!-- This site is optimized with the Yoast SEO plugin v25.4 - https:\/\/yoast.com\/wordpress\/plugins\/seo\/ -->\n<title>Solo Jazz - Lemon Swing<\/title>\n<meta name=\"robots\" content=\"index, follow, max-snippet:-1, max-image-preview:large, max-video-preview:-1\" \/>\n<link rel=\"canonical\" href=\"https:\/\/lemonswing.fr\/?page_id=281\" \/>\n<meta property=\"og:locale\" content=\"fr_FR\" \/>\n<meta property=\"og:type\" content=\"article\" \/>\n<meta property=\"og:title\" content=\"Solo Jazz - Lemon Swing\" \/>\n<meta property=\"og:description\" content=\"Histoire Le&nbsp;jazz roots&nbsp;(aussi appel\u00e9 jazz authentique, jazz traditionnel ou jazz vernaculaire) est la danse&nbsp;afro-am\u00e9ricaine&nbsp;solo des ann\u00e9es&nbsp;swing&nbsp;(1920-1940), descendant de certaines&nbsp;danses africaines&nbsp;et du&nbsp;charleston, contemporain du&nbsp;Lindy Hop&nbsp;et des&nbsp;claquettes, et pr\u00e9curseur des danses de...\" \/>\n<meta property=\"og:url\" content=\"https:\/\/lemonswing.fr\/?page_id=281\" \/>\n<meta property=\"og:site_name\" content=\"Lemon Swing\" \/>\n<meta property=\"article:publisher\" content=\"https:\/\/www.facebook.com\/profile.php?id=61559849714052\" \/>\n<meta property=\"article:modified_time\" content=\"2025-07-01T15:46:50+00:00\" \/>\n<meta property=\"og:image\" content=\"https:\/\/lemonswing.fr\/wp-content\/uploads\/2024\/09\/Design-sans-titre-13-1024x512.png\" \/>\n\t<meta property=\"og:image:width\" content=\"1024\" \/>\n\t<meta property=\"og:image:height\" content=\"512\" \/>\n\t<meta property=\"og:image:type\" content=\"image\/png\" \/>\n<meta name=\"twitter:card\" content=\"summary_large_image\" \/>\n<meta name=\"twitter:label1\" content=\"Dur\u00e9e de lecture estim\u00e9e\" \/>\n\t<meta name=\"twitter:data1\" content=\"2 minutes\" \/>\n<script type=\"application\/ld+json\" class=\"yoast-schema-graph\">{\"@context\":\"https:\/\/schema.org\",\"@graph\":[{\"@type\":\"WebPage\",\"@id\":\"https:\/\/lemonswing.fr\/?page_id=281\",\"url\":\"https:\/\/lemonswing.fr\/?page_id=281\",\"name\":\"Solo Jazz - Lemon Swing\",\"isPartOf\":{\"@id\":\"https:\/\/lemonswing.fr\/#website\"},\"primaryImageOfPage\":{\"@id\":\"https:\/\/lemonswing.fr\/?page_id=281#primaryimage\"},\"image\":{\"@id\":\"https:\/\/lemonswing.fr\/?page_id=281#primaryimage\"},\"thumbnailUrl\":\"https:\/\/lemonswing.fr\/wp-content\/uploads\/2024\/09\/Design-sans-titre-13.png\",\"datePublished\":\"2024-09-02T19:08:09+00:00\",\"dateModified\":\"2025-07-01T15:46:50+00:00\",\"breadcrumb\":{\"@id\":\"https:\/\/lemonswing.fr\/?page_id=281#breadcrumb\"},\"inLanguage\":\"fr-FR\",\"potentialAction\":[{\"@type\":\"ReadAction\",\"target\":[\"https:\/\/lemonswing.fr\/?page_id=281\"]}]},{\"@type\":\"ImageObject\",\"inLanguage\":\"fr-FR\",\"@id\":\"https:\/\/lemonswing.fr\/?page_id=281#primaryimage\",\"url\":\"https:\/\/lemonswing.fr\/wp-content\/uploads\/2024\/09\/Design-sans-titre-13.png\",\"contentUrl\":\"https:\/\/lemonswing.fr\/wp-content\/uploads\/2024\/09\/Design-sans-titre-13.png\",\"width\":6912,\"height\":3456,\"caption\":\"Groupe de danseurs et de danseuses qui dansent en solo mais ensemble.\"},{\"@type\":\"BreadcrumbList\",\"@id\":\"https:\/\/lemonswing.fr\/?page_id=281#breadcrumb\",\"itemListElement\":[{\"@type\":\"ListItem\",\"position\":1,\"name\":\"Accueil\",\"item\":\"https:\/\/lemonswing.fr\/\"},{\"@type\":\"ListItem\",\"position\":2,\"name\":\"Solo Jazz\"}]},{\"@type\":\"WebSite\",\"@id\":\"https:\/\/lemonswing.fr\/#website\",\"url\":\"https:\/\/lemonswing.fr\/\",\"name\":\"Lemon Swing\",\"description\":\"\",\"publisher\":{\"@id\":\"https:\/\/lemonswing.fr\/#organization\"},\"potentialAction\":[{\"@type\":\"SearchAction\",\"target\":{\"@type\":\"EntryPoint\",\"urlTemplate\":\"https:\/\/lemonswing.fr\/?s={search_term_string}\"},\"query-input\":{\"@type\":\"PropertyValueSpecification\",\"valueRequired\":true,\"valueName\":\"search_term_string\"}}],\"inLanguage\":\"fr-FR\"},{\"@type\":\"Organization\",\"@id\":\"https:\/\/lemonswing.fr\/#organization\",\"name\":\"Lemon Swing\",\"url\":\"https:\/\/lemonswing.fr\/\",\"logo\":{\"@type\":\"ImageObject\",\"inLanguage\":\"fr-FR\",\"@id\":\"https:\/\/lemonswing.fr\/#\/schema\/logo\/image\/\",\"url\":\"https:\/\/lemonswing.fr\/wp-content\/uploads\/2024\/06\/cropped-cropped-Logo-Lemon-Swing-EXE-1-1-1.png\",\"contentUrl\":\"https:\/\/lemonswing.fr\/wp-content\/uploads\/2024\/06\/cropped-cropped-Logo-Lemon-Swing-EXE-1-1-1.png\",\"width\":2500,\"height\":1001,\"caption\":\"Lemon Swing\"},\"image\":{\"@id\":\"https:\/\/lemonswing.fr\/#\/schema\/logo\/image\/\"},\"sameAs\":[\"https:\/\/www.facebook.com\/profile.php?id=61559849714052\",\"https:\/\/www.instagram.com\/lemonswingpoitiers\/\"]}]}<\/script>\n<!-- \/ Yoast SEO plugin. -->","yoast_head_json":{"title":"Solo Jazz - Lemon Swing","robots":{"index":"index","follow":"follow","max-snippet":"max-snippet:-1","max-image-preview":"max-image-preview:large","max-video-preview":"max-video-preview:-1"},"canonical":"https:\/\/lemonswing.fr\/?page_id=281","og_locale":"fr_FR","og_type":"article","og_title":"Solo Jazz - Lemon Swing","og_description":"Histoire Le&nbsp;jazz roots&nbsp;(aussi appel\u00e9 jazz authentique, jazz traditionnel ou jazz vernaculaire) est la danse&nbsp;afro-am\u00e9ricaine&nbsp;solo des ann\u00e9es&nbsp;swing&nbsp;(1920-1940), descendant de certaines&nbsp;danses africaines&nbsp;et du&nbsp;charleston, contemporain du&nbsp;Lindy Hop&nbsp;et des&nbsp;claquettes, et pr\u00e9curseur des danses de...","og_url":"https:\/\/lemonswing.fr\/?page_id=281","og_site_name":"Lemon Swing","article_publisher":"https:\/\/www.facebook.com\/profile.php?id=61559849714052","article_modified_time":"2025-07-01T15:46:50+00:00","og_image":[{"width":1024,"height":512,"url":"https:\/\/lemonswing.fr\/wp-content\/uploads\/2024\/09\/Design-sans-titre-13-1024x512.png","type":"image\/png"}],"twitter_card":"summary_large_image","twitter_misc":{"Dur\u00e9e de lecture estim\u00e9e":"2 minutes"},"schema":{"@context":"https:\/\/schema.org","@graph":[{"@type":"WebPage","@id":"https:\/\/lemonswing.fr\/?page_id=281","url":"https:\/\/lemonswing.fr\/?page_id=281","name":"Solo Jazz - Lemon Swing","isPartOf":{"@id":"https:\/\/lemonswing.fr\/#website"},"primaryImageOfPage":{"@id":"https:\/\/lemonswing.fr\/?page_id=281#primaryimage"},"image":{"@id":"https:\/\/lemonswing.fr\/?page_id=281#primaryimage"},"thumbnailUrl":"https:\/\/lemonswing.fr\/wp-content\/uploads\/2024\/09\/Design-sans-titre-13.png","datePublished":"2024-09-02T19:08:09+00:00","dateModified":"2025-07-01T15:46:50+00:00","breadcrumb":{"@id":"https:\/\/lemonswing.fr\/?page_id=281#breadcrumb"},"inLanguage":"fr-FR","potentialAction":[{"@type":"ReadAction","target":["https:\/\/lemonswing.fr\/?page_id=281"]}]},{"@type":"ImageObject","inLanguage":"fr-FR","@id":"https:\/\/lemonswing.fr\/?page_id=281#primaryimage","url":"https:\/\/lemonswing.fr\/wp-content\/uploads\/2024\/09\/Design-sans-titre-13.png","contentUrl":"https:\/\/lemonswing.fr\/wp-content\/uploads\/2024\/09\/Design-sans-titre-13.png","width":6912,"height":3456,"caption":"Groupe de danseurs et de danseuses qui dansent en solo mais ensemble."},{"@type":"BreadcrumbList","@id":"https:\/\/lemonswing.fr\/?page_id=281#breadcrumb","itemListElement":[{"@type":"ListItem","position":1,"name":"Accueil","item":"https:\/\/lemonswing.fr\/"},{"@type":"ListItem","position":2,"name":"Solo Jazz"}]},{"@type":"WebSite","@id":"https:\/\/lemonswing.fr\/#website","url":"https:\/\/lemonswing.fr\/","name":"Lemon Swing","description":"","publisher":{"@id":"https:\/\/lemonswing.fr\/#organization"},"potentialAction":[{"@type":"SearchAction","target":{"@type":"EntryPoint","urlTemplate":"https:\/\/lemonswing.fr\/?s={search_term_string}"},"query-input":{"@type":"PropertyValueSpecification","valueRequired":true,"valueName":"search_term_string"}}],"inLanguage":"fr-FR"},{"@type":"Organization","@id":"https:\/\/lemonswing.fr\/#organization","name":"Lemon Swing","url":"https:\/\/lemonswing.fr\/","logo":{"@type":"ImageObject","inLanguage":"fr-FR","@id":"https:\/\/lemonswing.fr\/#\/schema\/logo\/image\/","url":"https:\/\/lemonswing.fr\/wp-content\/uploads\/2024\/06\/cropped-cropped-Logo-Lemon-Swing-EXE-1-1-1.png","contentUrl":"https:\/\/lemonswing.fr\/wp-content\/uploads\/2024\/06\/cropped-cropped-Logo-Lemon-Swing-EXE-1-1-1.png","width":2500,"height":1001,"caption":"Lemon Swing"},"image":{"@id":"https:\/\/lemonswing.fr\/#\/schema\/logo\/image\/"},"sameAs":["https:\/\/www.facebook.com\/profile.php?id=61559849714052","https:\/\/www.instagram.com\/lemonswingpoitiers\/"]}]}},"uagb_featured_image_src":{"full":["https:\/\/lemonswing.fr\/wp-content\/uploads\/2024\/09\/Design-sans-titre-13.png",6912,3456,false],"thumbnail":["https:\/\/lemonswing.fr\/wp-content\/uploads\/2024\/09\/Design-sans-titre-13-150x150.png",150,150,true],"medium":["https:\/\/lemonswing.fr\/wp-content\/uploads\/2024\/09\/Design-sans-titre-13-300x150.png",300,150,true],"medium_large":["https:\/\/lemonswing.fr\/wp-content\/uploads\/2024\/09\/Design-sans-titre-13-768x384.png",768,384,true],"large":["https:\/\/lemonswing.fr\/wp-content\/uploads\/2024\/09\/Design-sans-titre-13-1024x512.png",1024,512,true],"1536x1536":["https:\/\/lemonswing.fr\/wp-content\/uploads\/2024\/09\/Design-sans-titre-13-1536x768.png",1536,768,true],"2048x2048":["https:\/\/lemonswing.fr\/wp-content\/uploads\/2024\/09\/Design-sans-titre-13-2048x1024.png",2048,1024,true],"newspack-article-block-landscape-large":["https:\/\/lemonswing.fr\/wp-content\/uploads\/2024\/09\/Design-sans-titre-13-1200x900.png",1200,900,true],"newspack-article-block-portrait-large":["https:\/\/lemonswing.fr\/wp-content\/uploads\/2024\/09\/Design-sans-titre-13-900x1200.png",900,1200,true],"newspack-article-block-square-large":["https:\/\/lemonswing.fr\/wp-content\/uploads\/2024\/09\/Design-sans-titre-13-1200x1200.png",1200,1200,true],"newspack-article-block-landscape-medium":["https:\/\/lemonswing.fr\/wp-content\/uploads\/2024\/09\/Design-sans-titre-13-800x600.png",800,600,true],"newspack-article-block-portrait-medium":["https:\/\/lemonswing.fr\/wp-content\/uploads\/2024\/09\/Design-sans-titre-13-600x800.png",600,800,true],"newspack-article-block-square-medium":["https:\/\/lemonswing.fr\/wp-content\/uploads\/2024\/09\/Design-sans-titre-13-800x800.png",800,800,true],"newspack-article-block-landscape-intermediate":["https:\/\/lemonswing.fr\/wp-content\/uploads\/2024\/09\/Design-sans-titre-13-600x450.png",600,450,true],"newspack-article-block-portrait-intermediate":["https:\/\/lemonswing.fr\/wp-content\/uploads\/2024\/09\/Design-sans-titre-13-450x600.png",450,600,true],"newspack-article-block-square-intermediate":["https:\/\/lemonswing.fr\/wp-content\/uploads\/2024\/09\/Design-sans-titre-13-600x600.png",600,600,true],"newspack-article-block-landscape-small":["https:\/\/lemonswing.fr\/wp-content\/uploads\/2024\/09\/Design-sans-titre-13-400x300.png",400,300,true],"newspack-article-block-portrait-small":["https:\/\/lemonswing.fr\/wp-content\/uploads\/2024\/09\/Design-sans-titre-13-300x400.png",300,400,true],"newspack-article-block-square-small":["https:\/\/lemonswing.fr\/wp-content\/uploads\/2024\/09\/Design-sans-titre-13-400x400.png",400,400,true],"newspack-article-block-landscape-tiny":["https:\/\/lemonswing.fr\/wp-content\/uploads\/2024\/09\/Design-sans-titre-13-200x150.png",200,150,true],"newspack-article-block-portrait-tiny":["https:\/\/lemonswing.fr\/wp-content\/uploads\/2024\/09\/Design-sans-titre-13-150x200.png",150,200,true],"newspack-article-block-square-tiny":["https:\/\/lemonswing.fr\/wp-content\/uploads\/2024\/09\/Design-sans-titre-13-200x200.png",200,200,true],"newspack-article-block-uncropped":["https:\/\/lemonswing.fr\/wp-content\/uploads\/2024\/09\/Design-sans-titre-13-1200x600.png",1200,600,true]},"uagb_author_info":{"display_name":"lelaumic","author_link":"https:\/\/lemonswing.fr\/?author=2"},"uagb_comment_info":0,"uagb_excerpt":"Histoire Le&nbsp;jazz roots&nbsp;(aussi appel\u00e9 jazz authentique, jazz traditionnel ou jazz vernaculaire) est la danse&nbsp;afro-am\u00e9ricaine&nbsp;solo des ann\u00e9es&nbsp;swing&nbsp;(1920-1940), descendant de certaines&nbsp;danses africaines&nbsp;et du&nbsp;charleston, contemporain du&nbsp;Lindy Hop&nbsp;et des&nbsp;claquettes, et pr\u00e9curseur des danses de...","_links":{"self":[{"href":"https:\/\/lemonswing.fr\/index.php?rest_route=\/wp\/v2\/pages\/281","targetHints":{"allow":["GET"]}}],"collection":[{"href":"https:\/\/lemonswing.fr\/index.php?rest_route=\/wp\/v2\/pages"}],"about":[{"href":"https:\/\/lemonswing.fr\/index.php?rest_route=\/wp\/v2\/types\/page"}],"author":[{"embeddable":true,"href":"https:\/\/lemonswing.fr\/index.php?rest_route=\/wp\/v2\/users\/2"}],"replies":[{"embeddable":true,"href":"https:\/\/lemonswing.fr\/index.php?rest_route=%2Fwp%2Fv2%2Fcomments&post=281"}],"version-history":[{"count":4,"href":"https:\/\/lemonswing.fr\/index.php?rest_route=\/wp\/v2\/pages\/281\/revisions"}],"predecessor-version":[{"id":927,"href":"https:\/\/lemonswing.fr\/index.php?rest_route=\/wp\/v2\/pages\/281\/revisions\/927"}],"wp:featuredmedia":[{"embeddable":true,"href":"https:\/\/lemonswing.fr\/index.php?rest_route=\/wp\/v2\/media\/521"}],"wp:attachment":[{"href":"https:\/\/lemonswing.fr\/index.php?rest_route=%2Fwp%2Fv2%2Fmedia&parent=281"}],"curies":[{"name":"wp","href":"https:\/\/api.w.org\/{rel}","templated":true}]}}