{"id":36,"date":"2024-05-15T18:17:17","date_gmt":"2024-05-15T16:17:17","guid":{"rendered":"https:\/\/lemonswing.fr\/?page_id=36"},"modified":"2025-09-27T18:48:36","modified_gmt":"2025-09-27T16:48:36","slug":"association","status":"publish","type":"page","link":"https:\/\/lemonswing.fr\/?page_id=36","title":{"rendered":"L&rsquo;association"},"content":{"rendered":"\n<p>Lemon Swing est une association poitevine d&rsquo;apprentissage et de promotion des danses swing comme le Lindy Hop et le Jazz Roots.<\/p>\n\n\n\n<div class=\"wp-block-media-text is-stacked-on-mobile\" style=\"grid-template-columns:63% auto\"><figure class=\"wp-block-media-text__media\"><img loading=\"lazy\" decoding=\"async\" width=\"1024\" height=\"771\" src=\"https:\/\/lemonswing.fr\/wp-content\/uploads\/2024\/08\/452254623_122122260764328323_240772391268533965_n-1-1024x771.jpg\" alt=\"Conseil d'administration\" class=\"wp-image-185 size-full\" srcset=\"https:\/\/lemonswing.fr\/wp-content\/uploads\/2024\/08\/452254623_122122260764328323_240772391268533965_n-1-1024x771.jpg 1024w, https:\/\/lemonswing.fr\/wp-content\/uploads\/2024\/08\/452254623_122122260764328323_240772391268533965_n-1-300x226.jpg 300w, https:\/\/lemonswing.fr\/wp-content\/uploads\/2024\/08\/452254623_122122260764328323_240772391268533965_n-1-768x578.jpg 768w, https:\/\/lemonswing.fr\/wp-content\/uploads\/2024\/08\/452254623_122122260764328323_240772391268533965_n-1-1536x1156.jpg 1536w, https:\/\/lemonswing.fr\/wp-content\/uploads\/2024\/08\/452254623_122122260764328323_240772391268533965_n-1.jpg 1600w\" sizes=\"auto, (max-width: 1024px) 100vw, 1024px\" \/><\/figure><div class=\"wp-block-media-text__content\">\n<p><em>Photo des citrons qui ont fond\u00e9<\/em><em> l&rsquo;association<\/em>. <\/p>\n\n\n\n<p><em>De gauche \u00e0 droite en haut : Nina, Audrey, Alex, Gwena\u00ebl<br>De gauche \u00e0 droite en bas : Quentin, Am\u00e9lie, L\u00e9na, Sylvain et Micka<\/em><\/p>\n<\/div><\/div>\n\n\n\n<p>N\u00e9e d&rsquo;une envie collective de partager l&rsquo;\u00e9nergie, le plaisir, l&rsquo;histoire et l&rsquo;univers du swing, Lemon Swing propose des cours accessibles \u00e0 toutes et tous, \u00e0 Poitiers, et organise des \u00e9v\u00e9nements permettant de faire vivre cette danse sur le territoire.<\/p>\n\n\n\n<h2 class=\"wp-block-heading\">Pourquoi Lemon Swing ?<\/h2>\n\n\n\n<p>Dans l&rsquo;Antiquit\u00e9, Poitiers s&rsquo;appelait Limonum. Ce fait historique tout \u00e0 fait vrai vient appuyer la v\u00e9ritable envie des membres qui ont fond\u00e9 l&rsquo;association : un nom qui incarne l&rsquo;\u00e9nergie, la fraicheur, le fun et le plaisir de danser du swing.<\/p>\n\n\n\n<h2 class=\"wp-block-heading\">Fonctionnement<\/h2>\n\n\n\n<p>L&rsquo;association Lemon Swing est dirig\u00e9e par un Conseil d&rsquo;administration coll\u00e9gial. Des statuts, un r\u00e8glement int\u00e9rieur et une charte des valeurs forment les bases de la gouvernance de l&rsquo;association qui se veut ouverte envers ses membres. C&rsquo;est pourquoi chaque ann\u00e9e, une assembl\u00e9e g\u00e9n\u00e9rale ordinaire se r\u00e9unit pour faire le point sur l&rsquo;activit\u00e9 de l&rsquo;association.<\/p>\n\n\n\n<p>Pour adh\u00e9rer \u00e0 l&rsquo;association (prix fix\u00e9 \u00e0 20 euros), <a href=\"https:\/\/www.helloasso.com\/associations\/lemon-swing\/adhesions\/adhesion-2024-simple-lemon-swing?utm_source=app_ha&amp;utm_campaign=share_campaign_button&amp;utm_medium=android\"><strong>c&rsquo;est par ici.<\/strong><\/a><\/p>\n\n\n\n<h2 class=\"wp-block-heading\">Valeurs associatives<\/h2>\n\n\n\n<ul class=\"wp-block-list\">\n<li>Bienveillance (et conscience)<\/li>\n\n\n\n<li>Fun\/plaisir<\/li>\n\n\n\n<li>Inclusivit\u00e9<\/li>\n\n\n\n<li>Convivialit\u00e9<\/li>\n\n\n\n<li>Education populaire<\/li>\n\n\n\n<li>Collectif\/d\u00e9mocratie<\/li>\n\n\n\n<li>Ecoresponsabilit\u00e9<\/li>\n\n\n\n<li>Porteur d&rsquo;id\u00e9es et d&rsquo;envies<\/li>\n<\/ul>\n\n\n\n<h2 class=\"wp-block-heading\">Valeurs dans la danse<\/h2>\n\n\n\n<ul class=\"wp-block-list\">\n<li>Danse sociale<\/li>\n\n\n\n<li>H\u00e9ritage swing<\/li>\n\n\n\n<li>Musicalit\u00e9<\/li>\n\n\n\n<li>Equit\u00e9 dans le r\u00f4le guide\/interpr\u00e8te, encouragement au switch<\/li>\n<\/ul>\n\n\n\n<h2 class=\"wp-block-heading\">Commissions<\/h2>\n\n\n\n<ul class=\"wp-block-list\">\n<li>Conseil d&rsquo;administration<\/li>\n\n\n\n<li>Commission Ev\u00e8nements\/Workshops<\/li>\n\n\n\n<li>Commission Transmission<\/li>\n\n\n\n<li>Commission Festival<\/li>\n\n\n\n<li>Commission Communication<\/li>\n<\/ul>\n\n\n\n<h2 class=\"wp-block-heading\">On parle de nous !<\/h2>\n\n\n\n<h3 class=\"wp-block-heading\"><em>La Nouvelle R\u00e9publique \/ Lundi 9 septembre 2024<\/em><\/h3>\n\n\n\n<div class=\"wp-block-media-text is-stacked-on-mobile\"><figure class=\"wp-block-media-text__media\"><img loading=\"lazy\" decoding=\"async\" width=\"1024\" height=\"771\" src=\"https:\/\/lemonswing.fr\/wp-content\/uploads\/2024\/09\/WhatsApp-Image-2024-09-01-at-18.12.37-1024x771.jpeg\" alt=\"\" class=\"wp-image-564 size-full\" srcset=\"https:\/\/lemonswing.fr\/wp-content\/uploads\/2024\/09\/WhatsApp-Image-2024-09-01-at-18.12.37-1024x771.jpeg 1024w, https:\/\/lemonswing.fr\/wp-content\/uploads\/2024\/09\/WhatsApp-Image-2024-09-01-at-18.12.37-300x226.jpeg 300w, https:\/\/lemonswing.fr\/wp-content\/uploads\/2024\/09\/WhatsApp-Image-2024-09-01-at-18.12.37-768x578.jpeg 768w, https:\/\/lemonswing.fr\/wp-content\/uploads\/2024\/09\/WhatsApp-Image-2024-09-01-at-18.12.37-1536x1157.jpeg 1536w, https:\/\/lemonswing.fr\/wp-content\/uploads\/2024\/09\/WhatsApp-Image-2024-09-01-at-18.12.37-2048x1542.jpeg 2048w, https:\/\/lemonswing.fr\/wp-content\/uploads\/2024\/09\/WhatsApp-Image-2024-09-01-at-18.12.37-400x300.jpeg 400w, https:\/\/lemonswing.fr\/wp-content\/uploads\/2024\/09\/WhatsApp-Image-2024-09-01-at-18.12.37-200x150.jpeg 200w, https:\/\/lemonswing.fr\/wp-content\/uploads\/2024\/09\/WhatsApp-Image-2024-09-01-at-18.12.37-1200x904.jpeg 1200w\" sizes=\"auto, (max-width: 1024px) 100vw, 1024px\" \/><\/figure><div class=\"wp-block-media-text__content\">\n<p class=\"has-medium-font-size\"><strong><em>Poitiers&nbsp;: Lemon Swing, une association pour danser le swing autrement<\/em><\/strong><\/p>\n\n\n\n<p class=\"has-small-font-size\">Cr\u00e9\u00e9e en mai&nbsp;2024, l\u2019association Lemon Swing fonctionne de mani\u00e8re coll\u00e9giale et donne des cours de danse qui se veulent diff\u00e9rents.<\/p>\n\n\n\n<p><a href=\"https:\/\/www.lanouvellerepublique.fr\/poitiers\/poitiers-lemon-swing-une-association-pour-danser-le-swing\" data-type=\"link\" data-id=\"https:\/\/www.lanouvellerepublique.fr\/poitiers\/poitiers-lemon-swing-une-association-pour-danser-le-swing\" target=\"_blank\" rel=\"noreferrer noopener\">Lien vers l&rsquo;article (contenu r\u00e9serv\u00e9 aux abonn\u00e9.es du journal).<\/a><\/p>\n<\/div><\/div>\n\n\n\n<h3 class=\"wp-block-heading\"><em>Radio Pulsar &#8211;  Quartier Libre \/ Vendredi 13 septembre 2024<\/em><\/h3>\n\n\n\n<p>Un grand merci \u00e0 l&rsquo;\u00e9quipe d&rsquo;Agathe Gallo, animatrice pour l&rsquo;\u00e9mission Quartier Libre, deux vendredis par mois sur Radio Pulsar, pour l&rsquo;invitation \u00e0 venir parler de l&rsquo;association, du swing, et de la culture \u00e0 Poitiers en g\u00e9n\u00e9ral !<\/p>\n\n\n\n<p>Replay \u00e0 consulter ci-dessous.<\/p>\n\n\n\n<figure class=\"wp-block-embed is-type-rich is-provider-spotify wp-block-embed-spotify wp-embed-aspect-21-9 wp-has-aspect-ratio\" style=\"margin-top:var(--wp--preset--spacing--50);margin-bottom:var(--wp--preset--spacing--50)\"><div class=\"wp-block-embed__wrapper\">\n<iframe title=\"Spotify Embed: [Poitiers] \u00c9mission du 13 septembre 2024\" style=\"border-radius: 12px\" width=\"100%\" height=\"152\" frameborder=\"0\" allowfullscreen allow=\"autoplay; clipboard-write; encrypted-media; fullscreen; picture-in-picture\" loading=\"lazy\" src=\"https:\/\/open.spotify.com\/embed\/episode\/5lKLOpEgNKUJ2celecMp6q?si=f7f2ee8d989c44a7&#038;utm_source=oembed\"><\/iframe>\n<\/div><\/figure>\n\n\n\n<h2 class=\"wp-block-heading\">En musique<\/h2>\n\n\n\n<figure class=\"wp-block-embed alignwide is-type-rich is-provider-spotify wp-block-embed-spotify wp-embed-aspect-21-9 wp-has-aspect-ratio\"><div class=\"wp-block-embed__wrapper\">\n<iframe title=\"Spotify Embed: Christmas Songs\" style=\"border-radius: 12px\" width=\"100%\" height=\"352\" frameborder=\"0\" allowfullscreen allow=\"autoplay; clipboard-write; encrypted-media; fullscreen; picture-in-picture\" loading=\"lazy\" src=\"https:\/\/open.spotify.com\/embed\/playlist\/6MU98rdIf8xRxVDBxTerfc?si=94bcb28fcba54c20&#038;utm_source=oembed\"><\/iframe>\n<\/div><\/figure>\n\n\n\n<figure class=\"wp-block-embed alignwide is-type-rich is-provider-spotify wp-block-embed-spotify wp-embed-aspect-21-9 wp-has-aspect-ratio\"><div class=\"wp-block-embed__wrapper\">\n<iframe title=\"Spotify Embed: LemonSwing Zeste 1er d\u00e9cembre 2024\" style=\"border-radius: 12px\" width=\"100%\" height=\"352\" frameborder=\"0\" allowfullscreen allow=\"autoplay; clipboard-write; encrypted-media; fullscreen; picture-in-picture\" loading=\"lazy\" src=\"https:\/\/open.spotify.com\/embed\/playlist\/7fEisPk40zU3aTrPgkVoGQ?si=11bdf1dc21fa42ef&#038;utm_source=oembed\"><\/iframe>\n<\/div><\/figure>\n","protected":false},"excerpt":{"rendered":"<p>Lemon Swing est une association poitevine d&rsquo;apprentissage et de promotion des danses swing comme le Lindy Hop et le Jazz Roots. Photo des citrons qui ont fond\u00e9 l&rsquo;association. De gauche&#8230;<\/p>\n","protected":false},"author":1,"featured_media":388,"parent":0,"menu_order":0,"comment_status":"closed","ping_status":"closed","template":"","meta":{"_uag_custom_page_level_css":"","_EventAllDay":false,"_EventTimezone":"","_EventStartDate":"","_EventEndDate":"","_EventStartDateUTC":"","_EventEndDateUTC":"","_EventShowMap":false,"_EventShowMapLink":false,"_EventURL":"","_EventCost":"","_EventCostDescription":"","_EventCurrencySymbol":"","_EventCurrencyCode":"","_EventCurrencyPosition":"","_EventDateTimeSeparator":"","_EventTimeRangeSeparator":"","_EventOrganizerID":[],"_EventVenueID":[],"_OrganizerEmail":"","_OrganizerPhone":"","_OrganizerWebsite":"","_VenueAddress":"","_VenueCity":"","_VenueCountry":"","_VenueProvince":"","_VenueState":"","_VenueZip":"","_VenuePhone":"","_VenueURL":"","_VenueStateProvince":"","_VenueLat":"","_VenueLng":"","_VenueShowMap":false,"_VenueShowMapLink":false,"_kad_post_transparent":"default","_kad_post_title":"default","_kad_post_layout":"default","_kad_post_sidebar_id":"","_kad_post_content_style":"default","_kad_post_vertical_padding":"default","_kad_post_feature":"","_kad_post_feature_position":"","_kad_post_header":false,"_kad_post_footer":false,"_starter_page_template":"","_wpcom_template_layout_category":[],"footnotes":""},"class_list":["post-36","page","type-page","status-publish","has-post-thumbnail","hentry"],"yoast_head":"<!-- This site is optimized with the Yoast SEO plugin v25.4 - https:\/\/yoast.com\/wordpress\/plugins\/seo\/ -->\n<title>L&#039;association - Lemon Swing<\/title>\n<meta name=\"robots\" content=\"index, follow, max-snippet:-1, max-image-preview:large, max-video-preview:-1\" \/>\n<link rel=\"canonical\" href=\"https:\/\/lemonswing.fr\/?page_id=36\" \/>\n<meta property=\"og:locale\" content=\"fr_FR\" \/>\n<meta property=\"og:type\" content=\"article\" \/>\n<meta property=\"og:title\" content=\"L&#039;association - Lemon Swing\" \/>\n<meta property=\"og:description\" content=\"Lemon Swing est une association poitevine d&rsquo;apprentissage et de promotion des danses swing comme le Lindy Hop et le Jazz Roots. Photo des citrons qui ont fond\u00e9 l&rsquo;association. De gauche...\" \/>\n<meta property=\"og:url\" content=\"https:\/\/lemonswing.fr\/?page_id=36\" \/>\n<meta property=\"og:site_name\" content=\"Lemon Swing\" \/>\n<meta property=\"article:publisher\" content=\"https:\/\/www.facebook.com\/profile.php?id=61559849714052\" \/>\n<meta property=\"article:modified_time\" content=\"2025-09-27T16:48:36+00:00\" \/>\n<meta property=\"og:image\" content=\"https:\/\/lemonswing.fr\/wp-content\/uploads\/2024\/09\/lflo-lemon-swing-transmetteurs-79.jpg\" \/>\n\t<meta property=\"og:image:width\" content=\"1280\" \/>\n\t<meta property=\"og:image:height\" content=\"854\" \/>\n\t<meta property=\"og:image:type\" content=\"image\/jpeg\" \/>\n<meta name=\"twitter:card\" content=\"summary_large_image\" \/>\n<meta name=\"twitter:label1\" content=\"Dur\u00e9e de lecture estim\u00e9e\" \/>\n\t<meta name=\"twitter:data1\" content=\"3 minutes\" \/>\n<script type=\"application\/ld+json\" class=\"yoast-schema-graph\">{\"@context\":\"https:\/\/schema.org\",\"@graph\":[{\"@type\":\"WebPage\",\"@id\":\"https:\/\/lemonswing.fr\/?page_id=36\",\"url\":\"https:\/\/lemonswing.fr\/?page_id=36\",\"name\":\"L'association - Lemon Swing\",\"isPartOf\":{\"@id\":\"https:\/\/lemonswing.fr\/#website\"},\"primaryImageOfPage\":{\"@id\":\"https:\/\/lemonswing.fr\/?page_id=36#primaryimage\"},\"image\":{\"@id\":\"https:\/\/lemonswing.fr\/?page_id=36#primaryimage\"},\"thumbnailUrl\":\"https:\/\/lemonswing.fr\/wp-content\/uploads\/2024\/09\/lflo-lemon-swing-transmetteurs-79.jpg\",\"datePublished\":\"2024-05-15T16:17:17+00:00\",\"dateModified\":\"2025-09-27T16:48:36+00:00\",\"breadcrumb\":{\"@id\":\"https:\/\/lemonswing.fr\/?page_id=36#breadcrumb\"},\"inLanguage\":\"fr-FR\",\"potentialAction\":[{\"@type\":\"ReadAction\",\"target\":[\"https:\/\/lemonswing.fr\/?page_id=36\"]}]},{\"@type\":\"ImageObject\",\"inLanguage\":\"fr-FR\",\"@id\":\"https:\/\/lemonswing.fr\/?page_id=36#primaryimage\",\"url\":\"https:\/\/lemonswing.fr\/wp-content\/uploads\/2024\/09\/lflo-lemon-swing-transmetteurs-79.jpg\",\"contentUrl\":\"https:\/\/lemonswing.fr\/wp-content\/uploads\/2024\/09\/lflo-lemon-swing-transmetteurs-79.jpg\",\"width\":1280,\"height\":854,\"caption\":\"Inclusivit\u00e9\"},{\"@type\":\"BreadcrumbList\",\"@id\":\"https:\/\/lemonswing.fr\/?page_id=36#breadcrumb\",\"itemListElement\":[{\"@type\":\"ListItem\",\"position\":1,\"name\":\"Accueil\",\"item\":\"https:\/\/lemonswing.fr\/\"},{\"@type\":\"ListItem\",\"position\":2,\"name\":\"L&rsquo;association\"}]},{\"@type\":\"WebSite\",\"@id\":\"https:\/\/lemonswing.fr\/#website\",\"url\":\"https:\/\/lemonswing.fr\/\",\"name\":\"Lemon Swing\",\"description\":\"\",\"publisher\":{\"@id\":\"https:\/\/lemonswing.fr\/#organization\"},\"potentialAction\":[{\"@type\":\"SearchAction\",\"target\":{\"@type\":\"EntryPoint\",\"urlTemplate\":\"https:\/\/lemonswing.fr\/?s={search_term_string}\"},\"query-input\":{\"@type\":\"PropertyValueSpecification\",\"valueRequired\":true,\"valueName\":\"search_term_string\"}}],\"inLanguage\":\"fr-FR\"},{\"@type\":\"Organization\",\"@id\":\"https:\/\/lemonswing.fr\/#organization\",\"name\":\"Lemon Swing\",\"url\":\"https:\/\/lemonswing.fr\/\",\"logo\":{\"@type\":\"ImageObject\",\"inLanguage\":\"fr-FR\",\"@id\":\"https:\/\/lemonswing.fr\/#\/schema\/logo\/image\/\",\"url\":\"https:\/\/lemonswing.fr\/wp-content\/uploads\/2024\/06\/cropped-cropped-Logo-Lemon-Swing-EXE-1-1-1.png\",\"contentUrl\":\"https:\/\/lemonswing.fr\/wp-content\/uploads\/2024\/06\/cropped-cropped-Logo-Lemon-Swing-EXE-1-1-1.png\",\"width\":2500,\"height\":1001,\"caption\":\"Lemon Swing\"},\"image\":{\"@id\":\"https:\/\/lemonswing.fr\/#\/schema\/logo\/image\/\"},\"sameAs\":[\"https:\/\/www.facebook.com\/profile.php?id=61559849714052\",\"https:\/\/www.instagram.com\/lemonswingpoitiers\/\"]}]}<\/script>\n<!-- \/ Yoast SEO plugin. -->","yoast_head_json":{"title":"L'association - Lemon Swing","robots":{"index":"index","follow":"follow","max-snippet":"max-snippet:-1","max-image-preview":"max-image-preview:large","max-video-preview":"max-video-preview:-1"},"canonical":"https:\/\/lemonswing.fr\/?page_id=36","og_locale":"fr_FR","og_type":"article","og_title":"L'association - Lemon Swing","og_description":"Lemon Swing est une association poitevine d&rsquo;apprentissage et de promotion des danses swing comme le Lindy Hop et le Jazz Roots. Photo des citrons qui ont fond\u00e9 l&rsquo;association. De gauche...","og_url":"https:\/\/lemonswing.fr\/?page_id=36","og_site_name":"Lemon Swing","article_publisher":"https:\/\/www.facebook.com\/profile.php?id=61559849714052","article_modified_time":"2025-09-27T16:48:36+00:00","og_image":[{"width":1280,"height":854,"url":"https:\/\/lemonswing.fr\/wp-content\/uploads\/2024\/09\/lflo-lemon-swing-transmetteurs-79.jpg","type":"image\/jpeg"}],"twitter_card":"summary_large_image","twitter_misc":{"Dur\u00e9e de lecture estim\u00e9e":"3 minutes"},"schema":{"@context":"https:\/\/schema.org","@graph":[{"@type":"WebPage","@id":"https:\/\/lemonswing.fr\/?page_id=36","url":"https:\/\/lemonswing.fr\/?page_id=36","name":"L'association - Lemon Swing","isPartOf":{"@id":"https:\/\/lemonswing.fr\/#website"},"primaryImageOfPage":{"@id":"https:\/\/lemonswing.fr\/?page_id=36#primaryimage"},"image":{"@id":"https:\/\/lemonswing.fr\/?page_id=36#primaryimage"},"thumbnailUrl":"https:\/\/lemonswing.fr\/wp-content\/uploads\/2024\/09\/lflo-lemon-swing-transmetteurs-79.jpg","datePublished":"2024-05-15T16:17:17+00:00","dateModified":"2025-09-27T16:48:36+00:00","breadcrumb":{"@id":"https:\/\/lemonswing.fr\/?page_id=36#breadcrumb"},"inLanguage":"fr-FR","potentialAction":[{"@type":"ReadAction","target":["https:\/\/lemonswing.fr\/?page_id=36"]}]},{"@type":"ImageObject","inLanguage":"fr-FR","@id":"https:\/\/lemonswing.fr\/?page_id=36#primaryimage","url":"https:\/\/lemonswing.fr\/wp-content\/uploads\/2024\/09\/lflo-lemon-swing-transmetteurs-79.jpg","contentUrl":"https:\/\/lemonswing.fr\/wp-content\/uploads\/2024\/09\/lflo-lemon-swing-transmetteurs-79.jpg","width":1280,"height":854,"caption":"Inclusivit\u00e9"},{"@type":"BreadcrumbList","@id":"https:\/\/lemonswing.fr\/?page_id=36#breadcrumb","itemListElement":[{"@type":"ListItem","position":1,"name":"Accueil","item":"https:\/\/lemonswing.fr\/"},{"@type":"ListItem","position":2,"name":"L&rsquo;association"}]},{"@type":"WebSite","@id":"https:\/\/lemonswing.fr\/#website","url":"https:\/\/lemonswing.fr\/","name":"Lemon Swing","description":"","publisher":{"@id":"https:\/\/lemonswing.fr\/#organization"},"potentialAction":[{"@type":"SearchAction","target":{"@type":"EntryPoint","urlTemplate":"https:\/\/lemonswing.fr\/?s={search_term_string}"},"query-input":{"@type":"PropertyValueSpecification","valueRequired":true,"valueName":"search_term_string"}}],"inLanguage":"fr-FR"},{"@type":"Organization","@id":"https:\/\/lemonswing.fr\/#organization","name":"Lemon Swing","url":"https:\/\/lemonswing.fr\/","logo":{"@type":"ImageObject","inLanguage":"fr-FR","@id":"https:\/\/lemonswing.fr\/#\/schema\/logo\/image\/","url":"https:\/\/lemonswing.fr\/wp-content\/uploads\/2024\/06\/cropped-cropped-Logo-Lemon-Swing-EXE-1-1-1.png","contentUrl":"https:\/\/lemonswing.fr\/wp-content\/uploads\/2024\/06\/cropped-cropped-Logo-Lemon-Swing-EXE-1-1-1.png","width":2500,"height":1001,"caption":"Lemon Swing"},"image":{"@id":"https:\/\/lemonswing.fr\/#\/schema\/logo\/image\/"},"sameAs":["https:\/\/www.facebook.com\/profile.php?id=61559849714052","https:\/\/www.instagram.com\/lemonswingpoitiers\/"]}]}},"uagb_featured_image_src":{"full":["https:\/\/lemonswing.fr\/wp-content\/uploads\/2024\/09\/lflo-lemon-swing-transmetteurs-79.jpg",1280,854,false],"thumbnail":["https:\/\/lemonswing.fr\/wp-content\/uploads\/2024\/09\/lflo-lemon-swing-transmetteurs-79-150x150.jpg",150,150,true],"medium":["https:\/\/lemonswing.fr\/wp-content\/uploads\/2024\/09\/lflo-lemon-swing-transmetteurs-79-300x200.jpg",300,200,true],"medium_large":["https:\/\/lemonswing.fr\/wp-content\/uploads\/2024\/09\/lflo-lemon-swing-transmetteurs-79-768x512.jpg",768,512,true],"large":["https:\/\/lemonswing.fr\/wp-content\/uploads\/2024\/09\/lflo-lemon-swing-transmetteurs-79-1024x683.jpg",1024,683,true],"1536x1536":["https:\/\/lemonswing.fr\/wp-content\/uploads\/2024\/09\/lflo-lemon-swing-transmetteurs-79.jpg",1280,854,false],"2048x2048":["https:\/\/lemonswing.fr\/wp-content\/uploads\/2024\/09\/lflo-lemon-swing-transmetteurs-79.jpg",1280,854,false],"newspack-article-block-landscape-large":["https:\/\/lemonswing.fr\/wp-content\/uploads\/2024\/09\/lflo-lemon-swing-transmetteurs-79-1200x854.jpg",1200,854,true],"newspack-article-block-portrait-large":["https:\/\/lemonswing.fr\/wp-content\/uploads\/2024\/09\/lflo-lemon-swing-transmetteurs-79-900x854.jpg",900,854,true],"newspack-article-block-square-large":["https:\/\/lemonswing.fr\/wp-content\/uploads\/2024\/09\/lflo-lemon-swing-transmetteurs-79-1200x854.jpg",1200,854,true],"newspack-article-block-landscape-medium":["https:\/\/lemonswing.fr\/wp-content\/uploads\/2024\/09\/lflo-lemon-swing-transmetteurs-79-800x600.jpg",800,600,true],"newspack-article-block-portrait-medium":["https:\/\/lemonswing.fr\/wp-content\/uploads\/2024\/09\/lflo-lemon-swing-transmetteurs-79-600x800.jpg",600,800,true],"newspack-article-block-square-medium":["https:\/\/lemonswing.fr\/wp-content\/uploads\/2024\/09\/lflo-lemon-swing-transmetteurs-79-800x800.jpg",800,800,true],"newspack-article-block-landscape-intermediate":["https:\/\/lemonswing.fr\/wp-content\/uploads\/2024\/09\/lflo-lemon-swing-transmetteurs-79-600x450.jpg",600,450,true],"newspack-article-block-portrait-intermediate":["https:\/\/lemonswing.fr\/wp-content\/uploads\/2024\/09\/lflo-lemon-swing-transmetteurs-79-450x600.jpg",450,600,true],"newspack-article-block-square-intermediate":["https:\/\/lemonswing.fr\/wp-content\/uploads\/2024\/09\/lflo-lemon-swing-transmetteurs-79-600x600.jpg",600,600,true],"newspack-article-block-landscape-small":["https:\/\/lemonswing.fr\/wp-content\/uploads\/2024\/09\/lflo-lemon-swing-transmetteurs-79-400x300.jpg",400,300,true],"newspack-article-block-portrait-small":["https:\/\/lemonswing.fr\/wp-content\/uploads\/2024\/09\/lflo-lemon-swing-transmetteurs-79-300x400.jpg",300,400,true],"newspack-article-block-square-small":["https:\/\/lemonswing.fr\/wp-content\/uploads\/2024\/09\/lflo-lemon-swing-transmetteurs-79-400x400.jpg",400,400,true],"newspack-article-block-landscape-tiny":["https:\/\/lemonswing.fr\/wp-content\/uploads\/2024\/09\/lflo-lemon-swing-transmetteurs-79-200x150.jpg",200,150,true],"newspack-article-block-portrait-tiny":["https:\/\/lemonswing.fr\/wp-content\/uploads\/2024\/09\/lflo-lemon-swing-transmetteurs-79-150x200.jpg",150,200,true],"newspack-article-block-square-tiny":["https:\/\/lemonswing.fr\/wp-content\/uploads\/2024\/09\/lflo-lemon-swing-transmetteurs-79-200x200.jpg",200,200,true],"newspack-article-block-uncropped":["https:\/\/lemonswing.fr\/wp-content\/uploads\/2024\/09\/lflo-lemon-swing-transmetteurs-79-1200x801.jpg",1200,801,true]},"uagb_author_info":{"display_name":"lemonadmin","author_link":"https:\/\/lemonswing.fr\/?author=1"},"uagb_comment_info":0,"uagb_excerpt":"Lemon Swing est une association poitevine d&rsquo;apprentissage et de promotion des danses swing comme le Lindy Hop et le Jazz Roots. Photo des citrons qui ont fond\u00e9 l&rsquo;association. De gauche...","_links":{"self":[{"href":"https:\/\/lemonswing.fr\/index.php?rest_route=\/wp\/v2\/pages\/36","targetHints":{"allow":["GET"]}}],"collection":[{"href":"https:\/\/lemonswing.fr\/index.php?rest_route=\/wp\/v2\/pages"}],"about":[{"href":"https:\/\/lemonswing.fr\/index.php?rest_route=\/wp\/v2\/types\/page"}],"author":[{"embeddable":true,"href":"https:\/\/lemonswing.fr\/index.php?rest_route=\/wp\/v2\/users\/1"}],"replies":[{"embeddable":true,"href":"https:\/\/lemonswing.fr\/index.php?rest_route=%2Fwp%2Fv2%2Fcomments&post=36"}],"version-history":[{"count":20,"href":"https:\/\/lemonswing.fr\/index.php?rest_route=\/wp\/v2\/pages\/36\/revisions"}],"predecessor-version":[{"id":1001,"href":"https:\/\/lemonswing.fr\/index.php?rest_route=\/wp\/v2\/pages\/36\/revisions\/1001"}],"wp:featuredmedia":[{"embeddable":true,"href":"https:\/\/lemonswing.fr\/index.php?rest_route=\/wp\/v2\/media\/388"}],"wp:attachment":[{"href":"https:\/\/lemonswing.fr\/index.php?rest_route=%2Fwp%2Fv2%2Fmedia&parent=36"}],"curies":[{"name":"wp","href":"https:\/\/api.w.org\/{rel}","templated":true}]}}