{"id":463,"date":"2024-09-06T19:45:49","date_gmt":"2024-09-06T17:45:49","guid":{"rendered":"https:\/\/lemonswing.fr\/?page_id=463"},"modified":"2025-06-30T22:23:34","modified_gmt":"2025-06-30T20:23:34","slug":"mentions-legales","status":"publish","type":"page","link":"https:\/\/lemonswing.fr\/?page_id=463","title":{"rendered":"Mentions l\u00e9gales"},"content":{"rendered":"\n<h2 class=\"wp-block-heading\">Propri\u00e9t\u00e9<\/h2>\n\n\n\n<p>Ce site et ses \u00e9l\u00e9ments (visuels et \u00e9crits) sont la propri\u00e9t\u00e9 de l&rsquo;association Lemon Swing, domicili\u00e9e au 90 rue de la Tranch\u00e9e, 86000 POITIERS.<\/p>\n\n\n\n<p>Site cr\u00e9\u00e9 sous WordPress, anim\u00e9 par la commission Communication de l&rsquo;association.<\/p>\n\n\n\n<p>Photos : Sylvia Vasseur, Aline La Fille &amp; L&rsquo;Oiseau, Trezor Photography. Toutes les photographies pr\u00e9sent\u00e9es sur ce site sont prot\u00e9g\u00e9es par le Code de la propri\u00e9t\u00e9 intellectuelle et artistique.<\/p>\n\n\n\n<h2 class=\"wp-block-heading\">H\u00e9bergement<\/h2>\n\n\n\n<p><a href=\"https:\/\/www.ovh.com\/fr\/support\/mentions-legales\/\" target=\"_blank\" rel=\"noreferrer noopener\">OVH<\/a>, dont le si\u00e8ge social est situ\u00e9 2 rue Kellermann, 59100 Roubaix<\/p>\n\n\n\n<h2 class=\"wp-block-heading\">Conception<\/h2>\n\n\n\n<p>Toute reproduction partielle ou totale d&rsquo;un contenu de ce site sur un support num\u00e9rique (blog ou site internet) doit \u00eatre accompagn\u00e9e de la mention \u00ab\u00a0Extrait du site internet\u00a0<a href=\"https:\/\/lemonswing.fr\">www.lemonswing.fr<\/a>\u00ab\u00a0.<br>Toute reproduction sur des supports imprim\u00e9s est interdite.<br><\/p>\n\n\n\n<h2 class=\"wp-block-heading\">Collecte et protection des donn\u00e9es<\/h2>\n\n\n\n<p>Les informations recueillies dans les questionnaire sont enregistr\u00e9es dans un fichier informatis\u00e9 par les membres du CA de Lemon Swing Poitiers, 90 rue de la tranch\u00e9e, 86000 Poitiers pour donner suite \u00e0 la pr\u00e9-inscription. La base l\u00e9gale du traitement est <a href=\"https:\/\/www.cnil.fr\/fr\/reglement-europeen-protection-donnees\/chapitre2#Article6\">RGPD Chapitre 2 article 6 paragraphe 1 lettre b.<\/a> Les donn\u00e9es collect\u00e9es seront communiqu\u00e9es aux seuls destinataires suivants : les membres du Conseil d&rsquo;Administration de Lemon Swing Poitiers et les membres des commissions qui traitent les donn\u00e9es : Communication, \u00c9v\u00e9nements et Festival.<\/p>\n\n\n\n<p>Les donn\u00e9es seront conserv\u00e9es jusqu\u2019\u00e0 la cl\u00f4ture des inscriptions.<\/p>\n\n\n\n<p>Vous pouvez acc\u00e9der aux donn\u00e9es vous concernant, les rectifier, demander leur effacement ou exercer votre droit \u00e0 la limitation du traitement de vos donn\u00e9es. Vous pouvez exercer votre droit \u00e0 la portabilit\u00e9 de vos donn\u00e9es.<\/p>\n\n\n\n<p>Consultez le site <a href=\"http:\/\/cnil.fr\">cnil.fr<\/a> pour plus d\u2019informations sur vos droits.<\/p>\n\n\n\n<p>Pour exercer ces droits ou pour toute question sur le traitement de vos donn\u00e9es dans ce dispositif, vous pouvez contacter l\u2019association<strong> : contact@lemonswing.fr<\/strong><\/p>\n\n\n\n<p>Si vous estimez, apr\u00e8s nous avoir contact\u00e9s, que vos droits \u00ab Informatique et Libert\u00e9s \u00bb ne sont pas respect\u00e9s, vous pouvez adresser une r\u00e9clamation \u00e0 la CNIL.<\/p>\n","protected":false},"excerpt":{"rendered":"<p>Propri\u00e9t\u00e9 Ce site et ses \u00e9l\u00e9ments (visuels et \u00e9crits) sont la propri\u00e9t\u00e9 de l&rsquo;association Lemon Swing, domicili\u00e9e au 90 rue de la Tranch\u00e9e, 86000 POITIERS. Site cr\u00e9\u00e9 sous WordPress, anim\u00e9&#8230;<\/p>\n","protected":false},"author":2,"featured_media":0,"parent":0,"menu_order":0,"comment_status":"closed","ping_status":"closed","template":"","meta":{"_uag_custom_page_level_css":"","_EventAllDay":false,"_EventTimezone":"","_EventStartDate":"","_EventEndDate":"","_EventStartDateUTC":"","_EventEndDateUTC":"","_EventShowMap":false,"_EventShowMapLink":false,"_EventURL":"","_EventCost":"","_EventCostDescription":"","_EventCurrencySymbol":"","_EventCurrencyCode":"","_EventCurrencyPosition":"","_EventDateTimeSeparator":"","_EventTimeRangeSeparator":"","_EventOrganizerID":[],"_EventVenueID":[],"_OrganizerEmail":"","_OrganizerPhone":"","_OrganizerWebsite":"","_VenueAddress":"","_VenueCity":"","_VenueCountry":"","_VenueProvince":"","_VenueState":"","_VenueZip":"","_VenuePhone":"","_VenueURL":"","_VenueStateProvince":"","_VenueLat":"","_VenueLng":"","_VenueShowMap":false,"_VenueShowMapLink":false,"_kad_post_transparent":"","_kad_post_title":"","_kad_post_layout":"","_kad_post_sidebar_id":"","_kad_post_content_style":"","_kad_post_vertical_padding":"","_kad_post_feature":"","_kad_post_feature_position":"","_kad_post_header":false,"_kad_post_footer":false,"_starter_page_template":"blank","_wpcom_template_layout_category":["about"],"footnotes":""},"class_list":["post-463","page","type-page","status-publish","hentry"],"yoast_head":"<!-- This site is optimized with the Yoast SEO plugin v25.4 - https:\/\/yoast.com\/wordpress\/plugins\/seo\/ -->\n<title>Mentions l\u00e9gales - Lemon Swing<\/title>\n<meta name=\"robots\" content=\"index, follow, max-snippet:-1, max-image-preview:large, max-video-preview:-1\" \/>\n<link rel=\"canonical\" href=\"https:\/\/lemonswing.fr\/?page_id=463\" \/>\n<meta property=\"og:locale\" content=\"fr_FR\" \/>\n<meta property=\"og:type\" content=\"article\" \/>\n<meta property=\"og:title\" content=\"Mentions l\u00e9gales - Lemon Swing\" \/>\n<meta property=\"og:description\" content=\"Propri\u00e9t\u00e9 Ce site et ses \u00e9l\u00e9ments (visuels et \u00e9crits) sont la propri\u00e9t\u00e9 de l&rsquo;association Lemon Swing, domicili\u00e9e au 90 rue de la Tranch\u00e9e, 86000 POITIERS. Site cr\u00e9\u00e9 sous WordPress, anim\u00e9...\" \/>\n<meta property=\"og:url\" content=\"https:\/\/lemonswing.fr\/?page_id=463\" \/>\n<meta property=\"og:site_name\" content=\"Lemon Swing\" \/>\n<meta property=\"article:publisher\" content=\"https:\/\/www.facebook.com\/profile.php?id=61559849714052\" \/>\n<meta property=\"article:modified_time\" content=\"2025-06-30T20:23:34+00:00\" \/>\n<meta name=\"twitter:card\" content=\"summary_large_image\" \/>\n<meta name=\"twitter:label1\" content=\"Dur\u00e9e de lecture estim\u00e9e\" \/>\n\t<meta name=\"twitter:data1\" content=\"2 minutes\" \/>\n<script type=\"application\/ld+json\" class=\"yoast-schema-graph\">{\"@context\":\"https:\/\/schema.org\",\"@graph\":[{\"@type\":\"WebPage\",\"@id\":\"https:\/\/lemonswing.fr\/?page_id=463\",\"url\":\"https:\/\/lemonswing.fr\/?page_id=463\",\"name\":\"Mentions l\u00e9gales - Lemon Swing\",\"isPartOf\":{\"@id\":\"https:\/\/lemonswing.fr\/#website\"},\"datePublished\":\"2024-09-06T17:45:49+00:00\",\"dateModified\":\"2025-06-30T20:23:34+00:00\",\"breadcrumb\":{\"@id\":\"https:\/\/lemonswing.fr\/?page_id=463#breadcrumb\"},\"inLanguage\":\"fr-FR\",\"potentialAction\":[{\"@type\":\"ReadAction\",\"target\":[\"https:\/\/lemonswing.fr\/?page_id=463\"]}]},{\"@type\":\"BreadcrumbList\",\"@id\":\"https:\/\/lemonswing.fr\/?page_id=463#breadcrumb\",\"itemListElement\":[{\"@type\":\"ListItem\",\"position\":1,\"name\":\"Accueil\",\"item\":\"https:\/\/lemonswing.fr\/\"},{\"@type\":\"ListItem\",\"position\":2,\"name\":\"Mentions l\u00e9gales\"}]},{\"@type\":\"WebSite\",\"@id\":\"https:\/\/lemonswing.fr\/#website\",\"url\":\"https:\/\/lemonswing.fr\/\",\"name\":\"Lemon Swing\",\"description\":\"\",\"publisher\":{\"@id\":\"https:\/\/lemonswing.fr\/#organization\"},\"potentialAction\":[{\"@type\":\"SearchAction\",\"target\":{\"@type\":\"EntryPoint\",\"urlTemplate\":\"https:\/\/lemonswing.fr\/?s={search_term_string}\"},\"query-input\":{\"@type\":\"PropertyValueSpecification\",\"valueRequired\":true,\"valueName\":\"search_term_string\"}}],\"inLanguage\":\"fr-FR\"},{\"@type\":\"Organization\",\"@id\":\"https:\/\/lemonswing.fr\/#organization\",\"name\":\"Lemon Swing\",\"url\":\"https:\/\/lemonswing.fr\/\",\"logo\":{\"@type\":\"ImageObject\",\"inLanguage\":\"fr-FR\",\"@id\":\"https:\/\/lemonswing.fr\/#\/schema\/logo\/image\/\",\"url\":\"https:\/\/lemonswing.fr\/wp-content\/uploads\/2024\/06\/cropped-cropped-Logo-Lemon-Swing-EXE-1-1-1.png\",\"contentUrl\":\"https:\/\/lemonswing.fr\/wp-content\/uploads\/2024\/06\/cropped-cropped-Logo-Lemon-Swing-EXE-1-1-1.png\",\"width\":2500,\"height\":1001,\"caption\":\"Lemon Swing\"},\"image\":{\"@id\":\"https:\/\/lemonswing.fr\/#\/schema\/logo\/image\/\"},\"sameAs\":[\"https:\/\/www.facebook.com\/profile.php?id=61559849714052\",\"https:\/\/www.instagram.com\/lemonswingpoitiers\/\"]}]}<\/script>\n<!-- \/ Yoast SEO plugin. -->","yoast_head_json":{"title":"Mentions l\u00e9gales - Lemon Swing","robots":{"index":"index","follow":"follow","max-snippet":"max-snippet:-1","max-image-preview":"max-image-preview:large","max-video-preview":"max-video-preview:-1"},"canonical":"https:\/\/lemonswing.fr\/?page_id=463","og_locale":"fr_FR","og_type":"article","og_title":"Mentions l\u00e9gales - Lemon Swing","og_description":"Propri\u00e9t\u00e9 Ce site et ses \u00e9l\u00e9ments (visuels et \u00e9crits) sont la propri\u00e9t\u00e9 de l&rsquo;association Lemon Swing, domicili\u00e9e au 90 rue de la Tranch\u00e9e, 86000 POITIERS. Site cr\u00e9\u00e9 sous WordPress, anim\u00e9...","og_url":"https:\/\/lemonswing.fr\/?page_id=463","og_site_name":"Lemon Swing","article_publisher":"https:\/\/www.facebook.com\/profile.php?id=61559849714052","article_modified_time":"2025-06-30T20:23:34+00:00","twitter_card":"summary_large_image","twitter_misc":{"Dur\u00e9e de lecture estim\u00e9e":"2 minutes"},"schema":{"@context":"https:\/\/schema.org","@graph":[{"@type":"WebPage","@id":"https:\/\/lemonswing.fr\/?page_id=463","url":"https:\/\/lemonswing.fr\/?page_id=463","name":"Mentions l\u00e9gales - Lemon Swing","isPartOf":{"@id":"https:\/\/lemonswing.fr\/#website"},"datePublished":"2024-09-06T17:45:49+00:00","dateModified":"2025-06-30T20:23:34+00:00","breadcrumb":{"@id":"https:\/\/lemonswing.fr\/?page_id=463#breadcrumb"},"inLanguage":"fr-FR","potentialAction":[{"@type":"ReadAction","target":["https:\/\/lemonswing.fr\/?page_id=463"]}]},{"@type":"BreadcrumbList","@id":"https:\/\/lemonswing.fr\/?page_id=463#breadcrumb","itemListElement":[{"@type":"ListItem","position":1,"name":"Accueil","item":"https:\/\/lemonswing.fr\/"},{"@type":"ListItem","position":2,"name":"Mentions l\u00e9gales"}]},{"@type":"WebSite","@id":"https:\/\/lemonswing.fr\/#website","url":"https:\/\/lemonswing.fr\/","name":"Lemon Swing","description":"","publisher":{"@id":"https:\/\/lemonswing.fr\/#organization"},"potentialAction":[{"@type":"SearchAction","target":{"@type":"EntryPoint","urlTemplate":"https:\/\/lemonswing.fr\/?s={search_term_string}"},"query-input":{"@type":"PropertyValueSpecification","valueRequired":true,"valueName":"search_term_string"}}],"inLanguage":"fr-FR"},{"@type":"Organization","@id":"https:\/\/lemonswing.fr\/#organization","name":"Lemon Swing","url":"https:\/\/lemonswing.fr\/","logo":{"@type":"ImageObject","inLanguage":"fr-FR","@id":"https:\/\/lemonswing.fr\/#\/schema\/logo\/image\/","url":"https:\/\/lemonswing.fr\/wp-content\/uploads\/2024\/06\/cropped-cropped-Logo-Lemon-Swing-EXE-1-1-1.png","contentUrl":"https:\/\/lemonswing.fr\/wp-content\/uploads\/2024\/06\/cropped-cropped-Logo-Lemon-Swing-EXE-1-1-1.png","width":2500,"height":1001,"caption":"Lemon Swing"},"image":{"@id":"https:\/\/lemonswing.fr\/#\/schema\/logo\/image\/"},"sameAs":["https:\/\/www.facebook.com\/profile.php?id=61559849714052","https:\/\/www.instagram.com\/lemonswingpoitiers\/"]}]}},"uagb_featured_image_src":{"full":false,"thumbnail":false,"medium":false,"medium_large":false,"large":false,"1536x1536":false,"2048x2048":false,"newspack-article-block-landscape-large":false,"newspack-article-block-portrait-large":false,"newspack-article-block-square-large":false,"newspack-article-block-landscape-medium":false,"newspack-article-block-portrait-medium":false,"newspack-article-block-square-medium":false,"newspack-article-block-landscape-intermediate":false,"newspack-article-block-portrait-intermediate":false,"newspack-article-block-square-intermediate":false,"newspack-article-block-landscape-small":false,"newspack-article-block-portrait-small":false,"newspack-article-block-square-small":false,"newspack-article-block-landscape-tiny":false,"newspack-article-block-portrait-tiny":false,"newspack-article-block-square-tiny":false,"newspack-article-block-uncropped":false},"uagb_author_info":{"display_name":"lelaumic","author_link":"https:\/\/lemonswing.fr\/?author=2"},"uagb_comment_info":0,"uagb_excerpt":"Propri\u00e9t\u00e9 Ce site et ses \u00e9l\u00e9ments (visuels et \u00e9crits) sont la propri\u00e9t\u00e9 de l&rsquo;association Lemon Swing, domicili\u00e9e au 90 rue de la Tranch\u00e9e, 86000 POITIERS. Site cr\u00e9\u00e9 sous WordPress, anim\u00e9...","_links":{"self":[{"href":"https:\/\/lemonswing.fr\/index.php?rest_route=\/wp\/v2\/pages\/463","targetHints":{"allow":["GET"]}}],"collection":[{"href":"https:\/\/lemonswing.fr\/index.php?rest_route=\/wp\/v2\/pages"}],"about":[{"href":"https:\/\/lemonswing.fr\/index.php?rest_route=\/wp\/v2\/types\/page"}],"author":[{"embeddable":true,"href":"https:\/\/lemonswing.fr\/index.php?rest_route=\/wp\/v2\/users\/2"}],"replies":[{"embeddable":true,"href":"https:\/\/lemonswing.fr\/index.php?rest_route=%2Fwp%2Fv2%2Fcomments&post=463"}],"version-history":[{"count":3,"href":"https:\/\/lemonswing.fr\/index.php?rest_route=\/wp\/v2\/pages\/463\/revisions"}],"predecessor-version":[{"id":919,"href":"https:\/\/lemonswing.fr\/index.php?rest_route=\/wp\/v2\/pages\/463\/revisions\/919"}],"wp:attachment":[{"href":"https:\/\/lemonswing.fr\/index.php?rest_route=%2Fwp%2Fv2%2Fmedia&parent=463"}],"curies":[{"name":"wp","href":"https:\/\/api.w.org\/{rel}","templated":true}]}}