{"id":614,"date":"2024-11-10T14:06:43","date_gmt":"2024-11-10T13:06:43","guid":{"rendered":"https:\/\/lemonswing.fr\/?page_id=614"},"modified":"2026-03-10T21:42:03","modified_gmt":"2026-03-10T20:42:03","slug":"pratique-libre","status":"publish","type":"page","link":"https:\/\/lemonswing.fr\/?page_id=614","title":{"rendered":"Pratique libre"},"content":{"rendered":"\n<p>L&rsquo;\u00e9quipe de Lemon Swing est ravie de proposer une nouvelle pratique hebdomadaire aux adh\u00e9rentes et adh\u00e9rents le lundi soir d\u00e8s 20h15 au centre socioculturel de la Blaiserie.<br>L&rsquo;objectif ? R\u00e9p\u00e9ter une passe, partager, apprendre de nouvelles mani\u00e8res de danser, en croisant les niveaux et en rencontrant l&rsquo;ensemble des membres de l&rsquo;association.<\/p>\n\n\n\n<p class=\"has-large-font-size\"><strong>Calendrier<\/strong><\/p>\n\n\n\n<ul class=\"wp-block-list\">\n<li>lundi 12 janvier : atelier blues<\/li>\n\n\n\n<li>lundi 26 janvier : atelier blues<\/li>\n\n\n\n<li>lundi 9 mars : atelier chor\u00e9<\/li>\n\n\n\n<li>lundi 16 mars : atelier chor\u00e9<\/li>\n\n\n\n<li>lundi 23 mars : atelier chor\u00e9<\/li>\n\n\n\n<li>lundi 30 mars : atelier chor\u00e9<\/li>\n<\/ul>\n\n\n\n<p class=\"has-large-font-size\"><strong>Infos pratiques<\/strong><\/p>\n\n\n\n<p>D\u00e8s 20h15 au centre socioculturel de la Blaiserie.<\/p>\n\n\n\n<p>L&rsquo;acc\u00e8s s&rsquo;effectue depuis l&rsquo;entr\u00e9e principale.<\/p>\n\n\n\t\t\t<div \n\t\t\tclass=\"wp-block-uagb-google-map uagb-google-map__wrap uagb-block-a52dbeb1     \"\n\t\t\tstyle=\"\" >\n\t\t\t\t<embed\n\t\t\t\t\tclass=\"uagb-google-map__iframe\"\n\t\t\t\t\ttitle=\"Carte Google pour \"\n\t\t\t\t\tsrc=\"https:\/\/maps.google.com\/maps?q=la%20blaiserie%20poitiers&#038;z=12&#038;hl=en&#038;t=m&#038;output=embed&#038;iwloc=near\"\n\t\t\t\t\twidth=\"640\"\n\t\t\t\t\theight=\"300\"\n\t\t\t\t\tloading=\"lazy\"\n\t\t\t\t><\/embed>\n\t\t\t<\/div>\n\t\t\t\n\n\n<p>Lorsqu&rsquo;il y a atelier th\u00e9matique, la pratique d\u00e9marre \u00e0 21h15 pour laisser une heure d&rsquo;atelier et une heure de pratique libre.<\/p>\n","protected":false},"excerpt":{"rendered":"<p>L&rsquo;\u00e9quipe de Lemon Swing est ravie de proposer une nouvelle pratique hebdomadaire aux adh\u00e9rentes et adh\u00e9rents le lundi soir d\u00e8s 20h15 au centre socioculturel de la Blaiserie.L&rsquo;objectif ? R\u00e9p\u00e9ter une&#8230;<\/p>\n","protected":false},"author":2,"featured_media":581,"parent":0,"menu_order":0,"comment_status":"closed","ping_status":"closed","template":"","meta":{"_uag_custom_page_level_css":"","_EventAllDay":false,"_EventTimezone":"","_EventStartDate":"","_EventEndDate":"","_EventStartDateUTC":"","_EventEndDateUTC":"","_EventShowMap":false,"_EventShowMapLink":false,"_EventURL":"","_EventCost":"","_EventCostDescription":"","_EventCurrencySymbol":"","_EventCurrencyCode":"","_EventCurrencyPosition":"","_EventDateTimeSeparator":"","_EventTimeRangeSeparator":"","_EventOrganizerID":[],"_EventVenueID":[],"_OrganizerEmail":"","_OrganizerPhone":"","_OrganizerWebsite":"","_VenueAddress":"","_VenueCity":"","_VenueCountry":"","_VenueProvince":"","_VenueState":"","_VenueZip":"","_VenuePhone":"","_VenueURL":"","_VenueStateProvince":"","_VenueLat":"","_VenueLng":"","_VenueShowMap":false,"_VenueShowMapLink":false,"_kad_post_transparent":"","_kad_post_title":"","_kad_post_layout":"","_kad_post_sidebar_id":"","_kad_post_content_style":"","_kad_post_vertical_padding":"","_kad_post_feature":"","_kad_post_feature_position":"","_kad_post_header":false,"_kad_post_footer":false,"_starter_page_template":"","_wpcom_template_layout_category":[],"footnotes":""},"class_list":["post-614","page","type-page","status-publish","has-post-thumbnail","hentry"],"yoast_head":"<!-- This site is optimized with the Yoast SEO plugin v25.4 - https:\/\/yoast.com\/wordpress\/plugins\/seo\/ -->\n<title>Pratique libre - Lemon Swing<\/title>\n<meta name=\"robots\" content=\"index, follow, max-snippet:-1, max-image-preview:large, max-video-preview:-1\" \/>\n<link rel=\"canonical\" href=\"https:\/\/lemonswing.fr\/?page_id=614\" \/>\n<meta property=\"og:locale\" content=\"fr_FR\" \/>\n<meta property=\"og:type\" content=\"article\" \/>\n<meta property=\"og:title\" content=\"Pratique libre - Lemon Swing\" \/>\n<meta property=\"og:description\" content=\"L&rsquo;\u00e9quipe de Lemon Swing est ravie de proposer une nouvelle pratique hebdomadaire aux adh\u00e9rentes et adh\u00e9rents le lundi soir d\u00e8s 20h15 au centre socioculturel de la Blaiserie.L&rsquo;objectif ? R\u00e9p\u00e9ter une...\" \/>\n<meta property=\"og:url\" content=\"https:\/\/lemonswing.fr\/?page_id=614\" \/>\n<meta property=\"og:site_name\" content=\"Lemon Swing\" \/>\n<meta property=\"article:publisher\" content=\"https:\/\/www.facebook.com\/profile.php?id=61559849714052\" \/>\n<meta property=\"article:modified_time\" content=\"2026-03-10T20:42:03+00:00\" \/>\n<meta property=\"og:image\" content=\"https:\/\/lemonswing.fr\/wp-content\/uploads\/2024\/10\/lafilleetloiseau-lemon-swing-rentree-43-1.jpg\" \/>\n\t<meta property=\"og:image:width\" content=\"1280\" \/>\n\t<meta property=\"og:image:height\" content=\"857\" \/>\n\t<meta property=\"og:image:type\" content=\"image\/jpeg\" \/>\n<meta name=\"twitter:card\" content=\"summary_large_image\" \/>\n<meta name=\"twitter:label1\" content=\"Dur\u00e9e de lecture estim\u00e9e\" \/>\n\t<meta name=\"twitter:data1\" content=\"1 minute\" \/>\n<script type=\"application\/ld+json\" class=\"yoast-schema-graph\">{\"@context\":\"https:\/\/schema.org\",\"@graph\":[{\"@type\":\"WebPage\",\"@id\":\"https:\/\/lemonswing.fr\/?page_id=614\",\"url\":\"https:\/\/lemonswing.fr\/?page_id=614\",\"name\":\"Pratique libre - Lemon Swing\",\"isPartOf\":{\"@id\":\"https:\/\/lemonswing.fr\/#website\"},\"primaryImageOfPage\":{\"@id\":\"https:\/\/lemonswing.fr\/?page_id=614#primaryimage\"},\"image\":{\"@id\":\"https:\/\/lemonswing.fr\/?page_id=614#primaryimage\"},\"thumbnailUrl\":\"https:\/\/lemonswing.fr\/wp-content\/uploads\/2024\/10\/lafilleetloiseau-lemon-swing-rentree-43-1.jpg\",\"datePublished\":\"2024-11-10T13:06:43+00:00\",\"dateModified\":\"2026-03-10T20:42:03+00:00\",\"breadcrumb\":{\"@id\":\"https:\/\/lemonswing.fr\/?page_id=614#breadcrumb\"},\"inLanguage\":\"fr-FR\",\"potentialAction\":[{\"@type\":\"ReadAction\",\"target\":[\"https:\/\/lemonswing.fr\/?page_id=614\"]}]},{\"@type\":\"ImageObject\",\"inLanguage\":\"fr-FR\",\"@id\":\"https:\/\/lemonswing.fr\/?page_id=614#primaryimage\",\"url\":\"https:\/\/lemonswing.fr\/wp-content\/uploads\/2024\/10\/lafilleetloiseau-lemon-swing-rentree-43-1.jpg\",\"contentUrl\":\"https:\/\/lemonswing.fr\/wp-content\/uploads\/2024\/10\/lafilleetloiseau-lemon-swing-rentree-43-1.jpg\",\"width\":1280,\"height\":857,\"caption\":\"Image de pied pour illustrer le Tea Party au Roof\"},{\"@type\":\"BreadcrumbList\",\"@id\":\"https:\/\/lemonswing.fr\/?page_id=614#breadcrumb\",\"itemListElement\":[{\"@type\":\"ListItem\",\"position\":1,\"name\":\"Accueil\",\"item\":\"https:\/\/lemonswing.fr\/\"},{\"@type\":\"ListItem\",\"position\":2,\"name\":\"Pratique libre\"}]},{\"@type\":\"WebSite\",\"@id\":\"https:\/\/lemonswing.fr\/#website\",\"url\":\"https:\/\/lemonswing.fr\/\",\"name\":\"Lemon Swing\",\"description\":\"\",\"publisher\":{\"@id\":\"https:\/\/lemonswing.fr\/#organization\"},\"potentialAction\":[{\"@type\":\"SearchAction\",\"target\":{\"@type\":\"EntryPoint\",\"urlTemplate\":\"https:\/\/lemonswing.fr\/?s={search_term_string}\"},\"query-input\":{\"@type\":\"PropertyValueSpecification\",\"valueRequired\":true,\"valueName\":\"search_term_string\"}}],\"inLanguage\":\"fr-FR\"},{\"@type\":\"Organization\",\"@id\":\"https:\/\/lemonswing.fr\/#organization\",\"name\":\"Lemon Swing\",\"url\":\"https:\/\/lemonswing.fr\/\",\"logo\":{\"@type\":\"ImageObject\",\"inLanguage\":\"fr-FR\",\"@id\":\"https:\/\/lemonswing.fr\/#\/schema\/logo\/image\/\",\"url\":\"https:\/\/lemonswing.fr\/wp-content\/uploads\/2024\/06\/cropped-cropped-Logo-Lemon-Swing-EXE-1-1-1.png\",\"contentUrl\":\"https:\/\/lemonswing.fr\/wp-content\/uploads\/2024\/06\/cropped-cropped-Logo-Lemon-Swing-EXE-1-1-1.png\",\"width\":2500,\"height\":1001,\"caption\":\"Lemon Swing\"},\"image\":{\"@id\":\"https:\/\/lemonswing.fr\/#\/schema\/logo\/image\/\"},\"sameAs\":[\"https:\/\/www.facebook.com\/profile.php?id=61559849714052\",\"https:\/\/www.instagram.com\/lemonswingpoitiers\/\"]}]}<\/script>\n<!-- \/ Yoast SEO plugin. -->","yoast_head_json":{"title":"Pratique libre - Lemon Swing","robots":{"index":"index","follow":"follow","max-snippet":"max-snippet:-1","max-image-preview":"max-image-preview:large","max-video-preview":"max-video-preview:-1"},"canonical":"https:\/\/lemonswing.fr\/?page_id=614","og_locale":"fr_FR","og_type":"article","og_title":"Pratique libre - Lemon Swing","og_description":"L&rsquo;\u00e9quipe de Lemon Swing est ravie de proposer une nouvelle pratique hebdomadaire aux adh\u00e9rentes et adh\u00e9rents le lundi soir d\u00e8s 20h15 au centre socioculturel de la Blaiserie.L&rsquo;objectif ? R\u00e9p\u00e9ter une...","og_url":"https:\/\/lemonswing.fr\/?page_id=614","og_site_name":"Lemon Swing","article_publisher":"https:\/\/www.facebook.com\/profile.php?id=61559849714052","article_modified_time":"2026-03-10T20:42:03+00:00","og_image":[{"width":1280,"height":857,"url":"https:\/\/lemonswing.fr\/wp-content\/uploads\/2024\/10\/lafilleetloiseau-lemon-swing-rentree-43-1.jpg","type":"image\/jpeg"}],"twitter_card":"summary_large_image","twitter_misc":{"Dur\u00e9e de lecture estim\u00e9e":"1 minute"},"schema":{"@context":"https:\/\/schema.org","@graph":[{"@type":"WebPage","@id":"https:\/\/lemonswing.fr\/?page_id=614","url":"https:\/\/lemonswing.fr\/?page_id=614","name":"Pratique libre - Lemon Swing","isPartOf":{"@id":"https:\/\/lemonswing.fr\/#website"},"primaryImageOfPage":{"@id":"https:\/\/lemonswing.fr\/?page_id=614#primaryimage"},"image":{"@id":"https:\/\/lemonswing.fr\/?page_id=614#primaryimage"},"thumbnailUrl":"https:\/\/lemonswing.fr\/wp-content\/uploads\/2024\/10\/lafilleetloiseau-lemon-swing-rentree-43-1.jpg","datePublished":"2024-11-10T13:06:43+00:00","dateModified":"2026-03-10T20:42:03+00:00","breadcrumb":{"@id":"https:\/\/lemonswing.fr\/?page_id=614#breadcrumb"},"inLanguage":"fr-FR","potentialAction":[{"@type":"ReadAction","target":["https:\/\/lemonswing.fr\/?page_id=614"]}]},{"@type":"ImageObject","inLanguage":"fr-FR","@id":"https:\/\/lemonswing.fr\/?page_id=614#primaryimage","url":"https:\/\/lemonswing.fr\/wp-content\/uploads\/2024\/10\/lafilleetloiseau-lemon-swing-rentree-43-1.jpg","contentUrl":"https:\/\/lemonswing.fr\/wp-content\/uploads\/2024\/10\/lafilleetloiseau-lemon-swing-rentree-43-1.jpg","width":1280,"height":857,"caption":"Image de pied pour illustrer le Tea Party au Roof"},{"@type":"BreadcrumbList","@id":"https:\/\/lemonswing.fr\/?page_id=614#breadcrumb","itemListElement":[{"@type":"ListItem","position":1,"name":"Accueil","item":"https:\/\/lemonswing.fr\/"},{"@type":"ListItem","position":2,"name":"Pratique libre"}]},{"@type":"WebSite","@id":"https:\/\/lemonswing.fr\/#website","url":"https:\/\/lemonswing.fr\/","name":"Lemon Swing","description":"","publisher":{"@id":"https:\/\/lemonswing.fr\/#organization"},"potentialAction":[{"@type":"SearchAction","target":{"@type":"EntryPoint","urlTemplate":"https:\/\/lemonswing.fr\/?s={search_term_string}"},"query-input":{"@type":"PropertyValueSpecification","valueRequired":true,"valueName":"search_term_string"}}],"inLanguage":"fr-FR"},{"@type":"Organization","@id":"https:\/\/lemonswing.fr\/#organization","name":"Lemon Swing","url":"https:\/\/lemonswing.fr\/","logo":{"@type":"ImageObject","inLanguage":"fr-FR","@id":"https:\/\/lemonswing.fr\/#\/schema\/logo\/image\/","url":"https:\/\/lemonswing.fr\/wp-content\/uploads\/2024\/06\/cropped-cropped-Logo-Lemon-Swing-EXE-1-1-1.png","contentUrl":"https:\/\/lemonswing.fr\/wp-content\/uploads\/2024\/06\/cropped-cropped-Logo-Lemon-Swing-EXE-1-1-1.png","width":2500,"height":1001,"caption":"Lemon Swing"},"image":{"@id":"https:\/\/lemonswing.fr\/#\/schema\/logo\/image\/"},"sameAs":["https:\/\/www.facebook.com\/profile.php?id=61559849714052","https:\/\/www.instagram.com\/lemonswingpoitiers\/"]}]}},"uagb_featured_image_src":{"full":["https:\/\/lemonswing.fr\/wp-content\/uploads\/2024\/10\/lafilleetloiseau-lemon-swing-rentree-43-1.jpg",1280,857,false],"thumbnail":["https:\/\/lemonswing.fr\/wp-content\/uploads\/2024\/10\/lafilleetloiseau-lemon-swing-rentree-43-1-150x150.jpg",150,150,true],"medium":["https:\/\/lemonswing.fr\/wp-content\/uploads\/2024\/10\/lafilleetloiseau-lemon-swing-rentree-43-1-300x201.jpg",300,201,true],"medium_large":["https:\/\/lemonswing.fr\/wp-content\/uploads\/2024\/10\/lafilleetloiseau-lemon-swing-rentree-43-1-768x514.jpg",768,514,true],"large":["https:\/\/lemonswing.fr\/wp-content\/uploads\/2024\/10\/lafilleetloiseau-lemon-swing-rentree-43-1-1024x686.jpg",1024,686,true],"1536x1536":["https:\/\/lemonswing.fr\/wp-content\/uploads\/2024\/10\/lafilleetloiseau-lemon-swing-rentree-43-1.jpg",1280,857,false],"2048x2048":["https:\/\/lemonswing.fr\/wp-content\/uploads\/2024\/10\/lafilleetloiseau-lemon-swing-rentree-43-1.jpg",1280,857,false],"newspack-article-block-landscape-large":["https:\/\/lemonswing.fr\/wp-content\/uploads\/2024\/10\/lafilleetloiseau-lemon-swing-rentree-43-1-1200x857.jpg",1200,857,true],"newspack-article-block-portrait-large":["https:\/\/lemonswing.fr\/wp-content\/uploads\/2024\/10\/lafilleetloiseau-lemon-swing-rentree-43-1-900x857.jpg",900,857,true],"newspack-article-block-square-large":["https:\/\/lemonswing.fr\/wp-content\/uploads\/2024\/10\/lafilleetloiseau-lemon-swing-rentree-43-1-1200x857.jpg",1200,857,true],"newspack-article-block-landscape-medium":["https:\/\/lemonswing.fr\/wp-content\/uploads\/2024\/10\/lafilleetloiseau-lemon-swing-rentree-43-1-800x600.jpg",800,600,true],"newspack-article-block-portrait-medium":["https:\/\/lemonswing.fr\/wp-content\/uploads\/2024\/10\/lafilleetloiseau-lemon-swing-rentree-43-1-600x800.jpg",600,800,true],"newspack-article-block-square-medium":["https:\/\/lemonswing.fr\/wp-content\/uploads\/2024\/10\/lafilleetloiseau-lemon-swing-rentree-43-1-800x800.jpg",800,800,true],"newspack-article-block-landscape-intermediate":["https:\/\/lemonswing.fr\/wp-content\/uploads\/2024\/10\/lafilleetloiseau-lemon-swing-rentree-43-1-600x450.jpg",600,450,true],"newspack-article-block-portrait-intermediate":["https:\/\/lemonswing.fr\/wp-content\/uploads\/2024\/10\/lafilleetloiseau-lemon-swing-rentree-43-1-450x600.jpg",450,600,true],"newspack-article-block-square-intermediate":["https:\/\/lemonswing.fr\/wp-content\/uploads\/2024\/10\/lafilleetloiseau-lemon-swing-rentree-43-1-600x600.jpg",600,600,true],"newspack-article-block-landscape-small":["https:\/\/lemonswing.fr\/wp-content\/uploads\/2024\/10\/lafilleetloiseau-lemon-swing-rentree-43-1-400x300.jpg",400,300,true],"newspack-article-block-portrait-small":["https:\/\/lemonswing.fr\/wp-content\/uploads\/2024\/10\/lafilleetloiseau-lemon-swing-rentree-43-1-300x400.jpg",300,400,true],"newspack-article-block-square-small":["https:\/\/lemonswing.fr\/wp-content\/uploads\/2024\/10\/lafilleetloiseau-lemon-swing-rentree-43-1-400x400.jpg",400,400,true],"newspack-article-block-landscape-tiny":["https:\/\/lemonswing.fr\/wp-content\/uploads\/2024\/10\/lafilleetloiseau-lemon-swing-rentree-43-1-200x150.jpg",200,150,true],"newspack-article-block-portrait-tiny":["https:\/\/lemonswing.fr\/wp-content\/uploads\/2024\/10\/lafilleetloiseau-lemon-swing-rentree-43-1-150x200.jpg",150,200,true],"newspack-article-block-square-tiny":["https:\/\/lemonswing.fr\/wp-content\/uploads\/2024\/10\/lafilleetloiseau-lemon-swing-rentree-43-1-200x200.jpg",200,200,true],"newspack-article-block-uncropped":["https:\/\/lemonswing.fr\/wp-content\/uploads\/2024\/10\/lafilleetloiseau-lemon-swing-rentree-43-1-1200x803.jpg",1200,803,true]},"uagb_author_info":{"display_name":"lelaumic","author_link":"https:\/\/lemonswing.fr\/?author=2"},"uagb_comment_info":0,"uagb_excerpt":"L&rsquo;\u00e9quipe de Lemon Swing est ravie de proposer une nouvelle pratique hebdomadaire aux adh\u00e9rentes et adh\u00e9rents le lundi soir d\u00e8s 20h15 au centre socioculturel de la Blaiserie.L&rsquo;objectif ? R\u00e9p\u00e9ter une...","_links":{"self":[{"href":"https:\/\/lemonswing.fr\/index.php?rest_route=\/wp\/v2\/pages\/614","targetHints":{"allow":["GET"]}}],"collection":[{"href":"https:\/\/lemonswing.fr\/index.php?rest_route=\/wp\/v2\/pages"}],"about":[{"href":"https:\/\/lemonswing.fr\/index.php?rest_route=\/wp\/v2\/types\/page"}],"author":[{"embeddable":true,"href":"https:\/\/lemonswing.fr\/index.php?rest_route=\/wp\/v2\/users\/2"}],"replies":[{"embeddable":true,"href":"https:\/\/lemonswing.fr\/index.php?rest_route=%2Fwp%2Fv2%2Fcomments&post=614"}],"version-history":[{"count":14,"href":"https:\/\/lemonswing.fr\/index.php?rest_route=\/wp\/v2\/pages\/614\/revisions"}],"predecessor-version":[{"id":1068,"href":"https:\/\/lemonswing.fr\/index.php?rest_route=\/wp\/v2\/pages\/614\/revisions\/1068"}],"wp:featuredmedia":[{"embeddable":true,"href":"https:\/\/lemonswing.fr\/index.php?rest_route=\/wp\/v2\/media\/581"}],"wp:attachment":[{"href":"https:\/\/lemonswing.fr\/index.php?rest_route=%2Fwp%2Fv2%2Fmedia&parent=614"}],"curies":[{"name":"wp","href":"https:\/\/api.w.org\/{rel}","templated":true}]}}