{"id":983,"date":"2025-09-27T17:41:57","date_gmt":"2025-09-27T15:41:57","guid":{"rendered":"https:\/\/lemonswing.fr\/?page_id=983"},"modified":"2026-01-07T22:19:20","modified_gmt":"2026-01-07T21:19:20","slug":"workshops-2","status":"publish","type":"page","link":"https:\/\/lemonswing.fr\/?page_id=983","title":{"rendered":"Workshops"},"content":{"rendered":"\n<p>Lemon Swing propose, en compl\u00e9ment du Lemon Swing Festival sur tout un week-end, de participer \u00e0 des ateliers\/workshops sur une journ\u00e9e, en invitant un ou plusieurs professeurs ext\u00e9rieurs \u00e0 l\u2019association pour en apprendre davantage sur le Lindy Hop, le solo Jazz voire m\u00eame le blues.<\/p>\n\n\n\n<h2 class=\"wp-block-heading\">Alexia et Aur\u00e9lien &#8211; Samedi 15 novembre 2025<\/h2>\n\n\n\n<p>Lemon Swing a eu le plaisir d&rsquo;accueillir Alexia de Shake That Swing (Paris) pour une journ\u00e9e de workshop Lindy Hop, Solo Jazz et Blues le samedi 15 novembre 2025 avant les Swing Shouters \u00e0 la Rotative de Buxerolles.<\/p>\n\n\n\n<figure class=\"wp-block-image size-large\"><img loading=\"lazy\" decoding=\"async\" width=\"1024\" height=\"768\" src=\"https:\/\/lemonswing.fr\/wp-content\/uploads\/2026\/01\/581323112_17914582200238718_8918208784635206516_n-1024x768.jpg\" alt=\"\" class=\"wp-image-1011\" srcset=\"https:\/\/lemonswing.fr\/wp-content\/uploads\/2026\/01\/581323112_17914582200238718_8918208784635206516_n-1024x768.jpg 1024w, https:\/\/lemonswing.fr\/wp-content\/uploads\/2026\/01\/581323112_17914582200238718_8918208784635206516_n-300x225.jpg 300w, https:\/\/lemonswing.fr\/wp-content\/uploads\/2026\/01\/581323112_17914582200238718_8918208784635206516_n-768x576.jpg 768w, https:\/\/lemonswing.fr\/wp-content\/uploads\/2026\/01\/581323112_17914582200238718_8918208784635206516_n-1200x900.jpg 1200w, https:\/\/lemonswing.fr\/wp-content\/uploads\/2026\/01\/581323112_17914582200238718_8918208784635206516_n-800x600.jpg 800w, https:\/\/lemonswing.fr\/wp-content\/uploads\/2026\/01\/581323112_17914582200238718_8918208784635206516_n-600x450.jpg 600w, https:\/\/lemonswing.fr\/wp-content\/uploads\/2026\/01\/581323112_17914582200238718_8918208784635206516_n-400x300.jpg 400w, https:\/\/lemonswing.fr\/wp-content\/uploads\/2026\/01\/581323112_17914582200238718_8918208784635206516_n-200x150.jpg 200w, https:\/\/lemonswing.fr\/wp-content\/uploads\/2026\/01\/581323112_17914582200238718_8918208784635206516_n.jpg 1440w\" sizes=\"auto, (max-width: 1024px) 100vw, 1024px\" \/><\/figure>\n\n\n\n<h2 class=\"wp-block-heading\">H\u00e9l\u00e8ne et Benoit &#8211; Samedi 21 juin 2025<\/h2>\n\n\n\n<p>Une super journ\u00e9e workshop avec H\u00e9l\u00e8ne et Beno\u00eet de Miss Swing and friends, o\u00f9 on a travaill\u00e9 la musicalit\u00e9, le rythme, des mooves de Frankie Manning, et des chor\u00e9s solo niveau d\u00e9butant et avanc\u00e9. <\/p>\n\n\n\n<figure class=\"wp-block-gallery has-nested-images columns-default is-cropped wp-block-gallery-1 is-layout-flex wp-block-gallery-is-layout-flex\">\n<figure class=\"wp-block-image size-large\"><img loading=\"lazy\" decoding=\"async\" width=\"1024\" height=\"771\" data-id=\"984\" src=\"https:\/\/lemonswing.fr\/wp-content\/uploads\/2025\/09\/504495809_17897386119238718_1984090155976315290_n-1024x771.jpg\" alt=\"\" class=\"wp-image-984\" srcset=\"https:\/\/lemonswing.fr\/wp-content\/uploads\/2025\/09\/504495809_17897386119238718_1984090155976315290_n-1024x771.jpg 1024w, https:\/\/lemonswing.fr\/wp-content\/uploads\/2025\/09\/504495809_17897386119238718_1984090155976315290_n-300x226.jpg 300w, https:\/\/lemonswing.fr\/wp-content\/uploads\/2025\/09\/504495809_17897386119238718_1984090155976315290_n-768x578.jpg 768w, https:\/\/lemonswing.fr\/wp-content\/uploads\/2025\/09\/504495809_17897386119238718_1984090155976315290_n-400x300.jpg 400w, https:\/\/lemonswing.fr\/wp-content\/uploads\/2025\/09\/504495809_17897386119238718_1984090155976315290_n-200x150.jpg 200w, https:\/\/lemonswing.fr\/wp-content\/uploads\/2025\/09\/504495809_17897386119238718_1984090155976315290_n-1200x903.jpg 1200w, https:\/\/lemonswing.fr\/wp-content\/uploads\/2025\/09\/504495809_17897386119238718_1984090155976315290_n.jpg 1440w\" sizes=\"auto, (max-width: 1024px) 100vw, 1024px\" \/><\/figure>\n\n\n\n<figure class=\"wp-block-image size-large\"><img loading=\"lazy\" decoding=\"async\" width=\"1024\" height=\"771\" data-id=\"985\" src=\"https:\/\/lemonswing.fr\/wp-content\/uploads\/2025\/09\/510455826_17897386110238718_1848259661840365030_n-1024x771.jpg\" alt=\"\" class=\"wp-image-985\" srcset=\"https:\/\/lemonswing.fr\/wp-content\/uploads\/2025\/09\/510455826_17897386110238718_1848259661840365030_n-1024x771.jpg 1024w, https:\/\/lemonswing.fr\/wp-content\/uploads\/2025\/09\/510455826_17897386110238718_1848259661840365030_n-300x226.jpg 300w, https:\/\/lemonswing.fr\/wp-content\/uploads\/2025\/09\/510455826_17897386110238718_1848259661840365030_n-768x578.jpg 768w, https:\/\/lemonswing.fr\/wp-content\/uploads\/2025\/09\/510455826_17897386110238718_1848259661840365030_n-400x300.jpg 400w, https:\/\/lemonswing.fr\/wp-content\/uploads\/2025\/09\/510455826_17897386110238718_1848259661840365030_n-200x150.jpg 200w, https:\/\/lemonswing.fr\/wp-content\/uploads\/2025\/09\/510455826_17897386110238718_1848259661840365030_n-1200x903.jpg 1200w, https:\/\/lemonswing.fr\/wp-content\/uploads\/2025\/09\/510455826_17897386110238718_1848259661840365030_n.jpg 1440w\" sizes=\"auto, (max-width: 1024px) 100vw, 1024px\" \/><\/figure>\n\n\n\n<figure class=\"wp-block-image size-large\"><img loading=\"lazy\" decoding=\"async\" width=\"1024\" height=\"771\" data-id=\"987\" src=\"https:\/\/lemonswing.fr\/wp-content\/uploads\/2025\/09\/506036630_17897386092238718_1597551121484679429_n-1024x771.jpg\" alt=\"\" class=\"wp-image-987\" srcset=\"https:\/\/lemonswing.fr\/wp-content\/uploads\/2025\/09\/506036630_17897386092238718_1597551121484679429_n-1024x771.jpg 1024w, https:\/\/lemonswing.fr\/wp-content\/uploads\/2025\/09\/506036630_17897386092238718_1597551121484679429_n-300x226.jpg 300w, https:\/\/lemonswing.fr\/wp-content\/uploads\/2025\/09\/506036630_17897386092238718_1597551121484679429_n-768x578.jpg 768w, https:\/\/lemonswing.fr\/wp-content\/uploads\/2025\/09\/506036630_17897386092238718_1597551121484679429_n-400x300.jpg 400w, https:\/\/lemonswing.fr\/wp-content\/uploads\/2025\/09\/506036630_17897386092238718_1597551121484679429_n-200x150.jpg 200w, https:\/\/lemonswing.fr\/wp-content\/uploads\/2025\/09\/506036630_17897386092238718_1597551121484679429_n-1200x903.jpg 1200w, https:\/\/lemonswing.fr\/wp-content\/uploads\/2025\/09\/506036630_17897386092238718_1597551121484679429_n.jpg 1440w\" sizes=\"auto, (max-width: 1024px) 100vw, 1024px\" \/><\/figure>\n\n\n\n<figure class=\"wp-block-image size-large\"><img loading=\"lazy\" decoding=\"async\" width=\"1024\" height=\"771\" data-id=\"986\" src=\"https:\/\/lemonswing.fr\/wp-content\/uploads\/2025\/09\/509910738_17897386107238718_613547751967592470_n-1024x771.jpg\" alt=\"\" class=\"wp-image-986\" srcset=\"https:\/\/lemonswing.fr\/wp-content\/uploads\/2025\/09\/509910738_17897386107238718_613547751967592470_n-1024x771.jpg 1024w, https:\/\/lemonswing.fr\/wp-content\/uploads\/2025\/09\/509910738_17897386107238718_613547751967592470_n-300x226.jpg 300w, https:\/\/lemonswing.fr\/wp-content\/uploads\/2025\/09\/509910738_17897386107238718_613547751967592470_n-768x578.jpg 768w, https:\/\/lemonswing.fr\/wp-content\/uploads\/2025\/09\/509910738_17897386107238718_613547751967592470_n-400x300.jpg 400w, https:\/\/lemonswing.fr\/wp-content\/uploads\/2025\/09\/509910738_17897386107238718_613547751967592470_n-200x150.jpg 200w, https:\/\/lemonswing.fr\/wp-content\/uploads\/2025\/09\/509910738_17897386107238718_613547751967592470_n-1200x903.jpg 1200w, https:\/\/lemonswing.fr\/wp-content\/uploads\/2025\/09\/509910738_17897386107238718_613547751967592470_n.jpg 1440w\" sizes=\"auto, (max-width: 1024px) 100vw, 1024px\" \/><\/figure>\n<\/figure>\n\n\n\n<p><\/p>\n","protected":false},"excerpt":{"rendered":"<p>Lemon Swing propose, en compl\u00e9ment du Lemon Swing Festival sur tout un week-end, de participer \u00e0 des ateliers\/workshops sur une journ\u00e9e, en invitant un ou plusieurs professeurs ext\u00e9rieurs \u00e0 l\u2019association&#8230;<\/p>\n","protected":false},"author":2,"featured_media":906,"parent":0,"menu_order":0,"comment_status":"closed","ping_status":"closed","template":"","meta":{"_uag_custom_page_level_css":"","_EventAllDay":false,"_EventTimezone":"","_EventStartDate":"","_EventEndDate":"","_EventStartDateUTC":"","_EventEndDateUTC":"","_EventShowMap":false,"_EventShowMapLink":false,"_EventURL":"","_EventCost":"","_EventCostDescription":"","_EventCurrencySymbol":"","_EventCurrencyCode":"","_EventCurrencyPosition":"","_EventDateTimeSeparator":"","_EventTimeRangeSeparator":"","_EventOrganizerID":[],"_EventVenueID":[],"_OrganizerEmail":"","_OrganizerPhone":"","_OrganizerWebsite":"","_VenueAddress":"","_VenueCity":"","_VenueCountry":"","_VenueProvince":"","_VenueState":"","_VenueZip":"","_VenuePhone":"","_VenueURL":"","_VenueStateProvince":"","_VenueLat":"","_VenueLng":"","_VenueShowMap":false,"_VenueShowMapLink":false,"_kad_post_transparent":"","_kad_post_title":"","_kad_post_layout":"","_kad_post_sidebar_id":"","_kad_post_content_style":"","_kad_post_vertical_padding":"","_kad_post_feature":"","_kad_post_feature_position":"","_kad_post_header":false,"_kad_post_footer":false,"_starter_page_template":"blank","_wpcom_template_layout_category":["featured"],"footnotes":""},"class_list":["post-983","page","type-page","status-publish","has-post-thumbnail","hentry"],"yoast_head":"<!-- This site is optimized with the Yoast SEO plugin v25.4 - https:\/\/yoast.com\/wordpress\/plugins\/seo\/ -->\n<title>Workshops - Lemon Swing<\/title>\n<meta name=\"robots\" content=\"index, follow, max-snippet:-1, max-image-preview:large, max-video-preview:-1\" \/>\n<link rel=\"canonical\" href=\"https:\/\/lemonswing.fr\/?page_id=983\" \/>\n<meta property=\"og:locale\" content=\"fr_FR\" \/>\n<meta property=\"og:type\" content=\"article\" \/>\n<meta property=\"og:title\" content=\"Workshops - Lemon Swing\" \/>\n<meta property=\"og:description\" content=\"Lemon Swing propose, en compl\u00e9ment du Lemon Swing Festival sur tout un week-end, de participer \u00e0 des ateliers\/workshops sur une journ\u00e9e, en invitant un ou plusieurs professeurs ext\u00e9rieurs \u00e0 l\u2019association...\" \/>\n<meta property=\"og:url\" content=\"https:\/\/lemonswing.fr\/?page_id=983\" \/>\n<meta property=\"og:site_name\" content=\"Lemon Swing\" \/>\n<meta property=\"article:publisher\" content=\"https:\/\/www.facebook.com\/profile.php?id=61559849714052\" \/>\n<meta property=\"article:modified_time\" content=\"2026-01-07T21:19:20+00:00\" \/>\n<meta property=\"og:image\" content=\"https:\/\/lemonswing.fr\/wp-content\/uploads\/2025\/06\/54482245285_ce5735caa7_o.jpg\" \/>\n\t<meta property=\"og:image:width\" content=\"1200\" \/>\n\t<meta property=\"og:image:height\" content=\"798\" \/>\n\t<meta property=\"og:image:type\" content=\"image\/jpeg\" \/>\n<meta name=\"twitter:card\" content=\"summary_large_image\" \/>\n<meta name=\"twitter:label1\" content=\"Dur\u00e9e de lecture estim\u00e9e\" \/>\n\t<meta name=\"twitter:data1\" content=\"2 minutes\" \/>\n<script type=\"application\/ld+json\" class=\"yoast-schema-graph\">{\"@context\":\"https:\/\/schema.org\",\"@graph\":[{\"@type\":\"WebPage\",\"@id\":\"https:\/\/lemonswing.fr\/?page_id=983\",\"url\":\"https:\/\/lemonswing.fr\/?page_id=983\",\"name\":\"Workshops - Lemon Swing\",\"isPartOf\":{\"@id\":\"https:\/\/lemonswing.fr\/#website\"},\"primaryImageOfPage\":{\"@id\":\"https:\/\/lemonswing.fr\/?page_id=983#primaryimage\"},\"image\":{\"@id\":\"https:\/\/lemonswing.fr\/?page_id=983#primaryimage\"},\"thumbnailUrl\":\"https:\/\/lemonswing.fr\/wp-content\/uploads\/2025\/06\/54482245285_ce5735caa7_o.jpg\",\"datePublished\":\"2025-09-27T15:41:57+00:00\",\"dateModified\":\"2026-01-07T21:19:20+00:00\",\"breadcrumb\":{\"@id\":\"https:\/\/lemonswing.fr\/?page_id=983#breadcrumb\"},\"inLanguage\":\"fr-FR\",\"potentialAction\":[{\"@type\":\"ReadAction\",\"target\":[\"https:\/\/lemonswing.fr\/?page_id=983\"]}]},{\"@type\":\"ImageObject\",\"inLanguage\":\"fr-FR\",\"@id\":\"https:\/\/lemonswing.fr\/?page_id=983#primaryimage\",\"url\":\"https:\/\/lemonswing.fr\/wp-content\/uploads\/2025\/06\/54482245285_ce5735caa7_o.jpg\",\"contentUrl\":\"https:\/\/lemonswing.fr\/wp-content\/uploads\/2025\/06\/54482245285_ce5735caa7_o.jpg\",\"width\":1200,\"height\":798},{\"@type\":\"BreadcrumbList\",\"@id\":\"https:\/\/lemonswing.fr\/?page_id=983#breadcrumb\",\"itemListElement\":[{\"@type\":\"ListItem\",\"position\":1,\"name\":\"Accueil\",\"item\":\"https:\/\/lemonswing.fr\/\"},{\"@type\":\"ListItem\",\"position\":2,\"name\":\"Workshops\"}]},{\"@type\":\"WebSite\",\"@id\":\"https:\/\/lemonswing.fr\/#website\",\"url\":\"https:\/\/lemonswing.fr\/\",\"name\":\"Lemon Swing\",\"description\":\"\",\"publisher\":{\"@id\":\"https:\/\/lemonswing.fr\/#organization\"},\"potentialAction\":[{\"@type\":\"SearchAction\",\"target\":{\"@type\":\"EntryPoint\",\"urlTemplate\":\"https:\/\/lemonswing.fr\/?s={search_term_string}\"},\"query-input\":{\"@type\":\"PropertyValueSpecification\",\"valueRequired\":true,\"valueName\":\"search_term_string\"}}],\"inLanguage\":\"fr-FR\"},{\"@type\":\"Organization\",\"@id\":\"https:\/\/lemonswing.fr\/#organization\",\"name\":\"Lemon Swing\",\"url\":\"https:\/\/lemonswing.fr\/\",\"logo\":{\"@type\":\"ImageObject\",\"inLanguage\":\"fr-FR\",\"@id\":\"https:\/\/lemonswing.fr\/#\/schema\/logo\/image\/\",\"url\":\"https:\/\/lemonswing.fr\/wp-content\/uploads\/2024\/06\/cropped-cropped-Logo-Lemon-Swing-EXE-1-1-1.png\",\"contentUrl\":\"https:\/\/lemonswing.fr\/wp-content\/uploads\/2024\/06\/cropped-cropped-Logo-Lemon-Swing-EXE-1-1-1.png\",\"width\":2500,\"height\":1001,\"caption\":\"Lemon Swing\"},\"image\":{\"@id\":\"https:\/\/lemonswing.fr\/#\/schema\/logo\/image\/\"},\"sameAs\":[\"https:\/\/www.facebook.com\/profile.php?id=61559849714052\",\"https:\/\/www.instagram.com\/lemonswingpoitiers\/\"]}]}<\/script>\n<!-- \/ Yoast SEO plugin. -->","yoast_head_json":{"title":"Workshops - Lemon Swing","robots":{"index":"index","follow":"follow","max-snippet":"max-snippet:-1","max-image-preview":"max-image-preview:large","max-video-preview":"max-video-preview:-1"},"canonical":"https:\/\/lemonswing.fr\/?page_id=983","og_locale":"fr_FR","og_type":"article","og_title":"Workshops - Lemon Swing","og_description":"Lemon Swing propose, en compl\u00e9ment du Lemon Swing Festival sur tout un week-end, de participer \u00e0 des ateliers\/workshops sur une journ\u00e9e, en invitant un ou plusieurs professeurs ext\u00e9rieurs \u00e0 l\u2019association...","og_url":"https:\/\/lemonswing.fr\/?page_id=983","og_site_name":"Lemon Swing","article_publisher":"https:\/\/www.facebook.com\/profile.php?id=61559849714052","article_modified_time":"2026-01-07T21:19:20+00:00","og_image":[{"width":1200,"height":798,"url":"https:\/\/lemonswing.fr\/wp-content\/uploads\/2025\/06\/54482245285_ce5735caa7_o.jpg","type":"image\/jpeg"}],"twitter_card":"summary_large_image","twitter_misc":{"Dur\u00e9e de lecture estim\u00e9e":"2 minutes"},"schema":{"@context":"https:\/\/schema.org","@graph":[{"@type":"WebPage","@id":"https:\/\/lemonswing.fr\/?page_id=983","url":"https:\/\/lemonswing.fr\/?page_id=983","name":"Workshops - Lemon Swing","isPartOf":{"@id":"https:\/\/lemonswing.fr\/#website"},"primaryImageOfPage":{"@id":"https:\/\/lemonswing.fr\/?page_id=983#primaryimage"},"image":{"@id":"https:\/\/lemonswing.fr\/?page_id=983#primaryimage"},"thumbnailUrl":"https:\/\/lemonswing.fr\/wp-content\/uploads\/2025\/06\/54482245285_ce5735caa7_o.jpg","datePublished":"2025-09-27T15:41:57+00:00","dateModified":"2026-01-07T21:19:20+00:00","breadcrumb":{"@id":"https:\/\/lemonswing.fr\/?page_id=983#breadcrumb"},"inLanguage":"fr-FR","potentialAction":[{"@type":"ReadAction","target":["https:\/\/lemonswing.fr\/?page_id=983"]}]},{"@type":"ImageObject","inLanguage":"fr-FR","@id":"https:\/\/lemonswing.fr\/?page_id=983#primaryimage","url":"https:\/\/lemonswing.fr\/wp-content\/uploads\/2025\/06\/54482245285_ce5735caa7_o.jpg","contentUrl":"https:\/\/lemonswing.fr\/wp-content\/uploads\/2025\/06\/54482245285_ce5735caa7_o.jpg","width":1200,"height":798},{"@type":"BreadcrumbList","@id":"https:\/\/lemonswing.fr\/?page_id=983#breadcrumb","itemListElement":[{"@type":"ListItem","position":1,"name":"Accueil","item":"https:\/\/lemonswing.fr\/"},{"@type":"ListItem","position":2,"name":"Workshops"}]},{"@type":"WebSite","@id":"https:\/\/lemonswing.fr\/#website","url":"https:\/\/lemonswing.fr\/","name":"Lemon Swing","description":"","publisher":{"@id":"https:\/\/lemonswing.fr\/#organization"},"potentialAction":[{"@type":"SearchAction","target":{"@type":"EntryPoint","urlTemplate":"https:\/\/lemonswing.fr\/?s={search_term_string}"},"query-input":{"@type":"PropertyValueSpecification","valueRequired":true,"valueName":"search_term_string"}}],"inLanguage":"fr-FR"},{"@type":"Organization","@id":"https:\/\/lemonswing.fr\/#organization","name":"Lemon Swing","url":"https:\/\/lemonswing.fr\/","logo":{"@type":"ImageObject","inLanguage":"fr-FR","@id":"https:\/\/lemonswing.fr\/#\/schema\/logo\/image\/","url":"https:\/\/lemonswing.fr\/wp-content\/uploads\/2024\/06\/cropped-cropped-Logo-Lemon-Swing-EXE-1-1-1.png","contentUrl":"https:\/\/lemonswing.fr\/wp-content\/uploads\/2024\/06\/cropped-cropped-Logo-Lemon-Swing-EXE-1-1-1.png","width":2500,"height":1001,"caption":"Lemon Swing"},"image":{"@id":"https:\/\/lemonswing.fr\/#\/schema\/logo\/image\/"},"sameAs":["https:\/\/www.facebook.com\/profile.php?id=61559849714052","https:\/\/www.instagram.com\/lemonswingpoitiers\/"]}]}},"uagb_featured_image_src":{"full":["https:\/\/lemonswing.fr\/wp-content\/uploads\/2025\/06\/54482245285_ce5735caa7_o.jpg",1200,798,false],"thumbnail":["https:\/\/lemonswing.fr\/wp-content\/uploads\/2025\/06\/54482245285_ce5735caa7_o-150x150.jpg",150,150,true],"medium":["https:\/\/lemonswing.fr\/wp-content\/uploads\/2025\/06\/54482245285_ce5735caa7_o-300x200.jpg",300,200,true],"medium_large":["https:\/\/lemonswing.fr\/wp-content\/uploads\/2025\/06\/54482245285_ce5735caa7_o-768x511.jpg",768,511,true],"large":["https:\/\/lemonswing.fr\/wp-content\/uploads\/2025\/06\/54482245285_ce5735caa7_o-1024x681.jpg",1024,681,true],"1536x1536":["https:\/\/lemonswing.fr\/wp-content\/uploads\/2025\/06\/54482245285_ce5735caa7_o.jpg",1200,798,false],"2048x2048":["https:\/\/lemonswing.fr\/wp-content\/uploads\/2025\/06\/54482245285_ce5735caa7_o.jpg",1200,798,false],"newspack-article-block-landscape-large":["https:\/\/lemonswing.fr\/wp-content\/uploads\/2025\/06\/54482245285_ce5735caa7_o.jpg",1200,798,false],"newspack-article-block-portrait-large":["https:\/\/lemonswing.fr\/wp-content\/uploads\/2025\/06\/54482245285_ce5735caa7_o-900x798.jpg",900,798,true],"newspack-article-block-square-large":["https:\/\/lemonswing.fr\/wp-content\/uploads\/2025\/06\/54482245285_ce5735caa7_o.jpg",1200,798,false],"newspack-article-block-landscape-medium":["https:\/\/lemonswing.fr\/wp-content\/uploads\/2025\/06\/54482245285_ce5735caa7_o-800x600.jpg",800,600,true],"newspack-article-block-portrait-medium":["https:\/\/lemonswing.fr\/wp-content\/uploads\/2025\/06\/54482245285_ce5735caa7_o-600x798.jpg",600,798,true],"newspack-article-block-square-medium":["https:\/\/lemonswing.fr\/wp-content\/uploads\/2025\/06\/54482245285_ce5735caa7_o-800x798.jpg",800,798,true],"newspack-article-block-landscape-intermediate":["https:\/\/lemonswing.fr\/wp-content\/uploads\/2025\/06\/54482245285_ce5735caa7_o-600x450.jpg",600,450,true],"newspack-article-block-portrait-intermediate":["https:\/\/lemonswing.fr\/wp-content\/uploads\/2025\/06\/54482245285_ce5735caa7_o-450x600.jpg",450,600,true],"newspack-article-block-square-intermediate":["https:\/\/lemonswing.fr\/wp-content\/uploads\/2025\/06\/54482245285_ce5735caa7_o-600x600.jpg",600,600,true],"newspack-article-block-landscape-small":["https:\/\/lemonswing.fr\/wp-content\/uploads\/2025\/06\/54482245285_ce5735caa7_o-400x300.jpg",400,300,true],"newspack-article-block-portrait-small":["https:\/\/lemonswing.fr\/wp-content\/uploads\/2025\/06\/54482245285_ce5735caa7_o-300x400.jpg",300,400,true],"newspack-article-block-square-small":["https:\/\/lemonswing.fr\/wp-content\/uploads\/2025\/06\/54482245285_ce5735caa7_o-400x400.jpg",400,400,true],"newspack-article-block-landscape-tiny":["https:\/\/lemonswing.fr\/wp-content\/uploads\/2025\/06\/54482245285_ce5735caa7_o-200x150.jpg",200,150,true],"newspack-article-block-portrait-tiny":["https:\/\/lemonswing.fr\/wp-content\/uploads\/2025\/06\/54482245285_ce5735caa7_o-150x200.jpg",150,200,true],"newspack-article-block-square-tiny":["https:\/\/lemonswing.fr\/wp-content\/uploads\/2025\/06\/54482245285_ce5735caa7_o-200x200.jpg",200,200,true],"newspack-article-block-uncropped":["https:\/\/lemonswing.fr\/wp-content\/uploads\/2025\/06\/54482245285_ce5735caa7_o.jpg",1200,798,false]},"uagb_author_info":{"display_name":"lelaumic","author_link":"https:\/\/lemonswing.fr\/?author=2"},"uagb_comment_info":0,"uagb_excerpt":"Lemon Swing propose, en compl\u00e9ment du Lemon Swing Festival sur tout un week-end, de participer \u00e0 des ateliers\/workshops sur une journ\u00e9e, en invitant un ou plusieurs professeurs ext\u00e9rieurs \u00e0 l\u2019association...","_links":{"self":[{"href":"https:\/\/lemonswing.fr\/index.php?rest_route=\/wp\/v2\/pages\/983","targetHints":{"allow":["GET"]}}],"collection":[{"href":"https:\/\/lemonswing.fr\/index.php?rest_route=\/wp\/v2\/pages"}],"about":[{"href":"https:\/\/lemonswing.fr\/index.php?rest_route=\/wp\/v2\/types\/page"}],"author":[{"embeddable":true,"href":"https:\/\/lemonswing.fr\/index.php?rest_route=\/wp\/v2\/users\/2"}],"replies":[{"embeddable":true,"href":"https:\/\/lemonswing.fr\/index.php?rest_route=%2Fwp%2Fv2%2Fcomments&post=983"}],"version-history":[{"count":2,"href":"https:\/\/lemonswing.fr\/index.php?rest_route=\/wp\/v2\/pages\/983\/revisions"}],"predecessor-version":[{"id":1012,"href":"https:\/\/lemonswing.fr\/index.php?rest_route=\/wp\/v2\/pages\/983\/revisions\/1012"}],"wp:featuredmedia":[{"embeddable":true,"href":"https:\/\/lemonswing.fr\/index.php?rest_route=\/wp\/v2\/media\/906"}],"wp:attachment":[{"href":"https:\/\/lemonswing.fr\/index.php?rest_route=%2Fwp%2Fv2%2Fmedia&parent=983"}],"curies":[{"name":"wp","href":"https:\/\/api.w.org\/{rel}","templated":true}]}}